{"id":1949,"date":"2024-05-22T10:16:56","date_gmt":"2024-05-22T10:16:56","guid":{"rendered":"https:\/\/plazadetorosdesantander.com\/santander-bulls-schedule\/"},"modified":"2025-05-16T09:41:57","modified_gmt":"2025-05-16T09:41:57","slug":"santander-bulls-schedule","status":"publish","type":"page","link":"https:\/\/plazadetorosdesantander.com\/en\/santander-bulls-schedule\/","title":{"rendered":"Santander Bulls schedule"},"content":{"rendered":"<section class=\"l-section wpb_row height_medium\"><div class=\"l-section-h i-cf\"><div class=\"g-cols vc_row via_grid cols_2 laptops-cols_inherit tablets-cols_inherit mobiles-cols_1 valign_top type_default stacking_default\"><div class=\"wpb_column vc_column_container\"><div class=\"vc_column-inner\"><div class=\"wpb_text_column\"><div class=\"wpb_wrapper\"><h1>Santander 2025 schedule<\/h1>\n<p>Below we show you the new schedule for the bullfighting fair of Santiago, Santander 2025<\/p>\n\n<table id=\"tablepress-2\" class=\"tablepress tablepress-id-2\">\n<thead>\n<tr class=\"row-1\">\n\t<th class=\"column-1\">Bullfighting event<\/th><th class=\"column-2\">Day<\/th><th class=\"column-3\">Bullfighters who participate<\/th>\n<\/tr>\n<\/thead>\n<tbody class=\"row-striping row-hover\">\n<tr class=\"row-2\">\n\t<td class=\"column-1\">Novillada<\/td><td class=\"column-2\">July 19th<\/td><td class=\"column-3\">El Parralejo para Diego Bastos, Bruno Aloi y El Mene<\/td>\n<\/tr>\n<tr class=\"row-3\">\n\t<td class=\"column-1\">Bullfight<\/td><td class=\"column-2\">July 20th<\/td><td class=\"column-3\">Los Espartales para Andy Cartagena y Diego Ventura<\/td>\n<\/tr>\n<tr class=\"row-4\">\n\t<td class=\"column-1\">Bullfight<\/td><td class=\"column-2\">July 21th<\/td><td class=\"column-3\">Juan Pedro Domecq para Fortes, Fernando Adri\u00e1n y Borja Jim\u00e9nez<\/td>\n<\/tr>\n<tr class=\"row-5\">\n\t<td class=\"column-1\">Bullfight<\/td><td class=\"column-2\">July 22th<\/td><td class=\"column-3\">Miura para Escribano, Galv\u00e1n y Casta\u00f1o<\/td>\n<\/tr>\n<tr class=\"row-6\">\n\t<td class=\"column-1\">Bullfight<\/td><td class=\"column-2\">July 23th<\/td><td class=\"column-3\">El Pilar, Hern\u00e1ndez y N\u00fa\u00f1ez para Morante y Ortega<\/td>\n<\/tr>\n<tr class=\"row-7\">\n\t<td class=\"column-1\">Bullfight<\/td><td class=\"column-2\">July 24th<\/td><td class=\"column-3\">El Puerto de San Lorenzo\/La Ventana del Puerto para Talavante, De Justo y Marco P\u00e9rez<\/td>\n<\/tr>\n<tr class=\"row-8\">\n\t<td class=\"column-1\">Bullfight<\/td><td class=\"column-2\">July 25th<\/td><td class=\"column-3\">Victorino Mart\u00edn para El Cid, Roca Rey y Jarocho<\/td>\n<\/tr>\n<tr class=\"row-9\">\n\t<td class=\"column-1\">Bullfight<\/td><td class=\"column-2\">July 26th<\/td><td class=\"column-3\">Domingo Hern\u00e1ndez para Cayetano, Ortega y Roca Rey<\/td>\n<\/tr>\n<\/tbody>\n<\/table>\n\n<p>All those interested who wish to buy their tickets for the Santander 2025 bulls can do so on our website.<\/p>\n<\/div><\/div><\/div><\/div><div class=\"wpb_column vc_column_container\"><div class=\"vc_column-inner\"><div class=\"w-image align_none\"><div class=\"w-image-h\"><img decoding=\"async\" width=\"500\" height=\"1000\" src=\"https:\/\/plazadetorosdesantander.com\/wp-content\/uploads\/2025\/05\/Cartel-toros-santander-2025.webp\" class=\"attachment-large size-large\" alt=\"\" loading=\"lazy\" srcset=\"https:\/\/plazadetorosdesantander.com\/wp-content\/uploads\/2025\/05\/Cartel-toros-santander-2025.webp 500w, https:\/\/plazadetorosdesantander.com\/wp-content\/uploads\/2025\/05\/Cartel-toros-santander-2025-150x300.webp 150w\" sizes=\"auto, (max-width: 500px) 100vw, 500px\" \/><\/div><\/div><\/div><\/div><\/div><\/div><\/section><section class=\"l-section wpb_row height_medium\"><div class=\"l-section-h i-cf\"><div class=\"g-cols vc_row via_grid cols_1 laptops-cols_inherit tablets-cols_inherit mobiles-cols_1 valign_top type_default stacking_default\"><div class=\"wpb_column vc_column_container\"><div class=\"vc_column-inner\"><div class=\"wpb_text_column\"><div class=\"wpb_wrapper\"><h2 style=\"text-align: center;\">Bull tickets available<\/h2>\n<\/div><\/div><div class=\"w-separator size_medium\"><\/div><div class=\"w-grid us_product_list type_grid layout_shop_standard no_results cols_4 preload_style_spinner\" id=\"us_product_list_g14d\" style=\"--columns:4;--gap:1.5rem;\"><style>@media (max-width:1024px){#us_product_list_g14d{--columns:2!important}}@media (max-width:600px){#us_product_list_g14d{--columns:1!important}}.layout_shop_standard .w-grid-item-h{}.layout_shop_standard .usg_product_field_1{color:#fff!important;font-size:12px!important;font-weight:700!important;text-transform:uppercase!important;position:absolute!important;top:10px!important;left:10px!important;padding-left:0.8rem!important;padding-right:0.8rem!important;border-radius:9em!important;background:var(--color-content-primary)!important}.layout_shop_standard .usg_post_title_1{font-size:1rem!important;margin-top:0.8rem!important;margin-bottom:0.2rem!important}.layout_shop_standard .usg_product_field_2{margin-bottom:0.2rem!important}.layout_shop_standard .usg_product_field_3{font-weight:700!important}.layout_shop_standard .usg_add_to_cart_1{font-size:0.8rem!important;margin-top:0.4rem!important;border-radius:var(--site-border-radius)!important}<\/style><div class=\"w-grid-list\"><\/div><div class=\"g-loadmore hidden\"><div class=\"g-preloader type_1\"><div><\/div><\/div><\/div><div class=\"w-grid-list-json hidden\" onclick='return {&quot;max_num_pages&quot;:0,&quot;paginationBase&quot;:&quot;page&quot;,&quot;pagination&quot;:&quot;none&quot;,&quot;paged&quot;:1,&quot;ajaxData&quot;:{&quot;action&quot;:&quot;us_ajax_product_list&quot;,&quot;meta_type&quot;:&quot;post&quot;,&quot;object_id&quot;:0,&quot;template_vars&quot;:{&quot;shortcode_base&quot;:&quot;us_product_list&quot;,&quot;paged&quot;:1,&quot;max_num_pages&quot;:0,&quot;no_results&quot;:true,&quot;is_product_list&quot;:true,&quot;found_posts&quot;:0,&quot;per_page&quot;:12,&quot;items_count&quot;:0,&quot;orderby_random_seed&quot;:null,&quot;source&quot;:&quot;all&quot;,&quot;ids&quot;:&quot;&quot;,&quot;apply_url_params&quot;:0,&quot;onsale_only&quot;:0,&quot;featured_only&quot;:0,&quot;exclude_out_of_stock&quot;:0,&quot;exclude_hidden&quot;:1,&quot;exclude_current_product&quot;:1,&quot;exclude_prev_posts&quot;:0,&quot;enable_items_offset&quot;:0,&quot;items_offset&quot;:&quot;1&quot;,&quot;price_compare&quot;:&quot;none&quot;,&quot;price&quot;:&quot;99.99&quot;,&quot;price_max&quot;:&quot;299.99&quot;,&quot;tax_query_relation&quot;:&quot;none&quot;,&quot;tax_query&quot;:[{&quot;operator&quot;:&quot;IN&quot;,&quot;taxonomy&quot;:&quot;product_cat&quot;,&quot;terms&quot;:&quot;&quot;,&quot;include_children&quot;:0}],&quot;meta_query_relation&quot;:&quot;none&quot;,&quot;meta_query&quot;:[{&quot;key&quot;:&quot;custom_field_name&quot;,&quot;compare&quot;:&quot;=&quot;,&quot;value&quot;:&quot;&quot;}],&quot;orderby&quot;:&quot;date&quot;,&quot;orderby_custom_field&quot;:&quot;&quot;,&quot;orderby_recent_sales_days&quot;:&quot;30&quot;,&quot;orderby_custom_type&quot;:0,&quot;order_invert&quot;:0,&quot;show_all&quot;:0,&quot;quantity&quot;:&quot;12&quot;,&quot;posts_per_archive_page&quot;:0,&quot;no_items_action&quot;:&quot;message&quot;,&quot;no_items_message&quot;:&quot;No results found.&quot;,&quot;no_items_page_block&quot;:&quot;&quot;,&quot;pagination&quot;:&quot;none&quot;,&quot;pagination_style&quot;:&quot;&quot;,&quot;pagination_btn_text&quot;:&quot;Load More&quot;,&quot;pagination_btn_size&quot;:&quot;&quot;,&quot;pagination_btn_style&quot;:&quot;1&quot;,&quot;pagination_btn_fullwidth&quot;:0,&quot;items_layout&quot;:&quot;shop_standard&quot;,&quot;type&quot;:&quot;grid&quot;,&quot;items_valign&quot;:0,&quot;ignore_items_size&quot;:0,&quot;columns&quot;:&quot;4&quot;,&quot;items_gap&quot;:&quot;1.5rem&quot;,&quot;load_animation&quot;:&quot;none&quot;,&quot;items_preload_style&quot;:&quot;spinner&quot;,&quot;img_size&quot;:&quot;default&quot;,&quot;title_size&quot;:&quot;&quot;,&quot;items_ratio&quot;:&quot;default&quot;,&quot;items_ratio_width&quot;:&quot;21&quot;,&quot;items_ratio_height&quot;:&quot;9&quot;,&quot;overriding_link&quot;:&quot;%7B%22url%22%3A%22%22%7D&quot;,&quot;popup_page_template&quot;:&quot;0&quot;,&quot;popup_width&quot;:&quot;&quot;,&quot;popup_arrows&quot;:1,&quot;breakpoint_1_width&quot;:&quot;1381px&quot;,&quot;breakpoint_1_cols&quot;:&quot;default&quot;,&quot;breakpoint_1_quantity&quot;:&quot;&quot;,&quot;breakpoint_1_gap&quot;:&quot;&quot;,&quot;breakpoint_2_width&quot;:&quot;1025px&quot;,&quot;breakpoint_2_cols&quot;:&quot;2&quot;,&quot;breakpoint_2_quantity&quot;:&quot;&quot;,&quot;breakpoint_2_gap&quot;:&quot;&quot;,&quot;breakpoint_3_width&quot;:&quot;601px&quot;,&quot;breakpoint_3_cols&quot;:&quot;1&quot;,&quot;breakpoint_3_quantity&quot;:&quot;&quot;,&quot;breakpoint_3_gap&quot;:&quot;&quot;,&quot;conditions_operator&quot;:&quot;always&quot;,&quot;conditions&quot;:[],&quot;css&quot;:null,&quot;el_class&quot;:&quot;&quot;,&quot;el_id&quot;:&quot;&quot;,&quot;enable_custom_html_atts&quot;:0,&quot;custom_html_atts&quot;:null,&quot;hide_on_states&quot;:&quot;&quot;,&quot;hide_for_sticky&quot;:0,&quot;hide_for_not_sticky&quot;:0,&quot;hide_below&quot;:&quot;0px&quot;,&quot;hide_above&quot;:&quot;0px&quot;,&quot;classes&quot;:&quot;&quot;},&quot;found_posts&quot;:0,&quot;per_page&quot;:12},&quot;facetedFilter&quot;:[]}'><\/div><\/div><div class=\"w-grid-none type_message\">No results found.<\/div><\/div><\/div><\/div><\/div><\/section><section class=\"l-section wpb_row height_medium\"><div class=\"l-section-h i-cf\"><div class=\"g-cols vc_row via_grid cols_1 laptops-cols_inherit tablets-cols_inherit mobiles-cols_1 valign_top type_default stacking_default\"><div class=\"wpb_column vc_column_container\"><div class=\"vc_column-inner\"><div class=\"wpb_text_column\"><div class=\"wpb_wrapper\"><h2>What is special about the new Santander bullfighting poster?<\/h2>\n<p>The new bullfighting poster for the Santiago de Santander 2025 fair has 7 bullfighting events. Specifically, there will be 5 bullfights, 1 rejones and 1 novillada. The best thing about this bullfighting fair is the quality of the bullfighters who will attend, among them are such important bullfighting figures as Morante de la Puebla, Roca Rey, Tom\u00e1s Rufo, Diego Ventura, Manzanares, Cayetano, etc&#8230;<\/p>\n<\/div><\/div><\/div><\/div><\/div><\/div><\/section>\n","protected":false},"excerpt":{"rendered":"Santander 2025 schedule Below we show you the new schedule for the bullfighting fair of Santiago, Santander 2025 Bullfighting eventDayBullfighters who participate NovilladaJuly 19thEl Parralejo para Diego Bastos, Bruno Aloi y El Mene BullfightJuly 20thLos Espartales para Andy Cartagena y Diego Ventura BullfightJuly 21thJuan Pedro Domecq para Fortes, Fernando Adri\u00e1n y Borja Jim\u00e9nez BullfightJuly 22thMiura...","protected":false},"author":2,"featured_media":820,"parent":0,"menu_order":0,"comment_status":"closed","ping_status":"closed","template":"","meta":{"footnotes":""},"class_list":["post-1949","page","type-page","status-publish","has-post-thumbnail","hentry"],"yoast_head":"<!-- This site is optimized with the Yoast SEO plugin v27.3 - https:\/\/yoast.com\/product\/yoast-seo-wordpress\/ -->\n<title>Santander Bulls Schedule 2025 | Santander Bullring<\/title>\n<meta name=\"description\" content=\"Discover the new Toros Santander 2025 schedule and come enjoy the Santiago fair with the best bullfighters in the world. Now available!\" \/>\n<meta name=\"robots\" content=\"index, follow, max-snippet:-1, max-image-preview:large, max-video-preview:-1\" \/>\n<link rel=\"canonical\" href=\"https:\/\/plazadetorosdesantander.com\/en\/santander-bulls-schedule\/\" \/>\n<meta property=\"og:locale\" content=\"en_US\" \/>\n<meta property=\"og:type\" content=\"article\" \/>\n<meta property=\"og:title\" content=\"Santander Bulls Schedule 2025 | Santander Bullring\" \/>\n<meta property=\"og:description\" content=\"Discover the new Toros Santander 2025 schedule and come enjoy the Santiago fair with the best bullfighters in the world. Now available!\" \/>\n<meta property=\"og:url\" content=\"https:\/\/plazadetorosdesantander.com\/en\/santander-bulls-schedule\/\" \/>\n<meta property=\"og:site_name\" content=\"Plaza Toros Santander\" \/>\n<meta property=\"article:modified_time\" content=\"2025-05-16T09:41:57+00:00\" \/>\n<meta property=\"og:image\" content=\"https:\/\/plazadetorosdesantander.com\/wp-content\/uploads\/2024\/05\/Abonos-toros-santander-2024.webp\" \/>\n\t<meta property=\"og:image:width\" content=\"1080\" \/>\n\t<meta property=\"og:image:height\" content=\"1080\" \/>\n\t<meta property=\"og:image:type\" content=\"image\/webp\" \/>\n<meta name=\"twitter:card\" content=\"summary_large_image\" \/>\n<meta name=\"twitter:label1\" content=\"Est. reading time\" \/>\n\t<meta name=\"twitter:data1\" content=\"1 minute\" \/>\n<script type=\"application\/ld+json\" class=\"yoast-schema-graph\">{\"@context\":\"https:\\\/\\\/schema.org\",\"@graph\":[{\"@type\":\"WebPage\",\"@id\":\"https:\\\/\\\/plazadetorosdesantander.com\\\/en\\\/santander-bulls-schedule\\\/\",\"url\":\"https:\\\/\\\/plazadetorosdesantander.com\\\/en\\\/santander-bulls-schedule\\\/\",\"name\":\"Santander Bulls Schedule 2025 | Santander Bullring\",\"isPartOf\":{\"@id\":\"https:\\\/\\\/plazadetorosdesantander.com\\\/en\\\/#website\"},\"primaryImageOfPage\":{\"@id\":\"https:\\\/\\\/plazadetorosdesantander.com\\\/en\\\/santander-bulls-schedule\\\/#primaryimage\"},\"image\":{\"@id\":\"https:\\\/\\\/plazadetorosdesantander.com\\\/en\\\/santander-bulls-schedule\\\/#primaryimage\"},\"thumbnailUrl\":\"https:\\\/\\\/plazadetorosdesantander.com\\\/wp-content\\\/uploads\\\/2024\\\/05\\\/Abonos-toros-santander-2024.webp\",\"datePublished\":\"2024-05-22T10:16:56+00:00\",\"dateModified\":\"2025-05-16T09:41:57+00:00\",\"description\":\"Discover the new Toros Santander 2025 schedule and come enjoy the Santiago fair with the best bullfighters in the world. Now available!\",\"breadcrumb\":{\"@id\":\"https:\\\/\\\/plazadetorosdesantander.com\\\/en\\\/santander-bulls-schedule\\\/#breadcrumb\"},\"inLanguage\":\"en-US\",\"potentialAction\":[{\"@type\":\"ReadAction\",\"target\":[\"https:\\\/\\\/plazadetorosdesantander.com\\\/en\\\/santander-bulls-schedule\\\/\"]}]},{\"@type\":\"ImageObject\",\"inLanguage\":\"en-US\",\"@id\":\"https:\\\/\\\/plazadetorosdesantander.com\\\/en\\\/santander-bulls-schedule\\\/#primaryimage\",\"url\":\"https:\\\/\\\/plazadetorosdesantander.com\\\/wp-content\\\/uploads\\\/2024\\\/05\\\/Abonos-toros-santander-2024.webp\",\"contentUrl\":\"https:\\\/\\\/plazadetorosdesantander.com\\\/wp-content\\\/uploads\\\/2024\\\/05\\\/Abonos-toros-santander-2024.webp\",\"width\":1080,\"height\":1080,\"caption\":\"Santiago Santander 2024 fair subscriptions\"},{\"@type\":\"BreadcrumbList\",\"@id\":\"https:\\\/\\\/plazadetorosdesantander.com\\\/en\\\/santander-bulls-schedule\\\/#breadcrumb\",\"itemListElement\":[{\"@type\":\"ListItem\",\"position\":1,\"name\":\"Portada\",\"item\":\"https:\\\/\\\/plazadetorosdesantander.com\\\/en\\\/home\\\/\"},{\"@type\":\"ListItem\",\"position\":2,\"name\":\"Santander Bulls schedule\"}]},{\"@type\":\"WebSite\",\"@id\":\"https:\\\/\\\/plazadetorosdesantander.com\\\/en\\\/#website\",\"url\":\"https:\\\/\\\/plazadetorosdesantander.com\\\/en\\\/\",\"name\":\"Plaza Toros Santander\",\"description\":\"P\u00e1gina oficial Plaza de Toros Santander\",\"potentialAction\":[{\"@type\":\"SearchAction\",\"target\":{\"@type\":\"EntryPoint\",\"urlTemplate\":\"https:\\\/\\\/plazadetorosdesantander.com\\\/en\\\/?s={search_term_string}\"},\"query-input\":{\"@type\":\"PropertyValueSpecification\",\"valueRequired\":true,\"valueName\":\"search_term_string\"}}],\"inLanguage\":\"en-US\"}]}<\/script>\n<!-- \/ Yoast SEO plugin. -->","yoast_head_json":{"title":"Santander Bulls Schedule 2025 | Santander Bullring","description":"Discover the new Toros Santander 2025 schedule and come enjoy the Santiago fair with the best bullfighters in the world. Now available!","robots":{"index":"index","follow":"follow","max-snippet":"max-snippet:-1","max-image-preview":"max-image-preview:large","max-video-preview":"max-video-preview:-1"},"canonical":"https:\/\/plazadetorosdesantander.com\/en\/santander-bulls-schedule\/","og_locale":"en_US","og_type":"article","og_title":"Santander Bulls Schedule 2025 | Santander Bullring","og_description":"Discover the new Toros Santander 2025 schedule and come enjoy the Santiago fair with the best bullfighters in the world. Now available!","og_url":"https:\/\/plazadetorosdesantander.com\/en\/santander-bulls-schedule\/","og_site_name":"Plaza Toros Santander","article_modified_time":"2025-05-16T09:41:57+00:00","og_image":[{"width":1080,"height":1080,"url":"https:\/\/plazadetorosdesantander.com\/wp-content\/uploads\/2024\/05\/Abonos-toros-santander-2024.webp","type":"image\/webp"}],"twitter_card":"summary_large_image","twitter_misc":{"Est. reading time":"1 minute"},"schema":{"@context":"https:\/\/schema.org","@graph":[{"@type":"WebPage","@id":"https:\/\/plazadetorosdesantander.com\/en\/santander-bulls-schedule\/","url":"https:\/\/plazadetorosdesantander.com\/en\/santander-bulls-schedule\/","name":"Santander Bulls Schedule 2025 | Santander Bullring","isPartOf":{"@id":"https:\/\/plazadetorosdesantander.com\/en\/#website"},"primaryImageOfPage":{"@id":"https:\/\/plazadetorosdesantander.com\/en\/santander-bulls-schedule\/#primaryimage"},"image":{"@id":"https:\/\/plazadetorosdesantander.com\/en\/santander-bulls-schedule\/#primaryimage"},"thumbnailUrl":"https:\/\/plazadetorosdesantander.com\/wp-content\/uploads\/2024\/05\/Abonos-toros-santander-2024.webp","datePublished":"2024-05-22T10:16:56+00:00","dateModified":"2025-05-16T09:41:57+00:00","description":"Discover the new Toros Santander 2025 schedule and come enjoy the Santiago fair with the best bullfighters in the world. Now available!","breadcrumb":{"@id":"https:\/\/plazadetorosdesantander.com\/en\/santander-bulls-schedule\/#breadcrumb"},"inLanguage":"en-US","potentialAction":[{"@type":"ReadAction","target":["https:\/\/plazadetorosdesantander.com\/en\/santander-bulls-schedule\/"]}]},{"@type":"ImageObject","inLanguage":"en-US","@id":"https:\/\/plazadetorosdesantander.com\/en\/santander-bulls-schedule\/#primaryimage","url":"https:\/\/plazadetorosdesantander.com\/wp-content\/uploads\/2024\/05\/Abonos-toros-santander-2024.webp","contentUrl":"https:\/\/plazadetorosdesantander.com\/wp-content\/uploads\/2024\/05\/Abonos-toros-santander-2024.webp","width":1080,"height":1080,"caption":"Santiago Santander 2024 fair subscriptions"},{"@type":"BreadcrumbList","@id":"https:\/\/plazadetorosdesantander.com\/en\/santander-bulls-schedule\/#breadcrumb","itemListElement":[{"@type":"ListItem","position":1,"name":"Portada","item":"https:\/\/plazadetorosdesantander.com\/en\/home\/"},{"@type":"ListItem","position":2,"name":"Santander Bulls schedule"}]},{"@type":"WebSite","@id":"https:\/\/plazadetorosdesantander.com\/en\/#website","url":"https:\/\/plazadetorosdesantander.com\/en\/","name":"Plaza Toros Santander","description":"P\u00e1gina oficial Plaza de Toros Santander","potentialAction":[{"@type":"SearchAction","target":{"@type":"EntryPoint","urlTemplate":"https:\/\/plazadetorosdesantander.com\/en\/?s={search_term_string}"},"query-input":{"@type":"PropertyValueSpecification","valueRequired":true,"valueName":"search_term_string"}}],"inLanguage":"en-US"}]}},"_links":{"self":[{"href":"https:\/\/plazadetorosdesantander.com\/en\/wp-json\/wp\/v2\/pages\/1949","targetHints":{"allow":["GET"]}}],"collection":[{"href":"https:\/\/plazadetorosdesantander.com\/en\/wp-json\/wp\/v2\/pages"}],"about":[{"href":"https:\/\/plazadetorosdesantander.com\/en\/wp-json\/wp\/v2\/types\/page"}],"author":[{"embeddable":true,"href":"https:\/\/plazadetorosdesantander.com\/en\/wp-json\/wp\/v2\/users\/2"}],"replies":[{"embeddable":true,"href":"https:\/\/plazadetorosdesantander.com\/en\/wp-json\/wp\/v2\/comments?post=1949"}],"version-history":[{"count":6,"href":"https:\/\/plazadetorosdesantander.com\/en\/wp-json\/wp\/v2\/pages\/1949\/revisions"}],"predecessor-version":[{"id":5412,"href":"https:\/\/plazadetorosdesantander.com\/en\/wp-json\/wp\/v2\/pages\/1949\/revisions\/5412"}],"wp:featuredmedia":[{"embeddable":true,"href":"https:\/\/plazadetorosdesantander.com\/en\/wp-json\/wp\/v2\/media\/820"}],"wp:attachment":[{"href":"https:\/\/plazadetorosdesantander.com\/en\/wp-json\/wp\/v2\/media?parent=1949"}],"curies":[{"name":"wp","href":"https:\/\/api.w.org\/{rel}","templated":true}]}}