{"id":268,"date":"2024-04-02T13:38:54","date_gmt":"2024-04-02T13:38:54","guid":{"rendered":"https:\/\/plazadetorosdesantander.com\/fertilizers\/"},"modified":"2024-07-09T11:24:12","modified_gmt":"2024-07-09T11:24:12","slug":"subscriptions","status":"publish","type":"page","link":"https:\/\/plazadetorosdesantander.com\/en\/subscriptions\/","title":{"rendered":"Subscriptions"},"content":{"rendered":"<section class=\"l-section wpb_row us_custom_c70c97eb height_medium\"><div class=\"l-section-h i-cf\"><div class=\"g-cols vc_row via_grid cols_2 laptops-cols_inherit tablets-cols_1 mobiles-cols_1 valign_middle type_default stacking_default\" style=\"--columns-gap:4vw;\"><div class=\"wpb_column vc_column_container us_custom_04bc1869\"><div class=\"vc_column-inner\"><h1 class=\"w-text us_custom_2774bef1\"><span class=\"w-text-h\"><span class=\"w-text-value\">Bullfighting season tickets Santander<\/span><\/span><\/h1><div class=\"w-separator size_medium\"><\/div><div class=\"w-hwrapper us_custom_feadd1a9 valign_top wrap align_none\" style=\"--hwrapper-gap:2.2rem\"><div class=\"wpb_text_column\"><div class=\"wpb_wrapper\"><p><strong>Save money<br \/>\n<\/strong>up to 20% discount<\/p>\n<\/div><\/div><div class=\"wpb_text_column\"><div class=\"wpb_wrapper\"><p><strong>Availability<\/strong><br \/>\nuntil July 8<\/p>\n<\/div><\/div><\/div><div class=\"w-separator size_medium\"><\/div><div class=\"w-btn-wrapper align_none\"><a class=\"w-btn us-btn-style_1 us_custom_510ba617 icon_atleft\" href=\"#\"><i class=\"material-icons\">task_alt<\/i><span class=\"w-btn-label\">No available<\/span><\/a><\/div><\/div><\/div><div class=\"wpb_column vc_column_container\"><div class=\"vc_column-inner\"><div class=\"w-image us_custom_be776f20 style_shadow-2 has_ratio align_none\"><div class=\"w-image-h\"><div style=\"padding-bottom:100%\"><\/div><div class=\"w-image-shadow\" style=\"background-image:url(https:\/\/plazadetorosdesantander.com\/wp-content\/uploads\/2024\/05\/Abonos-toros-santander-2024-1024x1024.webp);\"><\/div><img decoding=\"async\" width=\"1024\" height=\"1024\" src=\"https:\/\/plazadetorosdesantander.com\/wp-content\/uploads\/2024\/05\/Abonos-toros-santander-2024-1024x1024.webp\" class=\"attachment-large size-large\" alt=\"Santiago Santander 2024 fair subscriptions\" loading=\"lazy\" \/><\/div><\/div><\/div><\/div><\/div><\/div><\/section><section class=\"l-section wpb_row height_medium\"><div class=\"l-section-h i-cf\"><div class=\"g-cols vc_row via_grid cols_1 laptops-cols_inherit tablets-cols_inherit mobiles-cols_1 valign_top type_default stacking_default\"><div class=\"wpb_column vc_column_container\"><div class=\"vc_column-inner\"><div class=\"wpb_text_column us_custom_435c636a\"><div class=\"wpb_wrapper\"><h2 style=\"text-align: center;\">What do subscriptions include?<\/h2>\n<\/div><\/div><div class=\"w-separator size_medium\"><\/div><div class=\"g-cols wpb_row via_grid cols_3 laptops-cols_inherit tablets-cols_inherit mobiles-cols_1 valign_top type_default stacking_default\" style=\"--columns-gap:3rem;\"><div class=\"wpb_column vc_column_container\"><div class=\"vc_column-inner\"><div class=\"w-iconbox us_custom_13427bc9 iconpos_top style_circle color_primary align_left\"><div class=\"w-iconbox-icon\" style=\"font-size:1.8rem;\"><i class=\"fas fa-ticket\"><\/i><\/div><div class=\"w-iconbox-meta\"><h4 class=\"w-iconbox-title\">7 Entries<\/h4><div class=\"w-iconbox-text\"><p>Tickets with location to be chosen by the spectator for the entire bullfighting fair in Cordoba.<\/p>\n<\/div><\/div><\/div><\/div><\/div><div class=\"wpb_column vc_column_container\"><div class=\"vc_column-inner\"><div class=\"w-iconbox us_custom_13427bc9 iconpos_top style_circle color_primary align_left\"><div class=\"w-iconbox-icon\" style=\"font-size:1.8rem;\"><i class=\"fas fa-percent\"><\/i><\/div><div class=\"w-iconbox-meta\"><h4 class=\"w-iconbox-title\">20% discount<\/h4><div class=\"w-iconbox-text\"><p>Save 20% off when you buy your season ticket instead of individual tickets at the box office.<\/p>\n<\/div><\/div><\/div><\/div><\/div><div class=\"wpb_column vc_column_container\"><div class=\"vc_column-inner\"><div class=\"w-iconbox us_custom_13427bc9 iconpos_top style_circle color_primary align_left\"><div class=\"w-iconbox-icon\" style=\"font-size:1.8rem;\"><i class=\"fas fa-star-christmas\"><\/i><\/div><div class=\"w-iconbox-meta\"><h4 class=\"w-iconbox-title\">Locations<\/h4><div class=\"w-iconbox-text\"><p>Choose the best seats in the plaza before anyone else. You will have priority purchase over box office ticket sales.<\/p>\n<\/div><\/div><\/div><\/div><\/div><\/div><\/div><\/div><\/div><\/div><\/section><section class=\"l-section wpb_row height_medium\"><div class=\"l-section-h i-cf\"><div class=\"g-cols vc_row via_grid cols_1 laptops-cols_inherit tablets-cols_inherit mobiles-cols_1 valign_top type_default stacking_default\"><div class=\"wpb_column vc_column_container\"><div class=\"vc_column-inner\"><div class=\"wpb_text_column\"><div class=\"wpb_wrapper\"><p style=\"text-align: center;\">\n<table id=\"tablepress-2\" class=\"tablepress tablepress-id-2\">\n<thead>\n<tr class=\"row-1\">\n\t<th class=\"column-1\">Bullfighting event<\/th><th class=\"column-2\">Day<\/th><th class=\"column-3\">Bullfighters who participate<\/th>\n<\/tr>\n<\/thead>\n<tbody class=\"row-striping row-hover\">\n<tr class=\"row-2\">\n\t<td class=\"column-1\">Novillada<\/td><td class=\"column-2\">July 19th<\/td><td class=\"column-3\">El Parralejo para Diego Bastos, Bruno Aloi y El Mene<\/td>\n<\/tr>\n<tr class=\"row-3\">\n\t<td class=\"column-1\">Bullfight<\/td><td class=\"column-2\">July 20th<\/td><td class=\"column-3\">Los Espartales para Andy Cartagena y Diego Ventura<\/td>\n<\/tr>\n<tr class=\"row-4\">\n\t<td class=\"column-1\">Bullfight<\/td><td class=\"column-2\">July 21th<\/td><td class=\"column-3\">Juan Pedro Domecq para Fortes, Fernando Adri\u00e1n y Borja Jim\u00e9nez<\/td>\n<\/tr>\n<tr class=\"row-5\">\n\t<td class=\"column-1\">Bullfight<\/td><td class=\"column-2\">July 22th<\/td><td class=\"column-3\">Miura para Escribano, Galv\u00e1n y Casta\u00f1o<\/td>\n<\/tr>\n<tr class=\"row-6\">\n\t<td class=\"column-1\">Bullfight<\/td><td class=\"column-2\">July 23th<\/td><td class=\"column-3\">El Pilar, Hern\u00e1ndez y N\u00fa\u00f1ez para Morante y Ortega<\/td>\n<\/tr>\n<tr class=\"row-7\">\n\t<td class=\"column-1\">Bullfight<\/td><td class=\"column-2\">July 24th<\/td><td class=\"column-3\">El Puerto de San Lorenzo\/La Ventana del Puerto para Talavante, De Justo y Marco P\u00e9rez<\/td>\n<\/tr>\n<tr class=\"row-8\">\n\t<td class=\"column-1\">Bullfight<\/td><td class=\"column-2\">July 25th<\/td><td class=\"column-3\">Victorino Mart\u00edn para El Cid, Roca Rey y Jarocho<\/td>\n<\/tr>\n<tr class=\"row-9\">\n\t<td class=\"column-1\">Bullfight<\/td><td class=\"column-2\">July 26th<\/td><td class=\"column-3\">Domingo Hern\u00e1ndez para Cayetano, Ortega y Roca Rey<\/td>\n<\/tr>\n<\/tbody>\n<\/table>\n<!-- #tablepress-2 from cache --><\/p>\n<\/div><\/div><\/div><\/div><\/div><\/div><\/section>\n","protected":false},"excerpt":{"rendered":"Bullfighting season tickets SantanderSave money up to 20% discount Availability until July 8 task_altNo availableWhat do subscriptions include? 7 EntriesTickets with location to be chosen by the spectator for the entire bullfighting fair in Cordoba. 20% discountSave 20% off when you buy your season ticket instead of individual tickets at the box office. LocationsChoose the...","protected":false},"author":2,"featured_media":0,"parent":0,"menu_order":0,"comment_status":"closed","ping_status":"closed","template":"","meta":{"footnotes":""},"class_list":["post-268","page","type-page","status-publish","hentry"],"yoast_head":"<!-- This site is optimized with the Yoast SEO plugin v27.3 - https:\/\/yoast.com\/product\/yoast-seo-wordpress\/ -->\n<title>\u25b7 Santander Bullring Season Tickets | Advance Booking<\/title>\n<meta name=\"description\" content=\"Santander Bullring Website | Buy and reserve your season ticket for the bullfights of the bullring and save up to 25% of the total amount.\" \/>\n<meta name=\"robots\" content=\"index, follow, max-snippet:-1, max-image-preview:large, max-video-preview:-1\" \/>\n<link rel=\"canonical\" href=\"https:\/\/plazadetorosdesantander.com\/en\/subscriptions\/\" \/>\n<meta property=\"og:locale\" content=\"en_US\" \/>\n<meta property=\"og:type\" content=\"article\" \/>\n<meta property=\"og:title\" content=\"\u25b7 Santander Bullring Season Tickets | Advance Booking\" \/>\n<meta property=\"og:description\" content=\"Santander Bullring Website | Buy and reserve your season ticket for the bullfights of the bullring and save up to 25% of the total amount.\" \/>\n<meta property=\"og:url\" content=\"https:\/\/plazadetorosdesantander.com\/en\/subscriptions\/\" \/>\n<meta property=\"og:site_name\" content=\"Plaza Toros Santander\" \/>\n<meta property=\"article:modified_time\" content=\"2024-07-09T11:24:12+00:00\" \/>\n<meta name=\"twitter:card\" content=\"summary_large_image\" \/>\n<meta name=\"twitter:label1\" content=\"Est. reading time\" \/>\n\t<meta name=\"twitter:data1\" content=\"1 minute\" \/>\n<script type=\"application\/ld+json\" class=\"yoast-schema-graph\">{\"@context\":\"https:\\\/\\\/schema.org\",\"@graph\":[{\"@type\":\"WebPage\",\"@id\":\"https:\\\/\\\/plazadetorosdesantander.com\\\/en\\\/subscriptions\\\/\",\"url\":\"https:\\\/\\\/plazadetorosdesantander.com\\\/en\\\/subscriptions\\\/\",\"name\":\"\u25b7 Santander Bullring Season Tickets | Advance Booking\",\"isPartOf\":{\"@id\":\"https:\\\/\\\/plazadetorosdesantander.com\\\/en\\\/#website\"},\"datePublished\":\"2024-04-02T13:38:54+00:00\",\"dateModified\":\"2024-07-09T11:24:12+00:00\",\"description\":\"Santander Bullring Website | Buy and reserve your season ticket for the bullfights of the bullring and save up to 25% of the total amount.\",\"breadcrumb\":{\"@id\":\"https:\\\/\\\/plazadetorosdesantander.com\\\/en\\\/subscriptions\\\/#breadcrumb\"},\"inLanguage\":\"en-US\",\"potentialAction\":[{\"@type\":\"ReadAction\",\"target\":[\"https:\\\/\\\/plazadetorosdesantander.com\\\/en\\\/subscriptions\\\/\"]}]},{\"@type\":\"BreadcrumbList\",\"@id\":\"https:\\\/\\\/plazadetorosdesantander.com\\\/en\\\/subscriptions\\\/#breadcrumb\",\"itemListElement\":[{\"@type\":\"ListItem\",\"position\":1,\"name\":\"Portada\",\"item\":\"https:\\\/\\\/plazadetorosdesantander.com\\\/en\\\/home\\\/\"},{\"@type\":\"ListItem\",\"position\":2,\"name\":\"Subscriptions\"}]},{\"@type\":\"WebSite\",\"@id\":\"https:\\\/\\\/plazadetorosdesantander.com\\\/en\\\/#website\",\"url\":\"https:\\\/\\\/plazadetorosdesantander.com\\\/en\\\/\",\"name\":\"Plaza Toros Santander\",\"description\":\"P\u00e1gina oficial Plaza de Toros Santander\",\"potentialAction\":[{\"@type\":\"SearchAction\",\"target\":{\"@type\":\"EntryPoint\",\"urlTemplate\":\"https:\\\/\\\/plazadetorosdesantander.com\\\/en\\\/?s={search_term_string}\"},\"query-input\":{\"@type\":\"PropertyValueSpecification\",\"valueRequired\":true,\"valueName\":\"search_term_string\"}}],\"inLanguage\":\"en-US\"}]}<\/script>\n<!-- \/ Yoast SEO plugin. -->","yoast_head_json":{"title":"\u25b7 Santander Bullring Season Tickets | Advance Booking","description":"Santander Bullring Website | Buy and reserve your season ticket for the bullfights of the bullring and save up to 25% of the total amount.","robots":{"index":"index","follow":"follow","max-snippet":"max-snippet:-1","max-image-preview":"max-image-preview:large","max-video-preview":"max-video-preview:-1"},"canonical":"https:\/\/plazadetorosdesantander.com\/en\/subscriptions\/","og_locale":"en_US","og_type":"article","og_title":"\u25b7 Santander Bullring Season Tickets | Advance Booking","og_description":"Santander Bullring Website | Buy and reserve your season ticket for the bullfights of the bullring and save up to 25% of the total amount.","og_url":"https:\/\/plazadetorosdesantander.com\/en\/subscriptions\/","og_site_name":"Plaza Toros Santander","article_modified_time":"2024-07-09T11:24:12+00:00","twitter_card":"summary_large_image","twitter_misc":{"Est. reading time":"1 minute"},"schema":{"@context":"https:\/\/schema.org","@graph":[{"@type":"WebPage","@id":"https:\/\/plazadetorosdesantander.com\/en\/subscriptions\/","url":"https:\/\/plazadetorosdesantander.com\/en\/subscriptions\/","name":"\u25b7 Santander Bullring Season Tickets | Advance Booking","isPartOf":{"@id":"https:\/\/plazadetorosdesantander.com\/en\/#website"},"datePublished":"2024-04-02T13:38:54+00:00","dateModified":"2024-07-09T11:24:12+00:00","description":"Santander Bullring Website | Buy and reserve your season ticket for the bullfights of the bullring and save up to 25% of the total amount.","breadcrumb":{"@id":"https:\/\/plazadetorosdesantander.com\/en\/subscriptions\/#breadcrumb"},"inLanguage":"en-US","potentialAction":[{"@type":"ReadAction","target":["https:\/\/plazadetorosdesantander.com\/en\/subscriptions\/"]}]},{"@type":"BreadcrumbList","@id":"https:\/\/plazadetorosdesantander.com\/en\/subscriptions\/#breadcrumb","itemListElement":[{"@type":"ListItem","position":1,"name":"Portada","item":"https:\/\/plazadetorosdesantander.com\/en\/home\/"},{"@type":"ListItem","position":2,"name":"Subscriptions"}]},{"@type":"WebSite","@id":"https:\/\/plazadetorosdesantander.com\/en\/#website","url":"https:\/\/plazadetorosdesantander.com\/en\/","name":"Plaza Toros Santander","description":"P\u00e1gina oficial Plaza de Toros Santander","potentialAction":[{"@type":"SearchAction","target":{"@type":"EntryPoint","urlTemplate":"https:\/\/plazadetorosdesantander.com\/en\/?s={search_term_string}"},"query-input":{"@type":"PropertyValueSpecification","valueRequired":true,"valueName":"search_term_string"}}],"inLanguage":"en-US"}]}},"_links":{"self":[{"href":"https:\/\/plazadetorosdesantander.com\/en\/wp-json\/wp\/v2\/pages\/268","targetHints":{"allow":["GET"]}}],"collection":[{"href":"https:\/\/plazadetorosdesantander.com\/en\/wp-json\/wp\/v2\/pages"}],"about":[{"href":"https:\/\/plazadetorosdesantander.com\/en\/wp-json\/wp\/v2\/types\/page"}],"author":[{"embeddable":true,"href":"https:\/\/plazadetorosdesantander.com\/en\/wp-json\/wp\/v2\/users\/2"}],"replies":[{"embeddable":true,"href":"https:\/\/plazadetorosdesantander.com\/en\/wp-json\/wp\/v2\/comments?post=268"}],"version-history":[{"count":7,"href":"https:\/\/plazadetorosdesantander.com\/en\/wp-json\/wp\/v2\/pages\/268\/revisions"}],"predecessor-version":[{"id":2777,"href":"https:\/\/plazadetorosdesantander.com\/en\/wp-json\/wp\/v2\/pages\/268\/revisions\/2777"}],"wp:attachment":[{"href":"https:\/\/plazadetorosdesantander.com\/en\/wp-json\/wp\/v2\/media?parent=268"}],"curies":[{"name":"wp","href":"https:\/\/api.w.org\/{rel}","templated":true}]}}