{"id":283,"date":"2024-04-02T14:47:15","date_gmt":"2024-04-02T14:47:15","guid":{"rendered":"https:\/\/plazadetorosdesantander.com\/about-the-square\/"},"modified":"2024-06-26T08:47:16","modified_gmt":"2024-06-26T08:47:16","slug":"about-the-bullring","status":"publish","type":"page","link":"https:\/\/plazadetorosdesantander.com\/en\/about-the-bullring\/","title":{"rendered":"About the bullring"},"content":{"rendered":"<section class=\"l-section wpb_row height_huge width_custom color_secondary with_img\" style=\"--site-content-width:900px;\"><div class=\"l-section-img\" role=\"img\" aria-label=\"bullfighter in the bullring\" data-img-width=\"1200\" data-img-height=\"675\" style=\"background-image: url(https:\/\/plazadetorosdesantander.com\/wp-content\/uploads\/2024\/04\/Plaza-de-toros-de-Santander.jpg);\"><\/div><div class=\"l-section-overlay\" style=\"background:rgba(0,0,0,0.65)\"><\/div><div class=\"l-section-h i-cf\"><div class=\"g-cols vc_row via_grid cols_1 laptops-cols_inherit tablets-cols_inherit mobiles-cols_1 valign_top type_default stacking_default\"><div class=\"wpb_column vc_column_container\"><div class=\"vc_column-inner\"><div class=\"w-separator size_medium\"><\/div><h1 class=\"w-text us_custom_eb849559\"><span class=\"w-text-h\"><span class=\"w-text-value\">Information about the bullring<\/span><\/span><\/h1><\/div><\/div><\/div><\/div><\/section><section class=\"l-section wpb_row height_medium\"><div class=\"l-section-h i-cf\"><div class=\"g-cols vc_row via_grid cols_1 laptops-cols_inherit tablets-cols_inherit mobiles-cols_1 valign_top type_default stacking_default\"><div class=\"wpb_column vc_column_container\"><div class=\"vc_column-inner\"><div class=\"wpb_text_column\"><div class=\"wpb_wrapper\"><p><strong><a href=\"https:\/\/plazadetorosdesantander.com\/en\">The bullring of Santander<\/a>, also known as the bullring of the four roads is undoubtedly one of the most beautiful bullrings in Spain<\/strong>. Its design, dimensions and importance make it one of the main bullfighting monuments to visit and attend bullfighting shows. In this page we are going to talk about the bullring, its history and peculiarities.<\/p>\n<\/div><\/div><\/div><\/div><\/div><\/div><\/section><section class=\"l-section wpb_row height_auto\"><div class=\"l-section-h i-cf\"><div class=\"g-cols vc_row via_grid cols_2 laptops-cols_inherit tablets-cols_1 mobiles-cols_1 valign_middle type_default reversed stacking_default\" style=\"--columns-gap:0px;\"><div class=\"wpb_column vc_column_container us_custom_0a716868 has_bg_color stretched\"><div class=\"vc_column-inner\"><\/div><\/div><div class=\"wpb_column vc_column_container\"><div class=\"vc_column-inner\"><div class=\"w-separator size_huge\"><\/div><div class=\"wpb_text_column us_custom_525019aa\"><div class=\"wpb_wrapper\"><h3>Origins of the square<\/h3>\n<p>The bullring of the four roads was built by the architect Alfredo de la Escalera and <strong>inaugurated on July 25, 1890 with a bullfight <\/strong>in which participated the bullfighters Jos\u00e9 S\u00e1nchez del Campo &#8220;Cara-Ancha&#8221; and Luis Mazantini, with bulls of Conde de Patilla.<\/p>\n<p>The reason for its construction was the great popularity of bullfighting at that time, turning the square into a center of meeting, spectacle and artistic expression.<\/p>\n<\/div><\/div><div class=\"w-separator size_huge\"><\/div><\/div><\/div><\/div><\/div><\/section><section class=\"l-section wpb_row height_medium\"><div class=\"l-section-h i-cf\"><div class=\"g-cols vc_row via_grid cols_1 laptops-cols_inherit tablets-cols_inherit mobiles-cols_1 valign_top type_default stacking_default\"><div class=\"wpb_column vc_column_container\"><div class=\"vc_column-inner\"><h2 class=\"w-text\"><span class=\"w-text-h\"><span class=\"w-text-value\">Architecture and design<\/span><\/span><\/h2><div class=\"w-separator size_large\"><\/div><div class=\"w-tabs layout_ver navwidth_auto navpos_left style_trendy switch_click\" style=\"--sections-title-size:1.6em\" data-accordion-at-width=\"1024\"><div class=\"w-tabs-list items_3 align_none\" style=\"font-family:var(--h1-font-family);font-weight:700;line-height:1.7;\"><div class=\"w-tabs-list-h\"><button class=\"w-tabs-item active defined-active\" aria-controls=\"content-b34a\" aria-expanded=\"true\"><span class=\"w-tabs-item-title\">Features<\/span><\/button><button class=\"w-tabs-item\" aria-controls=\"content-jadc\" aria-expanded=\"false\"><span class=\"w-tabs-item-title\">Capacity<\/span><\/button><button class=\"w-tabs-item\" aria-controls=\"content-z27a\" aria-expanded=\"false\"><span class=\"w-tabs-item-title\">Elements<\/span><\/button><\/div><\/div><div class=\"w-tabs-sections titles-align_none icon_chevron cpos_right\"><div class=\"w-tabs-section active\" id=\"b34a\"><button class=\"w-tabs-section-header active\" aria-controls=\"content-b34a\" aria-expanded=\"true\"><h4 class=\"w-tabs-section-title\">Features<\/h4><div class=\"w-tabs-section-control\"><\/div><\/button><div  class=\"w-tabs-section-content\" id=\"content-b34a\"><div class=\"w-tabs-section-content-h i-cf\"><div class=\"g-cols wpb_row via_grid cols_2 laptops-cols_inherit tablets-cols_inherit mobiles-cols_1 valign_middle type_default stacking_default\" style=\"--columns-gap:3rem;\"><div class=\"wpb_column vc_column_container\"><div class=\"vc_column-inner\"><div class=\"w-image has_ratio align_none\"><div class=\"w-image-h\"><div style=\"padding-bottom:66.6667%\"><\/div><img decoding=\"async\" width=\"900\" height=\"675\" src=\"https:\/\/plazadetorosdesantander.com\/wp-content\/uploads\/2024\/04\/Fachada-plaza-toros-santander.webp\" class=\"attachment-large size-large\" alt=\"puerta grande plaza toros santander\" loading=\"lazy\" \/><\/div><\/div><\/div><\/div><div class=\"wpb_column vc_column_container\"><div class=\"vc_column-inner\"><div class=\"wpb_text_column\"><div class=\"wpb_wrapper\"><h3>Design and architecture<\/h3>\n<p>The Santander bullring was built with a <strong>base of masonry, iron, brick and wood next to a bullring of 51 meters in diameter<\/strong>. At the same time, it has 3 floors in which are distributed the stands, the bleachers and finally the stands in the last of the 3 floors of the bullfighting monument.<\/p>\n<p>On the other hand, one can appreciate on the intercolumniations of the third floor some ironwork and currency of neo-Mudejar style that decorates the upper areas of the square.<\/p>\n<\/div><\/div><\/div><\/div><\/div><\/div><\/div><\/div><div class=\"w-tabs-section\" id=\"jadc\"><button class=\"w-tabs-section-header\" aria-controls=\"content-jadc\" aria-expanded=\"false\"><h4 class=\"w-tabs-section-title\">Capacity<\/h4><div class=\"w-tabs-section-control\"><\/div><\/button><div  class=\"w-tabs-section-content\" id=\"content-jadc\"><div class=\"w-tabs-section-content-h i-cf\"><div class=\"g-cols wpb_row via_grid cols_2 laptops-cols_inherit tablets-cols_inherit mobiles-cols_1 valign_middle type_default stacking_default\" style=\"--columns-gap:3rem;\"><div class=\"wpb_column vc_column_container\"><div class=\"vc_column-inner\"><div class=\"w-image has_ratio align_none\"><div class=\"w-image-h\"><div style=\"padding-bottom:66.6667%\"><\/div><img decoding=\"async\" width=\"600\" height=\"600\" src=\"https:\/\/plazadetorosdesantander.com\/wp-content\/uploads\/2024\/04\/Tendidos-plaza-de-toros.jpg\" class=\"attachment-large size-large\" alt=\"Bullring lines and stands\" loading=\"lazy\" \/><\/div><\/div><\/div><\/div><div class=\"wpb_column vc_column_container\"><div class=\"vc_column-inner\"><div class=\"wpb_text_column\"><div class=\"wpb_wrapper\"><h3>Capacity of the plaza<\/h3>\n<p>The plaza has a capacity for <strong>approximately 11,700 spectators<\/strong>, which are distributed among its 7 seating areas for both sun and shade. Most of them are distributed in the seats of the arena and the rest in the bleachers and the terraces of the plaza.<\/p>\n<\/div><\/div><\/div><\/div><\/div><\/div><\/div><\/div><div class=\"w-tabs-section\" id=\"z27a\"><button class=\"w-tabs-section-header\" aria-controls=\"content-z27a\" aria-expanded=\"false\"><h4 class=\"w-tabs-section-title\">Elements<\/h4><div class=\"w-tabs-section-control\"><\/div><\/button><div  class=\"w-tabs-section-content\" id=\"content-z27a\"><div class=\"w-tabs-section-content-h i-cf\"><div class=\"g-cols wpb_row via_grid cols_2 laptops-cols_inherit tablets-cols_inherit mobiles-cols_1 valign_top type_default stacking_default\" style=\"--columns-gap:3rem;\"><div class=\"wpb_column vc_column_container\"><div class=\"vc_column-inner\"><div class=\"w-image has_ratio align_none\"><div class=\"w-image-h\"><div style=\"padding-bottom:66.6667%\"><\/div><img decoding=\"async\" width=\"800\" height=\"598\" src=\"https:\/\/plazadetorosdesantander.com\/wp-content\/uploads\/2024\/04\/Puertas-plaza-toros.webp\" class=\"attachment-large size-large\" alt=\"sculptures and doors of the bullring\" loading=\"lazy\" \/><\/div><\/div><\/div><\/div><div class=\"wpb_column vc_column_container\"><div class=\"vc_column-inner\"><div class=\"wpb_text_column\"><div class=\"wpb_wrapper\"><h3>Other spaces<\/h3>\n<p>In addition to its main structure, the Plaza de Toros de los cuatro caminos has a series of architectural elements that add aesthetic and functional value to the enclosure. These include the <strong>plaza&#8217;s infirmary, bullpens, bullfighting ring and<\/strong> other modern elements such as street vending areas during the bullfights or the plaza&#8217;s ticket offices.<\/p>\n<\/div><\/div><\/div><\/div><\/div><\/div><\/div><\/div><\/div><\/div><\/div><\/div><\/div><\/div><\/section><section class=\"l-section wpb_row height_medium\"><div class=\"l-section-h i-cf\"><div class=\"g-cols vc_row via_grid cols_2 laptops-cols_inherit tablets-cols_inherit mobiles-cols_1 valign_middle type_default stacking_default\"><div class=\"wpb_column vc_column_container\"><div class=\"vc_column-inner\"><div class=\"wpb_text_column\"><div class=\"wpb_wrapper\"><h2>Legendary bullfights<\/h2>\n<p><strong>In 1913 the famous monster bullfight was held<\/strong>, which had a great repercussion at a national level. During this bullfighting spectacle, a total of three bullfights were held.<\/p>\n<p>The first bullfight took place in the morning with Benjumea bulls for the bullfighters Vicente Pastor, Cocherito de Bilbao and Torquito. The second bullfight took place after midday with bulls from Parlad\u00e9, for Machaquito and Joselito. Finally, Ricardo Bamba and El Gallo fought corn\u00fapetas from Marqu\u00e9s de Saltillo.<\/p>\n<p><strong>Years later, in 1990, another monster bullfight was held to commemorate the plaza&#8217;s centennial.<\/strong><\/p>\n<\/div><\/div><\/div><\/div><div class=\"wpb_column vc_column_container\"><div class=\"vc_column-inner\"><div class=\"w-image align_none\"><div class=\"w-image-h\"><img decoding=\"async\" width=\"1000\" height=\"700\" src=\"https:\/\/plazadetorosdesantander.com\/wp-content\/uploads\/2024\/04\/Corrida-de-toros-monstruo.jpg\" class=\"attachment-large size-large\" alt=\"old photography cumshot monster santander\" loading=\"lazy\" srcset=\"https:\/\/plazadetorosdesantander.com\/wp-content\/uploads\/2024\/04\/Corrida-de-toros-monstruo.jpg 1000w, https:\/\/plazadetorosdesantander.com\/wp-content\/uploads\/2024\/04\/Corrida-de-toros-monstruo-600x420.jpg 600w, https:\/\/plazadetorosdesantander.com\/wp-content\/uploads\/2024\/04\/Corrida-de-toros-monstruo-300x210.jpg 300w\" sizes=\"auto, (max-width: 1000px) 100vw, 1000px\" \/><\/div><\/div><\/div><\/div><\/div><\/div><\/section><section class=\"l-section wpb_row height_medium\"><div class=\"l-section-h i-cf\"><div class=\"g-cols vc_row via_grid cols_1 laptops-cols_inherit tablets-cols_inherit mobiles-cols_1 valign_top type_default stacking_default\"><div class=\"wpb_column vc_column_container\"><div class=\"vc_column-inner\"><div class=\"wpb_text_column\"><div class=\"wpb_wrapper\"><h3>The square at present<\/h3>\n<p>Although in the past the bullring only hosted bullfighting events, today you can attend all kinds of events. The square has been converted into a multipurpose space where bullfighting fans and the general public can attend to enjoy the best shows in the city.<\/p>\n<\/div><\/div><div class=\"w-separator size_large\"><\/div><div class=\"g-cols wpb_row via_grid cols_2 laptops-cols_inherit tablets-cols_inherit mobiles-cols_1 valign_middle type_default stacking_default\" style=\"--columns-gap:3rem;\"><div class=\"wpb_column vc_column_container\"><div class=\"vc_column-inner\"><div class=\"w-image align_none\"><div class=\"w-image-h\"><img decoding=\"async\" width=\"800\" height=\"533\" src=\"https:\/\/plazadetorosdesantander.com\/wp-content\/uploads\/2024\/04\/conciertos-y-eventos.webp\" class=\"attachment-large size-large\" alt=\"concerts in the bullring of Santander\" loading=\"lazy\" srcset=\"https:\/\/plazadetorosdesantander.com\/wp-content\/uploads\/2024\/04\/conciertos-y-eventos.webp 800w, https:\/\/plazadetorosdesantander.com\/wp-content\/uploads\/2024\/04\/conciertos-y-eventos-600x400.webp 600w, https:\/\/plazadetorosdesantander.com\/wp-content\/uploads\/2024\/04\/conciertos-y-eventos-300x200.webp 300w\" sizes=\"auto, (max-width: 800px) 100vw, 800px\" \/><\/div><\/div><\/div><\/div><div class=\"wpb_column vc_column_container\"><div class=\"vc_column-inner\"><div class=\"wpb_text_column us_custom_4481559d\"><div class=\"wpb_wrapper\"><h4>Concerts<\/h4>\n<p>The arena of the plaza becomes a stage where some of the most famous singers in the country perform. Some of the singers who have recently performed concerts in the square include: Pastora soler, los M\u00f3rcanos&#8230;.<\/p>\n<\/div><\/div><div class=\"w-separator size_medium\"><\/div><div class=\"wpb_text_column us_custom_4481559d\"><div class=\"wpb_wrapper\"><h4>Bullfighting<\/h4>\n<p>As a general rule, they are held in spring because the better weather and temperature improve the conditions for bullfighting. The Santiago bullfighting fair is held in July and is attended by some of the most famous bullfighters in the world.<\/p>\n<\/div><\/div><\/div><\/div><\/div><\/div><\/div><\/div><\/div><\/section><section class=\"l-section wpb_row us_custom_402551d6 height_medium width_custom color_footer-bottom with_shape\" style=\"--site-content-width:1000px;\"><div class=\"l-section-shape type_custom pos_top\" style=\"height:50%;\"><svg xmlns=\"http:\/\/www.w3.org\/2000\/svg\" viewBox=\"0 0 64 8\" preserveAspectRatio=\"none\" width=\"100%\" height=\"100%\">\r\n\t<path fill=\"currentColor\" d=\"M64 8 L0 8 L0 0 L64 0 Z\"\/>\r\n<\/svg><\/div><div class=\"l-section-h i-cf\"><div class=\"g-cols vc_row via_grid cols_1 laptops-cols_inherit tablets-cols_inherit mobiles-cols_1 valign_top type_default stacking_default\"><div class=\"wpb_column vc_column_container us_custom_9cf479d2\"><div class=\"vc_column-inner\"><div class=\"g-cols wpb_row us_custom_9036209b has_text_color via_grid cols_custom laptops-cols_inherit tablets-cols_3-2 mobiles-cols_1 valign_middle type_default stacking_default\" style=\"--columns-gap:2rem;--custom-columns:2.5fr 2fr 1.5fr\"><div class=\"wpb_column vc_column_container\"><div class=\"vc_column-inner\"><div class=\"w-text us_custom_f379e5e9\"><span class=\"w-text-h\"><span class=\"w-text-value\">Would you like to visit the bullring?<\/span><\/span><\/div><\/div><\/div><div class=\"wpb_column vc_column_container us_custom_e28183d5\"><div class=\"vc_column-inner\"><div class=\"w-text us_custom_e5db0a2d has_text_color\"><span class=\"w-text-h\"><span class=\"w-text-value\">Bullfighting tickets<\/span><\/span><\/div><div class=\"w-text\"><span class=\"w-text-h\"><span class=\"w-text-value\">From 20\u20ac.<\/span><\/span><\/div><\/div><\/div><div class=\"wpb_column vc_column_container us_custom_ecbbf48f\"><div class=\"vc_column-inner\"><div class=\"w-btn-wrapper default_align_right laptops_align_right tablets_align_left mobiles_align_center\"><a class=\"w-btn us-btn-style_1 us_custom_b4198c51\" title=\"buy tickets bullfighting santander\" href=\"https:\/\/plazadetorosdesantander.com\/en\/bullfighting-tickets\/\"><span class=\"w-btn-label\">Buy tickets<\/span><\/a><\/div><\/div><\/div><\/div><\/div><\/div><\/div><\/div><\/section>\n","protected":false},"excerpt":{"rendered":"Information about the bullringThe bullring of Santander, also known as the bullring of the four roads is undoubtedly one of the most beautiful bullrings in Spain. Its design, dimensions and importance make it one of the main bullfighting monuments to visit and attend bullfighting shows. In this page we are going to talk about the...","protected":false},"author":2,"featured_media":0,"parent":0,"menu_order":0,"comment_status":"closed","ping_status":"closed","template":"","meta":{"footnotes":""},"class_list":["post-283","page","type-page","status-publish","hentry"],"yoast_head":"<!-- This site is optimized with the Yoast SEO plugin v27.4 - https:\/\/yoast.com\/product\/yoast-seo-wordpress\/ -->\n<title>\u25b7 Information about the Santander Bullring | Official Website<\/title>\n<meta name=\"description\" content=\"Discover the secrets and stories of the Santander bullring. Origins and history, most famous bullfights and more\" \/>\n<meta name=\"robots\" content=\"index, follow, max-snippet:-1, max-image-preview:large, max-video-preview:-1\" \/>\n<link rel=\"canonical\" href=\"https:\/\/plazadetorosdesantander.com\/en\/about-the-bullring\/\" \/>\n<meta property=\"og:locale\" content=\"en_US\" \/>\n<meta property=\"og:type\" content=\"article\" \/>\n<meta property=\"og:title\" content=\"\u25b7 Information about the Santander Bullring | Official Website\" \/>\n<meta property=\"og:description\" content=\"Discover the secrets and stories of the Santander bullring. Origins and history, most famous bullfights and more\" \/>\n<meta property=\"og:url\" content=\"https:\/\/plazadetorosdesantander.com\/en\/about-the-bullring\/\" \/>\n<meta property=\"og:site_name\" content=\"Plaza Toros Santander\" \/>\n<meta property=\"article:modified_time\" content=\"2024-06-26T08:47:16+00:00\" \/>\n<meta name=\"twitter:card\" content=\"summary_large_image\" \/>\n<meta name=\"twitter:label1\" content=\"Est. reading time\" \/>\n\t<meta name=\"twitter:data1\" content=\"4 minutes\" \/>\n<script type=\"application\/ld+json\" class=\"yoast-schema-graph\">{\"@context\":\"https:\\\/\\\/schema.org\",\"@graph\":[{\"@type\":\"WebPage\",\"@id\":\"https:\\\/\\\/plazadetorosdesantander.com\\\/en\\\/about-the-bullring\\\/\",\"url\":\"https:\\\/\\\/plazadetorosdesantander.com\\\/en\\\/about-the-bullring\\\/\",\"name\":\"\u25b7 Information about the Santander Bullring | Official Website\",\"isPartOf\":{\"@id\":\"https:\\\/\\\/plazadetorosdesantander.com\\\/en\\\/#website\"},\"datePublished\":\"2024-04-02T14:47:15+00:00\",\"dateModified\":\"2024-06-26T08:47:16+00:00\",\"description\":\"Discover the secrets and stories of the Santander bullring. Origins and history, most famous bullfights and more\",\"breadcrumb\":{\"@id\":\"https:\\\/\\\/plazadetorosdesantander.com\\\/en\\\/about-the-bullring\\\/#breadcrumb\"},\"inLanguage\":\"en-US\",\"potentialAction\":[{\"@type\":\"ReadAction\",\"target\":[\"https:\\\/\\\/plazadetorosdesantander.com\\\/en\\\/about-the-bullring\\\/\"]}]},{\"@type\":\"BreadcrumbList\",\"@id\":\"https:\\\/\\\/plazadetorosdesantander.com\\\/en\\\/about-the-bullring\\\/#breadcrumb\",\"itemListElement\":[{\"@type\":\"ListItem\",\"position\":1,\"name\":\"Portada\",\"item\":\"https:\\\/\\\/plazadetorosdesantander.com\\\/en\\\/home\\\/\"},{\"@type\":\"ListItem\",\"position\":2,\"name\":\"About the bullring\"}]},{\"@type\":\"WebSite\",\"@id\":\"https:\\\/\\\/plazadetorosdesantander.com\\\/en\\\/#website\",\"url\":\"https:\\\/\\\/plazadetorosdesantander.com\\\/en\\\/\",\"name\":\"Plaza Toros Santander\",\"description\":\"P\u00e1gina oficial Plaza de Toros Santander\",\"potentialAction\":[{\"@type\":\"SearchAction\",\"target\":{\"@type\":\"EntryPoint\",\"urlTemplate\":\"https:\\\/\\\/plazadetorosdesantander.com\\\/en\\\/?s={search_term_string}\"},\"query-input\":{\"@type\":\"PropertyValueSpecification\",\"valueRequired\":true,\"valueName\":\"search_term_string\"}}],\"inLanguage\":\"en-US\"}]}<\/script>\n<!-- \/ Yoast SEO plugin. -->","yoast_head_json":{"title":"\u25b7 Information about the Santander Bullring | Official Website","description":"Discover the secrets and stories of the Santander bullring. Origins and history, most famous bullfights and more","robots":{"index":"index","follow":"follow","max-snippet":"max-snippet:-1","max-image-preview":"max-image-preview:large","max-video-preview":"max-video-preview:-1"},"canonical":"https:\/\/plazadetorosdesantander.com\/en\/about-the-bullring\/","og_locale":"en_US","og_type":"article","og_title":"\u25b7 Information about the Santander Bullring | Official Website","og_description":"Discover the secrets and stories of the Santander bullring. Origins and history, most famous bullfights and more","og_url":"https:\/\/plazadetorosdesantander.com\/en\/about-the-bullring\/","og_site_name":"Plaza Toros Santander","article_modified_time":"2024-06-26T08:47:16+00:00","twitter_card":"summary_large_image","twitter_misc":{"Est. reading time":"4 minutes"},"schema":{"@context":"https:\/\/schema.org","@graph":[{"@type":"WebPage","@id":"https:\/\/plazadetorosdesantander.com\/en\/about-the-bullring\/","url":"https:\/\/plazadetorosdesantander.com\/en\/about-the-bullring\/","name":"\u25b7 Information about the Santander Bullring | Official Website","isPartOf":{"@id":"https:\/\/plazadetorosdesantander.com\/en\/#website"},"datePublished":"2024-04-02T14:47:15+00:00","dateModified":"2024-06-26T08:47:16+00:00","description":"Discover the secrets and stories of the Santander bullring. Origins and history, most famous bullfights and more","breadcrumb":{"@id":"https:\/\/plazadetorosdesantander.com\/en\/about-the-bullring\/#breadcrumb"},"inLanguage":"en-US","potentialAction":[{"@type":"ReadAction","target":["https:\/\/plazadetorosdesantander.com\/en\/about-the-bullring\/"]}]},{"@type":"BreadcrumbList","@id":"https:\/\/plazadetorosdesantander.com\/en\/about-the-bullring\/#breadcrumb","itemListElement":[{"@type":"ListItem","position":1,"name":"Portada","item":"https:\/\/plazadetorosdesantander.com\/en\/home\/"},{"@type":"ListItem","position":2,"name":"About the bullring"}]},{"@type":"WebSite","@id":"https:\/\/plazadetorosdesantander.com\/en\/#website","url":"https:\/\/plazadetorosdesantander.com\/en\/","name":"Plaza Toros Santander","description":"P\u00e1gina oficial Plaza de Toros Santander","potentialAction":[{"@type":"SearchAction","target":{"@type":"EntryPoint","urlTemplate":"https:\/\/plazadetorosdesantander.com\/en\/?s={search_term_string}"},"query-input":{"@type":"PropertyValueSpecification","valueRequired":true,"valueName":"search_term_string"}}],"inLanguage":"en-US"}]}},"_links":{"self":[{"href":"https:\/\/plazadetorosdesantander.com\/en\/wp-json\/wp\/v2\/pages\/283","targetHints":{"allow":["GET"]}}],"collection":[{"href":"https:\/\/plazadetorosdesantander.com\/en\/wp-json\/wp\/v2\/pages"}],"about":[{"href":"https:\/\/plazadetorosdesantander.com\/en\/wp-json\/wp\/v2\/types\/page"}],"author":[{"embeddable":true,"href":"https:\/\/plazadetorosdesantander.com\/en\/wp-json\/wp\/v2\/users\/2"}],"replies":[{"embeddable":true,"href":"https:\/\/plazadetorosdesantander.com\/en\/wp-json\/wp\/v2\/comments?post=283"}],"version-history":[{"count":9,"href":"https:\/\/plazadetorosdesantander.com\/en\/wp-json\/wp\/v2\/pages\/283\/revisions"}],"predecessor-version":[{"id":2301,"href":"https:\/\/plazadetorosdesantander.com\/en\/wp-json\/wp\/v2\/pages\/283\/revisions\/2301"}],"wp:attachment":[{"href":"https:\/\/plazadetorosdesantander.com\/en\/wp-json\/wp\/v2\/media?parent=283"}],"curies":[{"name":"wp","href":"https:\/\/api.w.org\/{rel}","templated":true}]}}