{"id":1952,"date":"2024-05-22T10:16:56","date_gmt":"2024-05-22T10:16:56","guid":{"rendered":"https:\/\/plazadetorosdesantander.com\/taureaux-de-santander-affiche\/"},"modified":"2025-05-16T09:42:18","modified_gmt":"2025-05-16T09:42:18","slug":"taureaux-de-santander-affiche","status":"publish","type":"page","link":"https:\/\/plazadetorosdesantander.com\/fr\/taureaux-de-santander-affiche\/","title":{"rendered":"Taureaux de Santander Affiche"},"content":{"rendered":"<section class=\"l-section wpb_row height_medium\"><div class=\"l-section-h i-cf\"><div class=\"g-cols vc_row via_grid cols_2 laptops-cols_inherit tablets-cols_inherit mobiles-cols_1 valign_top type_default stacking_default\"><div class=\"wpb_column vc_column_container\"><div class=\"vc_column-inner\"><div class=\"wpb_text_column\"><div class=\"wpb_wrapper\"><h1>Affiche taureau Santander 2025<\/h1>\n<p>Ci-dessous nous vous montrons la nouvelle affiche de la foire taurine de Santiago, Santander 2025<\/p>\n\n<table id=\"tablepress-3\" class=\"tablepress tablepress-id-3\">\n<thead>\n<tr class=\"row-1\">\n\t<th class=\"column-1\">\u00c9v\u00e9nement taurin<\/th><th class=\"column-2\">Jour<\/th><th class=\"column-3\">Toreros qui participent<\/th>\n<\/tr>\n<\/thead>\n<tbody class=\"row-striping row-hover\">\n<tr class=\"row-2\">\n\t<td class=\"column-1\">Novillada<\/td><td class=\"column-2\">19 juillet<br \/>\n<\/td><td class=\"column-3\">El Parralejo para Diego Bastos, Bruno Aloi y El Mene<\/td>\n<\/tr>\n<tr class=\"row-3\">\n\t<td class=\"column-1\">Course de taureaux<\/td><td class=\"column-2\">20 juillet<br \/>\n<\/td><td class=\"column-3\">Los Espartales para Andy Cartagena y Diego Ventura<\/td>\n<\/tr>\n<tr class=\"row-4\">\n\t<td class=\"column-1\">Course de taureaux<\/td><td class=\"column-2\">21 juillet<br \/>\n<\/td><td class=\"column-3\">Juan Pedro Domecq para Fortes, Fernando Adri\u00e1n y Borja Jim\u00e9nez<\/td>\n<\/tr>\n<tr class=\"row-5\">\n\t<td class=\"column-1\">Course de taureaux<\/td><td class=\"column-2\">22 juillet<br \/>\n<\/td><td class=\"column-3\">Miura para Escribano, Galv\u00e1n y Casta\u00f1o<\/td>\n<\/tr>\n<tr class=\"row-6\">\n\t<td class=\"column-1\">Course de taureaux<\/td><td class=\"column-2\">23 juillet<br \/>\n<\/td><td class=\"column-3\">El Pilar, Hern\u00e1ndez y N\u00fa\u00f1ez para Morante y Ortega<\/td>\n<\/tr>\n<tr class=\"row-7\">\n\t<td class=\"column-1\">Course de taureaux<\/td><td class=\"column-2\">24 juillet<br \/>\n<\/td><td class=\"column-3\">El Puerto de San Lorenzo\/La Ventana del Puerto para Talavante, De Justo y Marco P\u00e9rez<\/td>\n<\/tr>\n<tr class=\"row-8\">\n\t<td class=\"column-1\">Course de taureaux<\/td><td class=\"column-2\">25 juillet<br \/>\n<\/td><td class=\"column-3\">Victorino Mart\u00edn para El Cid, Roca Rey y Jarocho<\/td>\n<\/tr>\n<tr class=\"row-9\">\n\t<td class=\"column-1\">Course de taureaux<\/td><td class=\"column-2\">26 juillet<br \/>\n<\/td><td class=\"column-3\">Domingo Hern\u00e1ndez para Cayetano, Ortega y Roca Rey<\/td>\n<\/tr>\n<\/tbody>\n<\/table>\n<!-- #tablepress-3 from cache -->\n<p>Tous ceux qui souhaitent acheter leurs billets pour les taureaux de Santander 2025 peuvent le faire sur notre site Internet.<\/p>\n<\/div><\/div><\/div><\/div><div class=\"wpb_column vc_column_container\"><div class=\"vc_column-inner\"><div class=\"w-image align_none\"><div class=\"w-image-h\"><img decoding=\"async\" width=\"500\" height=\"1000\" src=\"https:\/\/plazadetorosdesantander.com\/wp-content\/uploads\/2025\/05\/Cartel-toros-santander-2025.webp\" class=\"attachment-large size-large\" alt=\"\" loading=\"lazy\" srcset=\"https:\/\/plazadetorosdesantander.com\/wp-content\/uploads\/2025\/05\/Cartel-toros-santander-2025.webp 500w, https:\/\/plazadetorosdesantander.com\/wp-content\/uploads\/2025\/05\/Cartel-toros-santander-2025-150x300.webp 150w\" sizes=\"auto, (max-width: 500px) 100vw, 500px\" \/><\/div><\/div><\/div><\/div><\/div><\/div><\/section><section class=\"l-section wpb_row height_medium\"><div class=\"l-section-h i-cf\"><div class=\"g-cols vc_row via_grid cols_1 laptops-cols_inherit tablets-cols_inherit mobiles-cols_1 valign_top type_default stacking_default\"><div class=\"wpb_column vc_column_container\"><div class=\"vc_column-inner\"><div class=\"wpb_text_column\"><div class=\"wpb_wrapper\"><h2 style=\"text-align: center;\">Billets pour taureau disponibles<\/h2>\n<\/div><\/div><div class=\"w-separator size_medium\"><\/div><div class=\"w-grid us_product_list type_grid layout_shop_standard no_results cols_4 preload_style_spinner\" id=\"us_product_list_rcc4\" style=\"--columns:4;--gap:1.5rem;\"><style>@media (max-width:1024px){#us_product_list_rcc4{--columns:2!important}}@media (max-width:600px){#us_product_list_rcc4{--columns:1!important}}.layout_shop_standard .w-grid-item-h{}.layout_shop_standard .usg_product_field_1{color:#fff!important;font-size:12px!important;font-weight:700!important;text-transform:uppercase!important;position:absolute!important;top:10px!important;left:10px!important;padding-left:0.8rem!important;padding-right:0.8rem!important;border-radius:9em!important;background:var(--color-content-primary)!important}.layout_shop_standard .usg_post_title_1{font-size:1rem!important;margin-top:0.8rem!important;margin-bottom:0.2rem!important}.layout_shop_standard .usg_product_field_2{margin-bottom:0.2rem!important}.layout_shop_standard .usg_product_field_3{font-weight:700!important}.layout_shop_standard .usg_add_to_cart_1{font-size:0.8rem!important;margin-top:0.4rem!important;border-radius:var(--site-border-radius)!important}<\/style><div class=\"w-grid-list\"><\/div><div class=\"g-loadmore hidden\"><div class=\"g-preloader type_1\"><div><\/div><\/div><\/div><div class=\"w-grid-list-json hidden\" onclick='return {&quot;max_num_pages&quot;:0,&quot;paginationBase&quot;:&quot;page&quot;,&quot;pagination&quot;:&quot;none&quot;,&quot;paged&quot;:1,&quot;ajaxData&quot;:{&quot;action&quot;:&quot;us_ajax_product_list&quot;,&quot;meta_type&quot;:&quot;post&quot;,&quot;object_id&quot;:0,&quot;template_vars&quot;:{&quot;shortcode_base&quot;:&quot;us_product_list&quot;,&quot;paged&quot;:1,&quot;max_num_pages&quot;:0,&quot;no_results&quot;:true,&quot;is_product_list&quot;:true,&quot;found_posts&quot;:0,&quot;per_page&quot;:12,&quot;items_count&quot;:0,&quot;orderby_random_seed&quot;:null,&quot;source&quot;:&quot;all&quot;,&quot;ids&quot;:&quot;&quot;,&quot;apply_url_params&quot;:0,&quot;onsale_only&quot;:0,&quot;featured_only&quot;:0,&quot;exclude_out_of_stock&quot;:0,&quot;exclude_hidden&quot;:1,&quot;exclude_current_product&quot;:1,&quot;exclude_prev_posts&quot;:0,&quot;enable_items_offset&quot;:0,&quot;items_offset&quot;:&quot;1&quot;,&quot;price_compare&quot;:&quot;none&quot;,&quot;price&quot;:&quot;99.99&quot;,&quot;price_max&quot;:&quot;299.99&quot;,&quot;tax_query_relation&quot;:&quot;none&quot;,&quot;tax_query&quot;:[{&quot;operator&quot;:&quot;IN&quot;,&quot;taxonomy&quot;:&quot;product_cat&quot;,&quot;terms&quot;:&quot;&quot;,&quot;include_children&quot;:0}],&quot;meta_query_relation&quot;:&quot;none&quot;,&quot;meta_query&quot;:[{&quot;key&quot;:&quot;custom_field_name&quot;,&quot;compare&quot;:&quot;=&quot;,&quot;value&quot;:&quot;&quot;}],&quot;orderby&quot;:&quot;date&quot;,&quot;orderby_custom_field&quot;:&quot;&quot;,&quot;orderby_recent_sales_days&quot;:&quot;30&quot;,&quot;orderby_custom_type&quot;:0,&quot;order_invert&quot;:0,&quot;show_all&quot;:0,&quot;quantity&quot;:&quot;12&quot;,&quot;posts_per_archive_page&quot;:0,&quot;no_items_action&quot;:&quot;message&quot;,&quot;no_items_message&quot;:&quot;Aucun r\\u00e9sultat.&quot;,&quot;no_items_page_block&quot;:&quot;&quot;,&quot;pagination&quot;:&quot;none&quot;,&quot;pagination_style&quot;:&quot;&quot;,&quot;pagination_btn_text&quot;:&quot;Charger plus&quot;,&quot;pagination_btn_size&quot;:&quot;&quot;,&quot;pagination_btn_style&quot;:&quot;1&quot;,&quot;pagination_btn_fullwidth&quot;:0,&quot;items_layout&quot;:&quot;shop_standard&quot;,&quot;type&quot;:&quot;grid&quot;,&quot;items_valign&quot;:0,&quot;ignore_items_size&quot;:0,&quot;columns&quot;:&quot;4&quot;,&quot;items_gap&quot;:&quot;1.5rem&quot;,&quot;load_animation&quot;:&quot;none&quot;,&quot;items_preload_style&quot;:&quot;spinner&quot;,&quot;img_size&quot;:&quot;default&quot;,&quot;title_size&quot;:&quot;&quot;,&quot;items_ratio&quot;:&quot;default&quot;,&quot;items_ratio_width&quot;:&quot;21&quot;,&quot;items_ratio_height&quot;:&quot;9&quot;,&quot;overriding_link&quot;:&quot;%7B%22url%22%3A%22%22%7D&quot;,&quot;popup_page_template&quot;:&quot;0&quot;,&quot;popup_width&quot;:&quot;&quot;,&quot;popup_arrows&quot;:1,&quot;breakpoint_1_width&quot;:&quot;1381px&quot;,&quot;breakpoint_1_cols&quot;:&quot;default&quot;,&quot;breakpoint_1_quantity&quot;:&quot;&quot;,&quot;breakpoint_1_gap&quot;:&quot;&quot;,&quot;breakpoint_2_width&quot;:&quot;1025px&quot;,&quot;breakpoint_2_cols&quot;:&quot;2&quot;,&quot;breakpoint_2_quantity&quot;:&quot;&quot;,&quot;breakpoint_2_gap&quot;:&quot;&quot;,&quot;breakpoint_3_width&quot;:&quot;601px&quot;,&quot;breakpoint_3_cols&quot;:&quot;1&quot;,&quot;breakpoint_3_quantity&quot;:&quot;&quot;,&quot;breakpoint_3_gap&quot;:&quot;&quot;,&quot;conditions_operator&quot;:&quot;always&quot;,&quot;conditions&quot;:[],&quot;css&quot;:null,&quot;el_class&quot;:&quot;&quot;,&quot;el_id&quot;:&quot;&quot;,&quot;enable_custom_html_atts&quot;:0,&quot;custom_html_atts&quot;:null,&quot;hide_on_states&quot;:&quot;&quot;,&quot;hide_for_sticky&quot;:0,&quot;hide_for_not_sticky&quot;:0,&quot;hide_below&quot;:&quot;0px&quot;,&quot;hide_above&quot;:&quot;0px&quot;,&quot;classes&quot;:&quot;&quot;},&quot;found_posts&quot;:0,&quot;per_page&quot;:12},&quot;facetedFilter&quot;:[]}'><\/div><\/div><div class=\"w-grid-none type_message\">Aucun r\u00e9sultat.<\/div><\/div><\/div><\/div><\/div><\/section><section class=\"l-section wpb_row height_medium\"><div class=\"l-section-h i-cf\"><div class=\"g-cols vc_row via_grid cols_1 laptops-cols_inherit tablets-cols_inherit mobiles-cols_1 valign_top type_default stacking_default\"><div class=\"wpb_column vc_column_container\"><div class=\"vc_column-inner\"><div class=\"wpb_text_column\"><div class=\"wpb_wrapper\"><h2>Quelle est la particularit\u00e9 de la nouvelle affiche taurine de Santander?<\/h2>\n<p>La nouvelle affiche taurine de la foire de Santiago de Santander 2025 pr\u00e9sente 7 \u00e9v\u00e9nements taurins. Concr\u00e8tement, il y aura 5 corridas, 1 rejones et 1 novillada. Le meilleur de cette foire taurine est la qualit\u00e9 des toreros qui y participeront, parmi lesquels se trouvent des personnalit\u00e9s taurines aussi importantes que Morante de la Puebla, Roca Rey, Tom\u00e1s Rufo, Diego Ventura, Manzanares, Cayetano, etc&#8230;<\/p>\n<\/div><\/div><\/div><\/div><\/div><\/div><\/section>\n","protected":false},"excerpt":{"rendered":"Affiche taureau Santander 2025 Ci-dessous nous vous montrons la nouvelle affiche de la foire taurine de Santiago, Santander 2025 \u00c9v\u00e9nement taurinJourToreros qui participent Novillada19 juillet El Parralejo para Diego Bastos, Bruno Aloi y El Mene Course de taureaux20 juillet Los Espartales para Andy Cartagena y Diego Ventura Course de taureaux21 juillet Juan Pedro Domecq para...","protected":false},"author":2,"featured_media":821,"parent":0,"menu_order":0,"comment_status":"closed","ping_status":"closed","template":"","meta":{"footnotes":""},"class_list":["post-1952","page","type-page","status-publish","has-post-thumbnail","hentry"],"yoast_head":"<!-- This site is optimized with the Yoast SEO plugin v27.3 - https:\/\/yoast.com\/product\/yoast-seo-wordpress\/ -->\n<title>Affiche des taureaux de Santander 2025 | Ar\u00e8nes Santander<\/title>\n<meta name=\"description\" content=\"D\u00e9couvrez la nouvelle affiche taureaux de Santander 2025 et venez profiter de la foire de Santiago avec les meilleurs toreros du monde.\" \/>\n<meta name=\"robots\" content=\"index, follow, max-snippet:-1, max-image-preview:large, max-video-preview:-1\" \/>\n<link rel=\"canonical\" href=\"https:\/\/plazadetorosdesantander.com\/fr\/taureaux-de-santander-affiche\/\" \/>\n<meta property=\"og:locale\" content=\"fr_FR\" \/>\n<meta property=\"og:type\" content=\"article\" \/>\n<meta property=\"og:title\" content=\"Affiche des taureaux de Santander 2025 | Ar\u00e8nes Santander\" \/>\n<meta property=\"og:description\" content=\"D\u00e9couvrez la nouvelle affiche taureaux de Santander 2025 et venez profiter de la foire de Santiago avec les meilleurs toreros du monde.\" \/>\n<meta property=\"og:url\" content=\"https:\/\/plazadetorosdesantander.com\/fr\/taureaux-de-santander-affiche\/\" \/>\n<meta property=\"og:site_name\" content=\"Plaza Toros Santander\" \/>\n<meta property=\"article:modified_time\" content=\"2025-05-16T09:42:18+00:00\" \/>\n<meta property=\"og:image\" content=\"https:\/\/plazadetorosdesantander.com\/wp-content\/uploads\/2024\/05\/Abonos-toros-santander-2024.webp\" \/>\n\t<meta property=\"og:image:width\" content=\"1080\" \/>\n\t<meta property=\"og:image:height\" content=\"1080\" \/>\n\t<meta property=\"og:image:type\" content=\"image\/webp\" \/>\n<meta name=\"twitter:card\" content=\"summary_large_image\" \/>\n<meta name=\"twitter:label1\" content=\"Dur\u00e9e de lecture estim\u00e9e\" \/>\n\t<meta name=\"twitter:data1\" content=\"1 minute\" \/>\n<script type=\"application\/ld+json\" class=\"yoast-schema-graph\">{\"@context\":\"https:\\\/\\\/schema.org\",\"@graph\":[{\"@type\":\"WebPage\",\"@id\":\"https:\\\/\\\/plazadetorosdesantander.com\\\/fr\\\/taureaux-de-santander-affiche\\\/\",\"url\":\"https:\\\/\\\/plazadetorosdesantander.com\\\/fr\\\/taureaux-de-santander-affiche\\\/\",\"name\":\"Affiche des taureaux de Santander 2025 | Ar\u00e8nes Santander\",\"isPartOf\":{\"@id\":\"https:\\\/\\\/plazadetorosdesantander.com\\\/fr\\\/#website\"},\"primaryImageOfPage\":{\"@id\":\"https:\\\/\\\/plazadetorosdesantander.com\\\/fr\\\/taureaux-de-santander-affiche\\\/#primaryimage\"},\"image\":{\"@id\":\"https:\\\/\\\/plazadetorosdesantander.com\\\/fr\\\/taureaux-de-santander-affiche\\\/#primaryimage\"},\"thumbnailUrl\":\"https:\\\/\\\/plazadetorosdesantander.com\\\/wp-content\\\/uploads\\\/2024\\\/05\\\/Abonos-toros-santander-2024.webp\",\"datePublished\":\"2024-05-22T10:16:56+00:00\",\"dateModified\":\"2025-05-16T09:42:18+00:00\",\"description\":\"D\u00e9couvrez la nouvelle affiche taureaux de Santander 2025 et venez profiter de la foire de Santiago avec les meilleurs toreros du monde.\",\"breadcrumb\":{\"@id\":\"https:\\\/\\\/plazadetorosdesantander.com\\\/fr\\\/taureaux-de-santander-affiche\\\/#breadcrumb\"},\"inLanguage\":\"fr-FR\",\"potentialAction\":[{\"@type\":\"ReadAction\",\"target\":[\"https:\\\/\\\/plazadetorosdesantander.com\\\/fr\\\/taureaux-de-santander-affiche\\\/\"]}]},{\"@type\":\"ImageObject\",\"inLanguage\":\"fr-FR\",\"@id\":\"https:\\\/\\\/plazadetorosdesantander.com\\\/fr\\\/taureaux-de-santander-affiche\\\/#primaryimage\",\"url\":\"https:\\\/\\\/plazadetorosdesantander.com\\\/wp-content\\\/uploads\\\/2024\\\/05\\\/Abonos-toros-santander-2024.webp\",\"contentUrl\":\"https:\\\/\\\/plazadetorosdesantander.com\\\/wp-content\\\/uploads\\\/2024\\\/05\\\/Abonos-toros-santander-2024.webp\",\"width\":1080,\"height\":1080,\"caption\":\"Abonnements pour le salon Santiago Santander 2024\"},{\"@type\":\"BreadcrumbList\",\"@id\":\"https:\\\/\\\/plazadetorosdesantander.com\\\/fr\\\/taureaux-de-santander-affiche\\\/#breadcrumb\",\"itemListElement\":[{\"@type\":\"ListItem\",\"position\":1,\"name\":\"Portada\",\"item\":\"https:\\\/\\\/plazadetorosdesantander.com\\\/fr\\\/accueil\\\/\"},{\"@type\":\"ListItem\",\"position\":2,\"name\":\"Taureaux de Santander Affiche\"}]},{\"@type\":\"WebSite\",\"@id\":\"https:\\\/\\\/plazadetorosdesantander.com\\\/fr\\\/#website\",\"url\":\"https:\\\/\\\/plazadetorosdesantander.com\\\/fr\\\/\",\"name\":\"Plaza Toros Santander\",\"description\":\"P\u00e1gina oficial Plaza de Toros Santander\",\"potentialAction\":[{\"@type\":\"SearchAction\",\"target\":{\"@type\":\"EntryPoint\",\"urlTemplate\":\"https:\\\/\\\/plazadetorosdesantander.com\\\/fr\\\/?s={search_term_string}\"},\"query-input\":{\"@type\":\"PropertyValueSpecification\",\"valueRequired\":true,\"valueName\":\"search_term_string\"}}],\"inLanguage\":\"fr-FR\"}]}<\/script>\n<!-- \/ Yoast SEO plugin. -->","yoast_head_json":{"title":"Affiche des taureaux de Santander 2025 | Ar\u00e8nes Santander","description":"D\u00e9couvrez la nouvelle affiche taureaux de Santander 2025 et venez profiter de la foire de Santiago avec les meilleurs toreros du monde.","robots":{"index":"index","follow":"follow","max-snippet":"max-snippet:-1","max-image-preview":"max-image-preview:large","max-video-preview":"max-video-preview:-1"},"canonical":"https:\/\/plazadetorosdesantander.com\/fr\/taureaux-de-santander-affiche\/","og_locale":"fr_FR","og_type":"article","og_title":"Affiche des taureaux de Santander 2025 | Ar\u00e8nes Santander","og_description":"D\u00e9couvrez la nouvelle affiche taureaux de Santander 2025 et venez profiter de la foire de Santiago avec les meilleurs toreros du monde.","og_url":"https:\/\/plazadetorosdesantander.com\/fr\/taureaux-de-santander-affiche\/","og_site_name":"Plaza Toros Santander","article_modified_time":"2025-05-16T09:42:18+00:00","og_image":[{"width":1080,"height":1080,"url":"https:\/\/plazadetorosdesantander.com\/wp-content\/uploads\/2024\/05\/Abonos-toros-santander-2024.webp","type":"image\/webp"}],"twitter_card":"summary_large_image","twitter_misc":{"Dur\u00e9e de lecture estim\u00e9e":"1 minute"},"schema":{"@context":"https:\/\/schema.org","@graph":[{"@type":"WebPage","@id":"https:\/\/plazadetorosdesantander.com\/fr\/taureaux-de-santander-affiche\/","url":"https:\/\/plazadetorosdesantander.com\/fr\/taureaux-de-santander-affiche\/","name":"Affiche des taureaux de Santander 2025 | Ar\u00e8nes Santander","isPartOf":{"@id":"https:\/\/plazadetorosdesantander.com\/fr\/#website"},"primaryImageOfPage":{"@id":"https:\/\/plazadetorosdesantander.com\/fr\/taureaux-de-santander-affiche\/#primaryimage"},"image":{"@id":"https:\/\/plazadetorosdesantander.com\/fr\/taureaux-de-santander-affiche\/#primaryimage"},"thumbnailUrl":"https:\/\/plazadetorosdesantander.com\/wp-content\/uploads\/2024\/05\/Abonos-toros-santander-2024.webp","datePublished":"2024-05-22T10:16:56+00:00","dateModified":"2025-05-16T09:42:18+00:00","description":"D\u00e9couvrez la nouvelle affiche taureaux de Santander 2025 et venez profiter de la foire de Santiago avec les meilleurs toreros du monde.","breadcrumb":{"@id":"https:\/\/plazadetorosdesantander.com\/fr\/taureaux-de-santander-affiche\/#breadcrumb"},"inLanguage":"fr-FR","potentialAction":[{"@type":"ReadAction","target":["https:\/\/plazadetorosdesantander.com\/fr\/taureaux-de-santander-affiche\/"]}]},{"@type":"ImageObject","inLanguage":"fr-FR","@id":"https:\/\/plazadetorosdesantander.com\/fr\/taureaux-de-santander-affiche\/#primaryimage","url":"https:\/\/plazadetorosdesantander.com\/wp-content\/uploads\/2024\/05\/Abonos-toros-santander-2024.webp","contentUrl":"https:\/\/plazadetorosdesantander.com\/wp-content\/uploads\/2024\/05\/Abonos-toros-santander-2024.webp","width":1080,"height":1080,"caption":"Abonnements pour le salon Santiago Santander 2024"},{"@type":"BreadcrumbList","@id":"https:\/\/plazadetorosdesantander.com\/fr\/taureaux-de-santander-affiche\/#breadcrumb","itemListElement":[{"@type":"ListItem","position":1,"name":"Portada","item":"https:\/\/plazadetorosdesantander.com\/fr\/accueil\/"},{"@type":"ListItem","position":2,"name":"Taureaux de Santander Affiche"}]},{"@type":"WebSite","@id":"https:\/\/plazadetorosdesantander.com\/fr\/#website","url":"https:\/\/plazadetorosdesantander.com\/fr\/","name":"Plaza Toros Santander","description":"P\u00e1gina oficial Plaza de Toros Santander","potentialAction":[{"@type":"SearchAction","target":{"@type":"EntryPoint","urlTemplate":"https:\/\/plazadetorosdesantander.com\/fr\/?s={search_term_string}"},"query-input":{"@type":"PropertyValueSpecification","valueRequired":true,"valueName":"search_term_string"}}],"inLanguage":"fr-FR"}]}},"_links":{"self":[{"href":"https:\/\/plazadetorosdesantander.com\/fr\/wp-json\/wp\/v2\/pages\/1952","targetHints":{"allow":["GET"]}}],"collection":[{"href":"https:\/\/plazadetorosdesantander.com\/fr\/wp-json\/wp\/v2\/pages"}],"about":[{"href":"https:\/\/plazadetorosdesantander.com\/fr\/wp-json\/wp\/v2\/types\/page"}],"author":[{"embeddable":true,"href":"https:\/\/plazadetorosdesantander.com\/fr\/wp-json\/wp\/v2\/users\/2"}],"replies":[{"embeddable":true,"href":"https:\/\/plazadetorosdesantander.com\/fr\/wp-json\/wp\/v2\/comments?post=1952"}],"version-history":[{"count":7,"href":"https:\/\/plazadetorosdesantander.com\/fr\/wp-json\/wp\/v2\/pages\/1952\/revisions"}],"predecessor-version":[{"id":5413,"href":"https:\/\/plazadetorosdesantander.com\/fr\/wp-json\/wp\/v2\/pages\/1952\/revisions\/5413"}],"wp:featuredmedia":[{"embeddable":true,"href":"https:\/\/plazadetorosdesantander.com\/fr\/wp-json\/wp\/v2\/media\/821"}],"wp:attachment":[{"href":"https:\/\/plazadetorosdesantander.com\/fr\/wp-json\/wp\/v2\/media?parent=1952"}],"curies":[{"name":"wp","href":"https:\/\/api.w.org\/{rel}","templated":true}]}}