{"id":271,"date":"2024-04-02T13:38:54","date_gmt":"2024-04-02T13:38:54","guid":{"rendered":"https:\/\/plazadetorosdesantander.com\/engrais\/"},"modified":"2024-07-09T11:24:55","modified_gmt":"2024-07-09T11:24:55","slug":"abonnement","status":"publish","type":"page","link":"https:\/\/plazadetorosdesantander.com\/fr\/abonnement\/","title":{"rendered":"Abonnement"},"content":{"rendered":"<section class=\"l-section wpb_row us_custom_c70c97eb height_medium\"><div class=\"l-section-h i-cf\"><div class=\"g-cols vc_row via_grid cols_2 laptops-cols_inherit tablets-cols_1 mobiles-cols_1 valign_middle type_default stacking_default\" style=\"--columns-gap:4vw;\"><div class=\"wpb_column vc_column_container us_custom_04bc1869\"><div class=\"vc_column-inner\"><h1 class=\"w-text us_custom_2774bef1\"><span class=\"w-text-h\"><span class=\"w-text-value\">Billets d&rsquo;abonnement F\u00e9ria Taurine de Santander<\/span><\/span><\/h1><div class=\"w-separator size_medium\"><\/div><div class=\"w-hwrapper us_custom_feadd1a9 valign_top wrap align_none\" style=\"--hwrapper-gap:2.2rem\"><div class=\"wpb_text_column\"><div class=\"wpb_wrapper\"><p><strong>\u00c9conomisez de l&rsquo;argent<br \/>\n<\/strong>jusqu&rsquo;\u00e0 20 % de r\u00e9duction<\/p>\n<\/div><\/div><div class=\"wpb_text_column\"><div class=\"wpb_wrapper\"><p><strong>Disponibilit\u00e9<\/strong><br \/>\njusqu&rsquo;au 8 juillet<\/p>\n<\/div><\/div><\/div><div class=\"w-separator size_medium\"><\/div><div class=\"w-btn-wrapper align_none\"><a class=\"w-btn us-btn-style_1 us_custom_510ba617 icon_atleft\" href=\"#\"><i class=\"material-icons\">task_alt<\/i><span class=\"w-btn-label\">non disponible<\/span><\/a><\/div><\/div><\/div><div class=\"wpb_column vc_column_container\"><div class=\"vc_column-inner\"><div class=\"w-image us_custom_be776f20 style_shadow-2 has_ratio align_none\"><div class=\"w-image-h\"><div style=\"padding-bottom:100%\"><\/div><div class=\"w-image-shadow\" style=\"background-image:url(https:\/\/plazadetorosdesantander.com\/wp-content\/uploads\/2024\/05\/Abonos-toros-santander-2024-1024x1024.webp);\"><\/div><img decoding=\"async\" width=\"1024\" height=\"1024\" src=\"https:\/\/plazadetorosdesantander.com\/wp-content\/uploads\/2024\/05\/Abonos-toros-santander-2024-1024x1024.webp\" class=\"attachment-large size-large\" alt=\"Abonnements pour le salon Santiago Santander 2024\" loading=\"lazy\" \/><\/div><\/div><\/div><\/div><\/div><\/div><\/section><section class=\"l-section wpb_row height_medium\"><div class=\"l-section-h i-cf\"><div class=\"g-cols vc_row via_grid cols_1 laptops-cols_inherit tablets-cols_inherit mobiles-cols_1 valign_top type_default stacking_default\"><div class=\"wpb_column vc_column_container\"><div class=\"vc_column-inner\"><div class=\"wpb_text_column us_custom_435c636a\"><div class=\"wpb_wrapper\"><h2 style=\"text-align: center;\">Que comprennent les abonnements ?<\/h2>\n<\/div><\/div><div class=\"w-separator size_medium\"><\/div><div class=\"g-cols wpb_row via_grid cols_3 laptops-cols_inherit tablets-cols_inherit mobiles-cols_1 valign_top type_default stacking_default\" style=\"--columns-gap:3rem;\"><div class=\"wpb_column vc_column_container\"><div class=\"vc_column-inner\"><div class=\"w-iconbox us_custom_13427bc9 iconpos_top style_circle color_primary align_left\"><div class=\"w-iconbox-icon\" style=\"font-size:1.8rem;\"><i class=\"fas fa-ticket\"><\/i><\/div><div class=\"w-iconbox-meta\"><h4 class=\"w-iconbox-title\">7 Entr\u00e9es<\/h4><div class=\"w-iconbox-text\"><p>Billets avec emplacement au choix du spectateur pour l&rsquo;ensemble de la corrida de Santander.<\/p>\n<\/div><\/div><\/div><\/div><\/div><div class=\"wpb_column vc_column_container\"><div class=\"vc_column-inner\"><div class=\"w-iconbox us_custom_13427bc9 iconpos_top style_circle color_primary align_left\"><div class=\"w-iconbox-icon\" style=\"font-size:1.8rem;\"><i class=\"fas fa-percent\"><\/i><\/div><div class=\"w-iconbox-meta\"><h4 class=\"w-iconbox-title\">20 % de r\u00e9duction<\/h4><div class=\"w-iconbox-text\"><p>\u00c9conomisez 20 % en achetant votre abonnement au lieu de billets individuels.<\/p>\n<\/div><\/div><\/div><\/div><\/div><div class=\"wpb_column vc_column_container\"><div class=\"vc_column-inner\"><div class=\"w-iconbox us_custom_13427bc9 iconpos_top style_circle color_primary align_left\"><div class=\"w-iconbox-icon\" style=\"font-size:1.8rem;\"><i class=\"fas fa-star-christmas\"><\/i><\/div><div class=\"w-iconbox-meta\"><h4 class=\"w-iconbox-title\">Localisation des sites<\/h4><div class=\"w-iconbox-text\"><p>Choisissez les meilleures places sur la place avant tout le monde. Vous aurez la priorit\u00e9 d&rsquo;achat sur les ventes de billets au guichet.<\/p>\n<\/div><\/div><\/div><\/div><\/div><\/div><\/div><\/div><\/div><\/div><\/section><section class=\"l-section wpb_row height_medium\"><div class=\"l-section-h i-cf\"><div class=\"g-cols vc_row via_grid cols_1 laptops-cols_inherit tablets-cols_inherit mobiles-cols_1 valign_top type_default stacking_default\"><div class=\"wpb_column vc_column_container\"><div class=\"vc_column-inner\"><div class=\"wpb_text_column\"><div class=\"wpb_wrapper\"><p style=\"text-align: center;\">\n<table id=\"tablepress-3\" class=\"tablepress tablepress-id-3\">\n<thead>\n<tr class=\"row-1\">\n\t<th class=\"column-1\">\u00c9v\u00e9nement taurin<\/th><th class=\"column-2\">Jour<\/th><th class=\"column-3\">Toreros qui participent<\/th>\n<\/tr>\n<\/thead>\n<tbody class=\"row-striping row-hover\">\n<tr class=\"row-2\">\n\t<td class=\"column-1\">Novillada<\/td><td class=\"column-2\">19 juillet<br \/>\n<\/td><td class=\"column-3\">El Parralejo para Diego Bastos, Bruno Aloi y El Mene<\/td>\n<\/tr>\n<tr class=\"row-3\">\n\t<td class=\"column-1\">Course de taureaux<\/td><td class=\"column-2\">20 juillet<br \/>\n<\/td><td class=\"column-3\">Los Espartales para Andy Cartagena y Diego Ventura<\/td>\n<\/tr>\n<tr class=\"row-4\">\n\t<td class=\"column-1\">Course de taureaux<\/td><td class=\"column-2\">21 juillet<br \/>\n<\/td><td class=\"column-3\">Juan Pedro Domecq para Fortes, Fernando Adri\u00e1n y Borja Jim\u00e9nez<\/td>\n<\/tr>\n<tr class=\"row-5\">\n\t<td class=\"column-1\">Course de taureaux<\/td><td class=\"column-2\">22 juillet<br \/>\n<\/td><td class=\"column-3\">Miura para Escribano, Galv\u00e1n y Casta\u00f1o<\/td>\n<\/tr>\n<tr class=\"row-6\">\n\t<td class=\"column-1\">Course de taureaux<\/td><td class=\"column-2\">23 juillet<br \/>\n<\/td><td class=\"column-3\">El Pilar, Hern\u00e1ndez y N\u00fa\u00f1ez para Morante y Ortega<\/td>\n<\/tr>\n<tr class=\"row-7\">\n\t<td class=\"column-1\">Course de taureaux<\/td><td class=\"column-2\">24 juillet<br \/>\n<\/td><td class=\"column-3\">El Puerto de San Lorenzo\/La Ventana del Puerto para Talavante, De Justo y Marco P\u00e9rez<\/td>\n<\/tr>\n<tr class=\"row-8\">\n\t<td class=\"column-1\">Course de taureaux<\/td><td class=\"column-2\">25 juillet<br \/>\n<\/td><td class=\"column-3\">Victorino Mart\u00edn para El Cid, Roca Rey y Jarocho<\/td>\n<\/tr>\n<tr class=\"row-9\">\n\t<td class=\"column-1\">Course de taureaux<\/td><td class=\"column-2\">26 juillet<br \/>\n<\/td><td class=\"column-3\">Domingo Hern\u00e1ndez para Cayetano, Ortega y Roca Rey<\/td>\n<\/tr>\n<\/tbody>\n<\/table>\n<!-- #tablepress-3 from cache --><\/p>\n<\/div><\/div><\/div><\/div><\/div><\/div><\/section>\n","protected":false},"excerpt":{"rendered":"Billets d&rsquo;abonnement F\u00e9ria Taurine de Santander\u00c9conomisez de l&rsquo;argent jusqu&rsquo;\u00e0 20 % de r\u00e9duction Disponibilit\u00e9 jusqu&rsquo;au 8 juillet task_altnon disponibleQue comprennent les abonnements ? 7 Entr\u00e9esBillets avec emplacement au choix du spectateur pour l'ensemble de la corrida de Santander. 20 % de r\u00e9duction\u00c9conomisez 20 % en achetant votre abonnement au lieu de billets individuels. Localisation des...","protected":false},"author":2,"featured_media":0,"parent":0,"menu_order":0,"comment_status":"closed","ping_status":"closed","template":"","meta":{"footnotes":""},"class_list":["post-271","page","type-page","status-publish","hentry"],"yoast_head":"<!-- This site is optimized with the Yoast SEO plugin v27.4 - https:\/\/yoast.com\/product\/yoast-seo-wordpress\/ -->\n<title>\u25b7 Tickets de saison Santander Bullring - R\u00e9servation \u00e0 l&#039;avance<\/title>\n<meta name=\"description\" content=\"Site Web des ar\u00e8nes de Santander | Achetez et r\u00e9servez votre abonnement pour les corridas jusqu&#039;\u00e0 25% du montant total.\" \/>\n<meta name=\"robots\" content=\"index, follow, max-snippet:-1, max-image-preview:large, max-video-preview:-1\" \/>\n<link rel=\"canonical\" href=\"https:\/\/plazadetorosdesantander.com\/fr\/abonnement\/\" \/>\n<meta property=\"og:locale\" content=\"fr_FR\" \/>\n<meta property=\"og:type\" content=\"article\" \/>\n<meta property=\"og:title\" content=\"\u25b7 Tickets de saison Santander Bullring - R\u00e9servation \u00e0 l&#039;avance\" \/>\n<meta property=\"og:description\" content=\"Site Web des ar\u00e8nes de Santander | Achetez et r\u00e9servez votre abonnement pour les corridas jusqu&#039;\u00e0 25% du montant total.\" \/>\n<meta property=\"og:url\" content=\"https:\/\/plazadetorosdesantander.com\/fr\/abonnement\/\" \/>\n<meta property=\"og:site_name\" content=\"Plaza Toros Santander\" \/>\n<meta property=\"article:modified_time\" content=\"2024-07-09T11:24:55+00:00\" \/>\n<meta name=\"twitter:card\" content=\"summary_large_image\" \/>\n<meta name=\"twitter:label1\" content=\"Dur\u00e9e de lecture estim\u00e9e\" \/>\n\t<meta name=\"twitter:data1\" content=\"1 minute\" \/>\n<script type=\"application\/ld+json\" class=\"yoast-schema-graph\">{\"@context\":\"https:\\\/\\\/schema.org\",\"@graph\":[{\"@type\":\"WebPage\",\"@id\":\"https:\\\/\\\/plazadetorosdesantander.com\\\/fr\\\/abonnement\\\/\",\"url\":\"https:\\\/\\\/plazadetorosdesantander.com\\\/fr\\\/abonnement\\\/\",\"name\":\"\u25b7 Tickets de saison Santander Bullring - R\u00e9servation \u00e0 l'avance\",\"isPartOf\":{\"@id\":\"https:\\\/\\\/plazadetorosdesantander.com\\\/fr\\\/#website\"},\"datePublished\":\"2024-04-02T13:38:54+00:00\",\"dateModified\":\"2024-07-09T11:24:55+00:00\",\"description\":\"Site Web des ar\u00e8nes de Santander | Achetez et r\u00e9servez votre abonnement pour les corridas jusqu'\u00e0 25% du montant total.\",\"breadcrumb\":{\"@id\":\"https:\\\/\\\/plazadetorosdesantander.com\\\/fr\\\/abonnement\\\/#breadcrumb\"},\"inLanguage\":\"fr-FR\",\"potentialAction\":[{\"@type\":\"ReadAction\",\"target\":[\"https:\\\/\\\/plazadetorosdesantander.com\\\/fr\\\/abonnement\\\/\"]}]},{\"@type\":\"BreadcrumbList\",\"@id\":\"https:\\\/\\\/plazadetorosdesantander.com\\\/fr\\\/abonnement\\\/#breadcrumb\",\"itemListElement\":[{\"@type\":\"ListItem\",\"position\":1,\"name\":\"Portada\",\"item\":\"https:\\\/\\\/plazadetorosdesantander.com\\\/fr\\\/accueil\\\/\"},{\"@type\":\"ListItem\",\"position\":2,\"name\":\"Abonnement\"}]},{\"@type\":\"WebSite\",\"@id\":\"https:\\\/\\\/plazadetorosdesantander.com\\\/fr\\\/#website\",\"url\":\"https:\\\/\\\/plazadetorosdesantander.com\\\/fr\\\/\",\"name\":\"Plaza Toros Santander\",\"description\":\"P\u00e1gina oficial Plaza de Toros Santander\",\"potentialAction\":[{\"@type\":\"SearchAction\",\"target\":{\"@type\":\"EntryPoint\",\"urlTemplate\":\"https:\\\/\\\/plazadetorosdesantander.com\\\/fr\\\/?s={search_term_string}\"},\"query-input\":{\"@type\":\"PropertyValueSpecification\",\"valueRequired\":true,\"valueName\":\"search_term_string\"}}],\"inLanguage\":\"fr-FR\"}]}<\/script>\n<!-- \/ Yoast SEO plugin. -->","yoast_head_json":{"title":"\u25b7 Tickets de saison Santander Bullring - R\u00e9servation \u00e0 l'avance","description":"Site Web des ar\u00e8nes de Santander | Achetez et r\u00e9servez votre abonnement pour les corridas jusqu'\u00e0 25% du montant total.","robots":{"index":"index","follow":"follow","max-snippet":"max-snippet:-1","max-image-preview":"max-image-preview:large","max-video-preview":"max-video-preview:-1"},"canonical":"https:\/\/plazadetorosdesantander.com\/fr\/abonnement\/","og_locale":"fr_FR","og_type":"article","og_title":"\u25b7 Tickets de saison Santander Bullring - R\u00e9servation \u00e0 l'avance","og_description":"Site Web des ar\u00e8nes de Santander | Achetez et r\u00e9servez votre abonnement pour les corridas jusqu'\u00e0 25% du montant total.","og_url":"https:\/\/plazadetorosdesantander.com\/fr\/abonnement\/","og_site_name":"Plaza Toros Santander","article_modified_time":"2024-07-09T11:24:55+00:00","twitter_card":"summary_large_image","twitter_misc":{"Dur\u00e9e de lecture estim\u00e9e":"1 minute"},"schema":{"@context":"https:\/\/schema.org","@graph":[{"@type":"WebPage","@id":"https:\/\/plazadetorosdesantander.com\/fr\/abonnement\/","url":"https:\/\/plazadetorosdesantander.com\/fr\/abonnement\/","name":"\u25b7 Tickets de saison Santander Bullring - R\u00e9servation \u00e0 l'avance","isPartOf":{"@id":"https:\/\/plazadetorosdesantander.com\/fr\/#website"},"datePublished":"2024-04-02T13:38:54+00:00","dateModified":"2024-07-09T11:24:55+00:00","description":"Site Web des ar\u00e8nes de Santander | Achetez et r\u00e9servez votre abonnement pour les corridas jusqu'\u00e0 25% du montant total.","breadcrumb":{"@id":"https:\/\/plazadetorosdesantander.com\/fr\/abonnement\/#breadcrumb"},"inLanguage":"fr-FR","potentialAction":[{"@type":"ReadAction","target":["https:\/\/plazadetorosdesantander.com\/fr\/abonnement\/"]}]},{"@type":"BreadcrumbList","@id":"https:\/\/plazadetorosdesantander.com\/fr\/abonnement\/#breadcrumb","itemListElement":[{"@type":"ListItem","position":1,"name":"Portada","item":"https:\/\/plazadetorosdesantander.com\/fr\/accueil\/"},{"@type":"ListItem","position":2,"name":"Abonnement"}]},{"@type":"WebSite","@id":"https:\/\/plazadetorosdesantander.com\/fr\/#website","url":"https:\/\/plazadetorosdesantander.com\/fr\/","name":"Plaza Toros Santander","description":"P\u00e1gina oficial Plaza de Toros Santander","potentialAction":[{"@type":"SearchAction","target":{"@type":"EntryPoint","urlTemplate":"https:\/\/plazadetorosdesantander.com\/fr\/?s={search_term_string}"},"query-input":{"@type":"PropertyValueSpecification","valueRequired":true,"valueName":"search_term_string"}}],"inLanguage":"fr-FR"}]}},"_links":{"self":[{"href":"https:\/\/plazadetorosdesantander.com\/fr\/wp-json\/wp\/v2\/pages\/271","targetHints":{"allow":["GET"]}}],"collection":[{"href":"https:\/\/plazadetorosdesantander.com\/fr\/wp-json\/wp\/v2\/pages"}],"about":[{"href":"https:\/\/plazadetorosdesantander.com\/fr\/wp-json\/wp\/v2\/types\/page"}],"author":[{"embeddable":true,"href":"https:\/\/plazadetorosdesantander.com\/fr\/wp-json\/wp\/v2\/users\/2"}],"replies":[{"embeddable":true,"href":"https:\/\/plazadetorosdesantander.com\/fr\/wp-json\/wp\/v2\/comments?post=271"}],"version-history":[{"count":14,"href":"https:\/\/plazadetorosdesantander.com\/fr\/wp-json\/wp\/v2\/pages\/271\/revisions"}],"predecessor-version":[{"id":2778,"href":"https:\/\/plazadetorosdesantander.com\/fr\/wp-json\/wp\/v2\/pages\/271\/revisions\/2778"}],"wp:attachment":[{"href":"https:\/\/plazadetorosdesantander.com\/fr\/wp-json\/wp\/v2\/media?parent=271"}],"curies":[{"name":"wp","href":"https:\/\/api.w.org\/{rel}","templated":true}]}}