{"id":281,"date":"2024-04-04T07:44:18","date_gmt":"2024-04-04T07:44:18","guid":{"rendered":"https:\/\/plazadetorosdesantander.com\/blog\/"},"modified":"2024-04-04T07:44:18","modified_gmt":"2024-04-04T07:44:18","slug":"blog","status":"publish","type":"page","link":"https:\/\/plazadetorosdesantander.com\/fr\/blog\/","title":{"rendered":"Blog"},"content":{"rendered":"","protected":false},"excerpt":{"rendered":"","protected":false},"author":2,"featured_media":0,"parent":0,"menu_order":0,"comment_status":"closed","ping_status":"closed","template":"","meta":{"footnotes":""},"class_list":["post-281","page","type-page","status-publish","hentry"],"yoast_head":"<!-- This site is optimized with the Yoast SEO plugin v27.4 - https:\/\/yoast.com\/product\/yoast-seo-wordpress\/ -->\n<title>Blog Ar\u00e8nes Santander | Actualit\u00e9s des ar\u00e8nes<\/title>\n<meta name=\"description\" content=\"D\u00e9couvrez l&#039;actualit\u00e9 des ar\u00e8nes de Santander et retrouvez toutes les nouvelles : Curiosit\u00e9s, communiqu\u00e9s de presse et bien plus encore.\" \/>\n<meta name=\"robots\" content=\"index, follow, max-snippet:-1, max-image-preview:large, max-video-preview:-1\" \/>\n<link rel=\"canonical\" href=\"https:\/\/plazadetorosdesantander.com\/fr\/blog\/\" \/>\n<meta property=\"og:locale\" content=\"fr_FR\" \/>\n<meta property=\"og:type\" content=\"article\" \/>\n<meta property=\"og:title\" content=\"Blog Ar\u00e8nes Santander | Actualit\u00e9s des ar\u00e8nes\" \/>\n<meta property=\"og:description\" content=\"D\u00e9couvrez l&#039;actualit\u00e9 des ar\u00e8nes de Santander et retrouvez toutes les nouvelles : Curiosit\u00e9s, communiqu\u00e9s de presse et bien plus encore.\" \/>\n<meta property=\"og:url\" content=\"https:\/\/plazadetorosdesantander.com\/fr\/blog\/\" \/>\n<meta property=\"og:site_name\" content=\"Plaza Toros Santander\" \/>\n<meta name=\"twitter:card\" content=\"summary_large_image\" \/>\n<script type=\"application\/ld+json\" class=\"yoast-schema-graph\">{\"@context\":\"https:\\\/\\\/schema.org\",\"@graph\":[{\"@type\":\"WebPage\",\"@id\":\"https:\\\/\\\/plazadetorosdesantander.com\\\/fr\\\/blog\\\/\",\"url\":\"https:\\\/\\\/plazadetorosdesantander.com\\\/fr\\\/blog\\\/\",\"name\":\"Blog Ar\u00e8nes Santander | Actualit\u00e9s des ar\u00e8nes\",\"isPartOf\":{\"@id\":\"https:\\\/\\\/plazadetorosdesantander.com\\\/fr\\\/#website\"},\"datePublished\":\"2024-04-04T07:44:18+00:00\",\"description\":\"D\u00e9couvrez l'actualit\u00e9 des ar\u00e8nes de Santander et retrouvez toutes les nouvelles : Curiosit\u00e9s, communiqu\u00e9s de presse et bien plus encore.\",\"breadcrumb\":{\"@id\":\"https:\\\/\\\/plazadetorosdesantander.com\\\/fr\\\/blog\\\/#breadcrumb\"},\"inLanguage\":\"fr-FR\",\"potentialAction\":[{\"@type\":\"ReadAction\",\"target\":[\"https:\\\/\\\/plazadetorosdesantander.com\\\/fr\\\/blog\\\/\"]}]},{\"@type\":\"BreadcrumbList\",\"@id\":\"https:\\\/\\\/plazadetorosdesantander.com\\\/fr\\\/blog\\\/#breadcrumb\",\"itemListElement\":[{\"@type\":\"ListItem\",\"position\":1,\"name\":\"Portada\",\"item\":\"https:\\\/\\\/plazadetorosdesantander.com\\\/fr\\\/accueil\\\/\"},{\"@type\":\"ListItem\",\"position\":2,\"name\":\"Blog\"}]},{\"@type\":\"WebSite\",\"@id\":\"https:\\\/\\\/plazadetorosdesantander.com\\\/fr\\\/#website\",\"url\":\"https:\\\/\\\/plazadetorosdesantander.com\\\/fr\\\/\",\"name\":\"Plaza Toros Santander\",\"description\":\"P\u00e1gina oficial Plaza de Toros Santander\",\"potentialAction\":[{\"@type\":\"SearchAction\",\"target\":{\"@type\":\"EntryPoint\",\"urlTemplate\":\"https:\\\/\\\/plazadetorosdesantander.com\\\/fr\\\/?s={search_term_string}\"},\"query-input\":{\"@type\":\"PropertyValueSpecification\",\"valueRequired\":true,\"valueName\":\"search_term_string\"}}],\"inLanguage\":\"fr-FR\"}]}<\/script>\n<!-- \/ Yoast SEO plugin. -->","yoast_head_json":{"title":"Blog Ar\u00e8nes Santander | Actualit\u00e9s des ar\u00e8nes","description":"D\u00e9couvrez l'actualit\u00e9 des ar\u00e8nes de Santander et retrouvez toutes les nouvelles : Curiosit\u00e9s, communiqu\u00e9s de presse et bien plus encore.","robots":{"index":"index","follow":"follow","max-snippet":"max-snippet:-1","max-image-preview":"max-image-preview:large","max-video-preview":"max-video-preview:-1"},"canonical":"https:\/\/plazadetorosdesantander.com\/fr\/blog\/","og_locale":"fr_FR","og_type":"article","og_title":"Blog Ar\u00e8nes Santander | Actualit\u00e9s des ar\u00e8nes","og_description":"D\u00e9couvrez l'actualit\u00e9 des ar\u00e8nes de Santander et retrouvez toutes les nouvelles : Curiosit\u00e9s, communiqu\u00e9s de presse et bien plus encore.","og_url":"https:\/\/plazadetorosdesantander.com\/fr\/blog\/","og_site_name":"Plaza Toros Santander","twitter_card":"summary_large_image","schema":{"@context":"https:\/\/schema.org","@graph":[{"@type":"WebPage","@id":"https:\/\/plazadetorosdesantander.com\/fr\/blog\/","url":"https:\/\/plazadetorosdesantander.com\/fr\/blog\/","name":"Blog Ar\u00e8nes Santander | Actualit\u00e9s des ar\u00e8nes","isPartOf":{"@id":"https:\/\/plazadetorosdesantander.com\/fr\/#website"},"datePublished":"2024-04-04T07:44:18+00:00","description":"D\u00e9couvrez l'actualit\u00e9 des ar\u00e8nes de Santander et retrouvez toutes les nouvelles : Curiosit\u00e9s, communiqu\u00e9s de presse et bien plus encore.","breadcrumb":{"@id":"https:\/\/plazadetorosdesantander.com\/fr\/blog\/#breadcrumb"},"inLanguage":"fr-FR","potentialAction":[{"@type":"ReadAction","target":["https:\/\/plazadetorosdesantander.com\/fr\/blog\/"]}]},{"@type":"BreadcrumbList","@id":"https:\/\/plazadetorosdesantander.com\/fr\/blog\/#breadcrumb","itemListElement":[{"@type":"ListItem","position":1,"name":"Portada","item":"https:\/\/plazadetorosdesantander.com\/fr\/accueil\/"},{"@type":"ListItem","position":2,"name":"Blog"}]},{"@type":"WebSite","@id":"https:\/\/plazadetorosdesantander.com\/fr\/#website","url":"https:\/\/plazadetorosdesantander.com\/fr\/","name":"Plaza Toros Santander","description":"P\u00e1gina oficial Plaza de Toros Santander","potentialAction":[{"@type":"SearchAction","target":{"@type":"EntryPoint","urlTemplate":"https:\/\/plazadetorosdesantander.com\/fr\/?s={search_term_string}"},"query-input":{"@type":"PropertyValueSpecification","valueRequired":true,"valueName":"search_term_string"}}],"inLanguage":"fr-FR"}]}},"_links":{"self":[{"href":"https:\/\/plazadetorosdesantander.com\/fr\/wp-json\/wp\/v2\/pages\/281","targetHints":{"allow":["GET"]}}],"collection":[{"href":"https:\/\/plazadetorosdesantander.com\/fr\/wp-json\/wp\/v2\/pages"}],"about":[{"href":"https:\/\/plazadetorosdesantander.com\/fr\/wp-json\/wp\/v2\/types\/page"}],"author":[{"embeddable":true,"href":"https:\/\/plazadetorosdesantander.com\/fr\/wp-json\/wp\/v2\/users\/2"}],"replies":[{"embeddable":true,"href":"https:\/\/plazadetorosdesantander.com\/fr\/wp-json\/wp\/v2\/comments?post=281"}],"version-history":[{"count":0,"href":"https:\/\/plazadetorosdesantander.com\/fr\/wp-json\/wp\/v2\/pages\/281\/revisions"}],"wp:attachment":[{"href":"https:\/\/plazadetorosdesantander.com\/fr\/wp-json\/wp\/v2\/media?parent=281"}],"curies":[{"name":"wp","href":"https:\/\/api.w.org\/{rel}","templated":true}]}}