{"id":299,"date":"2024-04-02T11:58:47","date_gmt":"2024-04-02T11:58:47","guid":{"rendered":"https:\/\/plazadetorosdesantander.com\/avis-juridique\/"},"modified":"2024-04-08T11:40:30","modified_gmt":"2024-04-08T11:40:30","slug":"avis-juridique","status":"publish","type":"page","link":"https:\/\/plazadetorosdesantander.com\/fr\/avis-juridique\/","title":{"rendered":"Avis juridique"},"content":{"rendered":"<section class=\"l-section wpb_row height_medium\"><div class=\"l-section-h i-cf\"><div class=\"g-cols vc_row via_grid cols_1 laptops-cols_inherit tablets-cols_inherit mobiles-cols_1 valign_top type_default stacking_default\"><div class=\"wpb_column vc_column_container\"><div class=\"vc_column-inner\"><div class=\"wpb_text_column\"><div class=\"wpb_wrapper\"><h1>AVIS JURIDIQUE<\/h1>\n<p>Conform\u00e9ment \u00e0 l&rsquo;obligation d&rsquo;information pr\u00e9vue \u00e0 l&rsquo;article 10 de la loi 34\/2002, du 11 juillet, sur les services de la soci\u00e9t\u00e9 de l&rsquo;information et le commerce \u00e9lectronique (LSSICE), le propri\u00e9taire du site web vous informe de ce qui suit :<\/p>\n<ul>\n<li>\n<ul>\n<li>Nom de l&rsquo;entreprise : Toroshopping, S.L.<\/li>\n<li>NUM\u00c9RO DE TVA : B92950146<\/li>\n<li>Adresse : Centro Melior Vasari. Urbanizaci\u00f3n La Alzambra, 3, Local 1, 29660 &#8211; Marbella (M\u00e1laga)<\/li>\n<\/ul>\n<\/li>\n<\/ul>\n<p>Inscrit au registre du commerce de Malaga dans le volume 4566, folio 11, section, num\u00e9ro de page MA-98915, inscription 1.<\/p>\n<p>Dans les limites \u00e9tablies par la loi, Toroshopping, S.L. n&rsquo;assume aucune responsabilit\u00e9 pour le manque de v\u00e9racit\u00e9, d&rsquo;exhaustivit\u00e9, de mise \u00e0 jour et d&rsquo;exactitude des donn\u00e9es ou de l&rsquo;information contenues dans ses pages web.<\/p>\n<p>Le contenu et l&rsquo;information n&rsquo;engagent pas Toroshopping, S.L. et ne constituent pas des opinions, des conseils ou des avis juridiques de quelque nature que ce soit, puisqu&rsquo;il s&rsquo;agit simplement d&rsquo;un service offert \u00e0 des fins d&rsquo;information et d&rsquo;information.<\/p>\n<p>Les pages Internet de Toroshopping, S.L. peuvent contenir des liens vers d&rsquo;autres pages de tiers que Toroshopping, S.L. ne peut contr\u00f4ler. Par cons\u00e9quent, Toroshopping, S.L. ne peut assumer la responsabilit\u00e9 du contenu qui peut appara\u00eetre sur les sites web de tiers.<\/p>\n<p>Les textes, images, sons, animations, logiciels et autres contenus inclus dans ce site web sont la propri\u00e9t\u00e9 exclusive de Toroshopping, S.L. ou de ses conc\u00e9dants de licence. Tout acte de transmission, distribution, transfert, reproduction, stockage ou communication publique totale ou partielle doit faire l&rsquo;objet d&rsquo;un consentement expr\u00e8s de Toroshopping, S.L..<\/p>\n<p>De m\u00eame, pour acc\u00e9der \u00e0 certains des services que Toroshopping, S.L. offre \u00e0 travers le site web, vous devez fournir certaines donn\u00e9es personnelles. Conform\u00e9ment aux dispositions du R\u00e8glement (UE) 2016\/679 du Parlement europ\u00e9en et du Conseil du 27 avril 2016 relatif \u00e0 la protection des personnes physiques \u00e0 l&rsquo;\u00e9gard du traitement des donn\u00e9es \u00e0 caract\u00e8re personnel et \u00e0 la libre circulation de ces donn\u00e9es, nous vous informons qu&rsquo;en remplissant ces formulaires, vos donn\u00e9es personnelles seront stock\u00e9es et trait\u00e9es dans les fichiers de Toroshopping, S.L. afin de vous fournir et de vous offrir nos services et de vous informer des am\u00e9liorations apport\u00e9es au site Web.<\/p>\n<p>Nous vous informons \u00e9galement que vous pouvez \u00e0 tout moment exercer vos droits d&rsquo;acc\u00e8s, de rectification, d&rsquo;annulation, d&rsquo;opposition, de limitation et de portabilit\u00e9 de vos donn\u00e9es personnelles, gratuitement, en envoyant un courrier \u00e9lectronique \u00e0 : <a href=\"mailto:info@toroshopping.com\" target=\"_blank\" rel=\"noopener\">info@toroshopping.com<\/a> ou \u00e0 l&rsquo;adresse : Centro Melior Vasari. Urbanizaci\u00f3n La Alzambra, 3, Local 1, 29660 &#8211; Marbella (M\u00e1laga).<\/p>\n<\/div><\/div><\/div><\/div><\/div><\/div><\/section>\n","protected":false},"excerpt":{"rendered":"AVIS JURIDIQUE Conform\u00e9ment \u00e0 l&rsquo;obligation d&rsquo;information pr\u00e9vue \u00e0 l&rsquo;article 10 de la loi 34\/2002, du 11 juillet, sur les services de la soci\u00e9t\u00e9 de l&rsquo;information et le commerce \u00e9lectronique (LSSICE), le propri\u00e9taire du site web vous informe de ce qui suit : Nom de l&rsquo;entreprise : Toroshopping, S.L. NUM\u00c9RO DE TVA : B92950146 Adresse :...","protected":false},"author":2,"featured_media":0,"parent":0,"menu_order":0,"comment_status":"closed","ping_status":"closed","template":"","meta":{"footnotes":""},"class_list":["post-299","page","type-page","status-publish","hentry"],"yoast_head":"<!-- This site is optimized with the Yoast SEO plugin v27.4 - https:\/\/yoast.com\/product\/yoast-seo-wordpress\/ -->\n<title>Avis juridique - Plaza Toros Santander<\/title>\n<meta name=\"robots\" content=\"noindex, follow\" \/>\n<meta property=\"og:locale\" content=\"fr_FR\" \/>\n<meta property=\"og:type\" content=\"article\" \/>\n<meta property=\"og:title\" content=\"Avis juridique - Plaza Toros Santander\" \/>\n<meta property=\"og:url\" content=\"https:\/\/plazadetorosdesantander.com\/fr\/avis-juridique\/\" \/>\n<meta property=\"og:site_name\" content=\"Plaza Toros Santander\" \/>\n<meta property=\"article:modified_time\" content=\"2024-04-08T11:40:30+00:00\" \/>\n<meta name=\"twitter:card\" content=\"summary_large_image\" \/>\n<meta name=\"twitter:label1\" content=\"Dur\u00e9e de lecture estim\u00e9e\" \/>\n\t<meta name=\"twitter:data1\" content=\"2 minutes\" \/>\n<script type=\"application\/ld+json\" class=\"yoast-schema-graph\">{\"@context\":\"https:\\\/\\\/schema.org\",\"@graph\":[{\"@type\":\"WebPage\",\"@id\":\"https:\\\/\\\/plazadetorosdesantander.com\\\/fr\\\/avis-juridique\\\/\",\"url\":\"https:\\\/\\\/plazadetorosdesantander.com\\\/fr\\\/avis-juridique\\\/\",\"name\":\"Avis juridique - Plaza Toros Santander\",\"isPartOf\":{\"@id\":\"https:\\\/\\\/plazadetorosdesantander.com\\\/fr\\\/#website\"},\"datePublished\":\"2024-04-02T11:58:47+00:00\",\"dateModified\":\"2024-04-08T11:40:30+00:00\",\"breadcrumb\":{\"@id\":\"https:\\\/\\\/plazadetorosdesantander.com\\\/fr\\\/avis-juridique\\\/#breadcrumb\"},\"inLanguage\":\"fr-FR\",\"potentialAction\":[{\"@type\":\"ReadAction\",\"target\":[\"https:\\\/\\\/plazadetorosdesantander.com\\\/fr\\\/avis-juridique\\\/\"]}]},{\"@type\":\"BreadcrumbList\",\"@id\":\"https:\\\/\\\/plazadetorosdesantander.com\\\/fr\\\/avis-juridique\\\/#breadcrumb\",\"itemListElement\":[{\"@type\":\"ListItem\",\"position\":1,\"name\":\"Portada\",\"item\":\"https:\\\/\\\/plazadetorosdesantander.com\\\/fr\\\/accueil\\\/\"},{\"@type\":\"ListItem\",\"position\":2,\"name\":\"Avis juridique\"}]},{\"@type\":\"WebSite\",\"@id\":\"https:\\\/\\\/plazadetorosdesantander.com\\\/fr\\\/#website\",\"url\":\"https:\\\/\\\/plazadetorosdesantander.com\\\/fr\\\/\",\"name\":\"Plaza Toros Santander\",\"description\":\"P\u00e1gina oficial Plaza de Toros Santander\",\"potentialAction\":[{\"@type\":\"SearchAction\",\"target\":{\"@type\":\"EntryPoint\",\"urlTemplate\":\"https:\\\/\\\/plazadetorosdesantander.com\\\/fr\\\/?s={search_term_string}\"},\"query-input\":{\"@type\":\"PropertyValueSpecification\",\"valueRequired\":true,\"valueName\":\"search_term_string\"}}],\"inLanguage\":\"fr-FR\"}]}<\/script>\n<!-- \/ Yoast SEO plugin. -->","yoast_head_json":{"title":"Avis juridique - Plaza Toros Santander","robots":{"index":"noindex","follow":"follow"},"og_locale":"fr_FR","og_type":"article","og_title":"Avis juridique - Plaza Toros Santander","og_url":"https:\/\/plazadetorosdesantander.com\/fr\/avis-juridique\/","og_site_name":"Plaza Toros Santander","article_modified_time":"2024-04-08T11:40:30+00:00","twitter_card":"summary_large_image","twitter_misc":{"Dur\u00e9e de lecture estim\u00e9e":"2 minutes"},"schema":{"@context":"https:\/\/schema.org","@graph":[{"@type":"WebPage","@id":"https:\/\/plazadetorosdesantander.com\/fr\/avis-juridique\/","url":"https:\/\/plazadetorosdesantander.com\/fr\/avis-juridique\/","name":"Avis juridique - Plaza Toros Santander","isPartOf":{"@id":"https:\/\/plazadetorosdesantander.com\/fr\/#website"},"datePublished":"2024-04-02T11:58:47+00:00","dateModified":"2024-04-08T11:40:30+00:00","breadcrumb":{"@id":"https:\/\/plazadetorosdesantander.com\/fr\/avis-juridique\/#breadcrumb"},"inLanguage":"fr-FR","potentialAction":[{"@type":"ReadAction","target":["https:\/\/plazadetorosdesantander.com\/fr\/avis-juridique\/"]}]},{"@type":"BreadcrumbList","@id":"https:\/\/plazadetorosdesantander.com\/fr\/avis-juridique\/#breadcrumb","itemListElement":[{"@type":"ListItem","position":1,"name":"Portada","item":"https:\/\/plazadetorosdesantander.com\/fr\/accueil\/"},{"@type":"ListItem","position":2,"name":"Avis juridique"}]},{"@type":"WebSite","@id":"https:\/\/plazadetorosdesantander.com\/fr\/#website","url":"https:\/\/plazadetorosdesantander.com\/fr\/","name":"Plaza Toros Santander","description":"P\u00e1gina oficial Plaza de Toros Santander","potentialAction":[{"@type":"SearchAction","target":{"@type":"EntryPoint","urlTemplate":"https:\/\/plazadetorosdesantander.com\/fr\/?s={search_term_string}"},"query-input":{"@type":"PropertyValueSpecification","valueRequired":true,"valueName":"search_term_string"}}],"inLanguage":"fr-FR"}]}},"_links":{"self":[{"href":"https:\/\/plazadetorosdesantander.com\/fr\/wp-json\/wp\/v2\/pages\/299","targetHints":{"allow":["GET"]}}],"collection":[{"href":"https:\/\/plazadetorosdesantander.com\/fr\/wp-json\/wp\/v2\/pages"}],"about":[{"href":"https:\/\/plazadetorosdesantander.com\/fr\/wp-json\/wp\/v2\/types\/page"}],"author":[{"embeddable":true,"href":"https:\/\/plazadetorosdesantander.com\/fr\/wp-json\/wp\/v2\/users\/2"}],"replies":[{"embeddable":true,"href":"https:\/\/plazadetorosdesantander.com\/fr\/wp-json\/wp\/v2\/comments?post=299"}],"version-history":[{"count":2,"href":"https:\/\/plazadetorosdesantander.com\/fr\/wp-json\/wp\/v2\/pages\/299\/revisions"}],"predecessor-version":[{"id":301,"href":"https:\/\/plazadetorosdesantander.com\/fr\/wp-json\/wp\/v2\/pages\/299\/revisions\/301"}],"wp:attachment":[{"href":"https:\/\/plazadetorosdesantander.com\/fr\/wp-json\/wp\/v2\/media?parent=299"}],"curies":[{"name":"wp","href":"https:\/\/api.w.org\/{rel}","templated":true}]}}