{"id":308,"date":"2024-04-02T11:53:37","date_gmt":"2024-04-02T11:53:37","guid":{"rendered":"https:\/\/plazadetorosdesantander.com\/condiciones-generales\/"},"modified":"2024-04-24T14:09:23","modified_gmt":"2024-04-24T14:09:23","slug":"conditions-generales","status":"publish","type":"page","link":"https:\/\/plazadetorosdesantander.com\/fr\/conditions-generales\/","title":{"rendered":"Conditions g\u00e9n\u00e9rales"},"content":{"rendered":"<section class=\"l-section wpb_row height_medium\"><div class=\"l-section-h i-cf\"><div class=\"g-cols vc_row via_grid cols_1 laptops-cols_inherit tablets-cols_inherit mobiles-cols_1 valign_top type_default stacking_default\"><div class=\"wpb_column vc_column_container\"><div class=\"vc_column-inner\"><div class=\"wpb_text_column\"><div class=\"wpb_wrapper\"><h1>Conditions g\u00e9n\u00e9rales<\/h1>\n<p>https:\/\/plazadetorosdesantander.com (ci-apr\u00e8s, le Site Web) est un site Web appartenant \u00e0 Toroshopping, S.L., ci-apr\u00e8s LE PROPRI\u00c9TAIRE, avec le num\u00e9ro CIF\/NIF : B92950146 et son si\u00e8ge social \u00e0 : Centro Melior Vasari. Urbanisation La Alzambra, 3, Local 1, C.P. 29660 \u2013 Marbella (Malaga).<\/p>\n<p>L&rsquo;acc\u00e8s, la reproduction et l&rsquo;utilisation des services du Site n\u00e9cessitent l&rsquo;acceptation pr\u00e9alable des Conditions d&rsquo;Utilisation en vigueur \u00e0 tout moment ; LE PROPRI\u00c9TAIRE se r\u00e9serve le droit de modifier ces Conditions lorsqu&rsquo;il le jugera appropri\u00e9, en publiant le nouveau texte sur le Site Internet. Il appartient \u00e0 l&rsquo;utilisateur de conna\u00eetre les Conditions d&rsquo;Utilisation avant d&rsquo;acc\u00e9der aux produits et services du Site Internet ; Si vous n&rsquo;\u00eates pas satisfait de<br \/>\nNous vous demandons de ne pas les utiliser.<\/p>\n<p>&nbsp;<\/p>\n<p>PROPRI\u00c9T\u00c9<\/p>\n<p>Le Site Internet est une \u0153uvre compos\u00e9e de divers \u00e9l\u00e9ments int\u00e9gr\u00e9s et indissociables (textes, illustrations, photographies, images anim\u00e9es, vid\u00e9os, programmes informatiques, incluant les codes html du site Internet, etc.), dont la Propri\u00e9t\u00e9 Intellectuelle correspond au PROPRI\u00c9TAIRE, \u00e0 l&rsquo;exception de ceux mat\u00e9riaux obtenus sous licence aupr\u00e8s de tiers.<br \/>\nLE PROPRI\u00c9TAIRE et ses conc\u00e9dants de licence conservent \u00e0 tout moment la Propri\u00e9t\u00e9 Intellectuelle sur le Site Web et sur les diff\u00e9rents \u00e9l\u00e9ments qui le composent, consid\u00e9r\u00e9s individuellement, dans toutes les copies r\u00e9alis\u00e9es (quel que soit le support sur lequel elles sont incorpor\u00e9es), en leur accordant uniquement les droits d&rsquo;utilisation. d\u00e9crit ci-dessous. Tout droit non express\u00e9ment c\u00e9d\u00e9 est consid\u00e9r\u00e9 comme r\u00e9serv\u00e9.<br \/>\nEn plus de ce qui pr\u00e9c\u00e8de, LE PROPRI\u00c9TAIRE est responsable de la s\u00e9lection, de la conception de la structure et de la pr\u00e9sentation du contenu du site Web, ainsi que de celui qui a pris l&rsquo;initiative et a assum\u00e9 le risque de r\u00e9aliser des investissements substantiels visant \u00e0 obtenir, num\u00e9riser et pr\u00e9senter de celui-ci, correspondant donc \u00e0 la protection que l&rsquo;article 12 et le titre VIII du livre II de la loi sur la propri\u00e9t\u00e9 intellectuelle peuvent accorder au site Internet, consid\u00e9r\u00e9 comme une base de donn\u00e9es.<br \/>\nLE PROPRI\u00c9TAIRE est \u00e9galement le seul propri\u00e9taire de la conception et de l&rsquo;image graphique du Site Web, se r\u00e9servant les actions en justice pertinentes qui pourraient s&rsquo;appliquer \u00e0 l&rsquo;encontre des personnes qui en feraient des imitations ou des utilisations d\u00e9loyales.<\/p>\n<p>&nbsp;<\/p>\n<p>CONTENUS WEB ET T\u00c9L\u00c9CHARGEMENTS. UTILISATIONS AUTORIS\u00c9ES ET INTERDITES.<\/p>\n<p>C&rsquo;est permis:<br \/>\n\u2022 Naviguer sur le Web, c&rsquo;est-\u00e0-dire y acc\u00e9der et le visualiser sur un appareil, toute reproduction temporaire ou accessoire \u00e9tant autoris\u00e9e, \u00e0 condition qu&rsquo;elle ne soit pas volontaire et qu&rsquo;elle fasse partie int\u00e9grante et essentielle du processus de transmission technologique. La navigation dans certaines rubriques du Site n\u00e9cessite une inscription pr\u00e9alable.<br \/>\n\u2022 B\u00e9n\u00e9ficier (d\u00e8s l&rsquo;inscription) des services et avantages fournis par LE PROPRI\u00c9TAIRE \u00e0 travers le Site Internet \u00e0 ses utilisateurs, dans les conditions express\u00e9ment indiqu\u00e9es dans les diff\u00e9rentes rubriques.<br \/>\nIl est strictement interdit :<br \/>\n\u2022 Toute op\u00e9ration concernant le Site Web, son contenu, les produits t\u00e9l\u00e9charg\u00e9s et leurs copies contraires \u00e0 la loi, aux bonnes m\u0153urs et \u00e0 la bonne foi.<br \/>\n\u2022 Toute utilisation en dehors de la sph\u00e8re personnelle et priv\u00e9e, notamment celles qui poursuivent des finalit\u00e9s commerciales ou professionnelles, notamment l&rsquo;envoi de publicit\u00e9s ou de messages et la collecte et le traitement de donn\u00e9es de tiers.<br \/>\n\u2022 Tout type d&rsquo;extraction, communication publique et\/ou transmission, totale ou partielle, par quelque moyen que ce soit, en dehors du cadre priv\u00e9 d&rsquo;utilisation autoris\u00e9e et, notamment, son incorporation dans toute autre \u0153uvre, y compris des pages Web, des collections ou des bases de donn\u00e9es. La publication dans les m\u00e9dias de documents t\u00e9l\u00e9chargeables \u00e0 partir de la section Salle de presse est exclue de cette interdiction.<br \/>\n\u2022 La suppression, la dissimulation ou la falsification des avis et avertissements concernant la propri\u00e9t\u00e9 intellectuelle ou industrielle du site Web ou de l&rsquo;un des produits fournis par son interm\u00e9diaire.<br \/>\n\u2022 Op\u00e9rations et activit\u00e9s express\u00e9ment interdites dans toute autre section des pr\u00e9sentes Conditions G\u00e9n\u00e9rales et, en g\u00e9n\u00e9ral, celles qui pourraient nuire au fonctionnement normal du Site Web, des autres utilisateurs ou de tout tiers.<\/p>\n<p>LIENS VERS LE WEB<\/p>\n<p>\u2022 L&rsquo;\u00e9tablissement de liens et d&rsquo;hyperliens avec le Web \u00e0 partir d&rsquo;autres pages ou sites Web est autoris\u00e9, \u00e0 condition qu&rsquo;ils ne soient pas effectu\u00e9s de mani\u00e8re \u00e0 nuire au public et \u00e0 l&rsquo;image de marque du PROPRI\u00c9TAIRE, du Web ou de l&rsquo;une des personnes et produits r\u00e9f\u00e9renc\u00e9s. \u00e0 l&rsquo;int\u00e9rieur. Lors de l&rsquo;\u00e9tablissement de liens avec le Site Web, l&rsquo;utilisation de techniques impliquant une confusion sur l&rsquo;identit\u00e9 et la propri\u00e9t\u00e9 du contenu, telles que le framing ou autres, est express\u00e9ment interdite.<br \/>\n\u2022 L&rsquo;\u00e9tablissement de liens \u00e0 partir de pages ou de sites Web dont le contenu promeut ou excuse, directement ou indirectement, tout type de violence, discrimination, pornographie ou activit\u00e9 ill\u00e9gale est interdit. De m\u00eame, la mise en place de liens \u00e0 des fins commerciales est express\u00e9ment interdite.<\/p>\n<p>Lors de la cr\u00e9ation des liens, l&rsquo;utilisation d&rsquo;\u00e9l\u00e9ments extraits du Web est express\u00e9ment interdite sans l&rsquo;accord pr\u00e9alable et expr\u00e8s du PROPRI\u00c9TAIRE. En aucun cas, on ne peut comprendre que les liens vers le Web \u00e0 partir de pages ou de sites Web de tiers impliquent des relations entre LE PROPRI\u00c9TAIRE et leurs propri\u00e9taires, ni n&rsquo;impliquent une approbation, un parrainage ou une recommandation du PROPRI\u00c9TAIRE \u00e0 leur sujet, de sorte que LE PROPRI\u00c9TAIRE ne sera enti\u00e8rement responsable de son contenu et de sa l\u00e9galit\u00e9.<\/p>\n<p>&nbsp;<\/p>\n<p>CONTENU ET COMPORTEMENT DE L&rsquo;UTILISATEUR<\/p>\n<p>En tant que client ou utilisateur du Site Web, vous vous engagez \u00e0 faire un usage appropri\u00e9 des contenus et services propos\u00e9s par son interm\u00e9diaire et \u00e0 ne pas les utiliser pour\u00a0:<br \/>\n\u2022 S&rsquo;impliquer dans des activit\u00e9s illicites, ill\u00e9gales ou contraires \u00e0 la bonne foi et \u00e0 l&rsquo;ordre public.<br \/>\n\u2022 Diffuser des contenus ou de la propagande \u00e0 caract\u00e8re raciste, x\u00e9nophobe, pornographique, pr\u00f4nant le terrorisme ou violant les droits de l&rsquo;homme.<br \/>\n\u2022 Provoquer des dommages aux syst\u00e8mes physiques et logiques du PROPRI\u00c9TAIRE, de ses fournisseurs ou de tiers, introduire ou propager sur le r\u00e9seau des virus informatiques ou tout autre syst\u00e8me physique ou logique susceptible de provoquer les dommages susmentionn\u00e9s.<br \/>\n\u2022 Diffuser des contenus qui menacent l&rsquo;image et la r\u00e9putation du PROPRI\u00c9TAIRE ou de tiers.<br \/>\n\u2022 Attaquer les droits intellectuels, industriels, d&rsquo;image, d&rsquo;honneur ou autres droits de propri\u00e9t\u00e9 qui correspondent au PROPRI\u00c9TAIRE ou \u00e0 des tiers.<br \/>\nLE PROPRI\u00c9TAIRE aura toute libert\u00e9 de d\u00e9cision quant \u00e0 la publication d\u00e9finitive ou non des collaborations et des messages sur le Web, et aura le droit de les supprimer lorsqu&rsquo;il le jugera opportun.<br \/>\nLa violation de l&rsquo;une des r\u00e8gles contenues dans les pr\u00e9sentes Conditions d&rsquo;utilisation et en particulier de ce qui est pr\u00e9vu dans cette clause, autorisera LE PROPRI\u00c9TAIRE \u00e0 vous r\u00e9silier imm\u00e9diatement en tant qu&rsquo;utilisateur ou abonn\u00e9 du Site Web.<\/p>\n<h2><strong>BILLETTERIE<\/strong><\/h2>\n<p><strong>TARIFS ET DISPONIBILIT\u00c9 DES BILLETS.<\/strong><\/p>\n<p>Les prix des billets varient en fonction du type de spectacle (novillada, rejones ou corrida) et de l&#8217;emplacement des places (soleil, ombre, soleil et ombre et ligne).<\/p>\n<p>Pour la gestion de ces billets, un suppl\u00e9ment de 10% est major\u00e9 du prix de la billetterie web officielle, qui s&rsquo;ajoute au prix des billets, TVA incluse.<\/p>\n<p>La vente de billets est ferme et ne permet aucune annulation par l&rsquo;Utilisateur pour quelque motif que ce soit.<\/p>\n<p>Les prix et la disponibilit\u00e9 des billets sont valables et garantis jusqu&rsquo;\u00e0 \u00e9puisement des billets. Les erreurs typographiques ou toute modification de prix effectu\u00e9e par la soci\u00e9t\u00e9 organisatrice du spectacle taurin et g\u00e9rant les ar\u00e8nes (ci-apr\u00e8s \u00ab l&rsquo;Organisateur \u00bb) sont exclues. Dans ce dernier cas, l&rsquo;Utilisateur devra adresser toute r\u00e9clamation \u00e0 ce dernier.<\/p>\n<p>Les r\u00e9servations seront trait\u00e9es par ordre de r\u00e9ception. Nous essaierons toujours d&rsquo;attribuer des si\u00e8ges cons\u00e9cutifs, et nous contacterons le client pour l&rsquo;informer de tout probl\u00e8me \u00e0 cet \u00e9gard (qui pourrait survenir s&rsquo;il vend de nombreux billets) et nous proposerons alors des billets alternatifs (par exemple pour une autre zone, ou sur deux rang\u00e9es, etc.) . Nous ne pouvons toutefois garantir \u00e0 l\u2019Utilisateur la disponibilit\u00e9 de places cons\u00e9cutives, notamment en cas d\u2019achat de plus de 4 places. Lorsque la r\u00e9attribution n&rsquo;est pas possible, les billets seront r\u00e9put\u00e9s avoir \u00e9t\u00e9 solidement acquis par l&rsquo;Utilisateur.<\/p>\n<p>Dans le cas o\u00f9 l&rsquo;Utilisateur a achet\u00e9 un billet apr\u00e8s que les places aient \u00e9t\u00e9 \u00e9puis\u00e9es, le montant pay\u00e9 \u00e0 l&rsquo;Utilisateur sera rembours\u00e9 dans un d\u00e9lai de cinq (5) jours \u00e0 compter du jour o\u00f9 cette circonstance est communiqu\u00e9e. L&rsquo;Utilisateur reconna\u00eet express\u00e9ment qu&rsquo;il n&rsquo;aura droit \u00e0 aucun remboursement compl\u00e9mentaire \u00e0 titre d&rsquo;indemnit\u00e9 ou assimil\u00e9.<\/p>\n<p>Nous ne proposons ni ne g\u00e9rons de r\u00e9servations avec des r\u00e9ductions sp\u00e9ciales, telles que les groupes, les retrait\u00e9s, les jeunes, les personnes handicap\u00e9es, le prix \u00e9tant uniquement pour les adultes.<\/p>\n<p><strong>\u00c9MISSION DES BILLETS.<\/strong><\/p>\n<p>L&rsquo;Utilisateur ach\u00e8te le billet aupr\u00e8s de l&rsquo;Organisateur, qui oi sera envoy\u00e9 par email au format pdf quelques jours avant la date de l&rsquo;\u00e9v\u00e9nement, accompagn\u00e9 de notre re\u00e7u ou facture incluant nos frais de gestion.<\/p>\n<p><strong>MODALIT\u00c9S D&rsquo;ACHAT<\/strong><\/p>\n<p>L&rsquo;Utilitaire est payable par Visa ou Mastercard avec notre plateforme 100% s\u00e9curis\u00e9e via Stripe. Le syst\u00e8me demande \u00e0 l&rsquo;utilisateur le num\u00e9ro de carte, la date d&rsquo;expiration et le CCV (3 chiffres derri\u00e8re la carte). Il est probable que votre banque contienne \u00e9galement un code sp\u00e9cial pour confirmer les donn\u00e9es en ligne.<\/p>\n<p>En aucun cas nous ne conservons votre coordination bancaire, celles-ci \u00e9tant g\u00e9r\u00e9es par les plateformes de paiement s\u00e9curis\u00e9 conventionn\u00e9es. Il est de la responsabilit\u00e9 de l&rsquo;Utilisateur de lire attentivement les conditions d&rsquo;utilisation et la politique de confidentialit\u00e9 desdites passerelles de paiement avant d&rsquo;effectuer le paiement.<\/p>\n<p><strong>RETOUR.<\/strong><\/p>\n<p>Les remboursements du montant des billets achet\u00e9s ne sont pas autoris\u00e9s. L&rsquo;impossibilit\u00e9 d&rsquo;assister \u00e0 une repr\u00e9sentation ou toute erreur commise par l&rsquo;Utilisateur lors de l&rsquo;achat ne sera pas un motif valable pour proc\u00e9der au remboursement du montant pay\u00e9.<\/p>\n<p>En tant que point de vente officiel, les billets propos\u00e9s \u00e0 la vente sont \u00e9mis directement par la soci\u00e9t\u00e9 gestionnaire des ar\u00e8nes de Santander (c&rsquo;est-\u00e0-dire par l&rsquo;Organisateur). L&rsquo;Utilisateur re\u00e7oit l&rsquo;inscription officielle de l&rsquo;entreprise par email au format pdf.<\/p>\n<p>Contre les modifications intervenant apr\u00e8s l&rsquo;achat des billets, telles que (\u00e0 titre d&rsquo;exemple uniquement) : changement de date, d&rsquo;heure, d&rsquo;affiche, substitutions, annulations et\/ou tout autre \u00e9v\u00e9nement. L&rsquo;Utilisateur reconna\u00eet express\u00e9ment que toute r\u00e9clamation doit \u00eatre d\u00e9pos\u00e9e directement aupr\u00e8s de l&rsquo;Organisateur.<\/p>\n<p>L&rsquo;ex\u00e9cution de tout remboursement sera soumise aux conditions de l&rsquo;Organisateur et aux dispositions de la l\u00e9gislation en vigueur, \u00e9tant dans tous les cas subordonn\u00e9e \u00e0 la possession du billet officiel, complet, intact et non manipul\u00e9 ou endommag\u00e9.<\/p>\n<p>Le remboursement du montant du billet en cas de suspension, de report ou de modification d\u00e9butera et prendra fin au moment indiqu\u00e9 par l&rsquo;Organisateur \u00e0 la billetterie officielle de la soci\u00e9t\u00e9 organisatrice et selon les conditions indiqu\u00e9es au dos de chaque billet officiel.<\/p>\n<p>Si le spectacle est suspendu une fois commenc\u00e9, pour des raisons non imputables \u00e0 l&rsquo;Organisateur ou en raison d&rsquo;intemp\u00e9ries, une fois la premi\u00e8re carcasse entr\u00e9e dans le ring, l&rsquo;Utilisateur n&rsquo;aura droit \u00e0 aucun remboursement.<\/p>\n<p>Ce n&rsquo;est que lorsque l&rsquo;Organisateur donne un ordre express de restitution des billets que le montant du billet peut \u00eatre rembours\u00e9 (mais pas les frais de gestion de la plateforme de billetterie et ceux de notre soci\u00e9t\u00e9). De telles annulations se produisent g\u00e9n\u00e9ralement dans des cas tels que des annulations et des changements de date.<\/p>\n<p>MENORES DE EDAD \u00f3 PERSONAS CON DISCAPACIDAD<\/p>\n<p>No emitimos entradas para colectivos como menores de edad o personas con discapacidad, jubilados, o carn\u00e9 joven. Para ello debe dirigirse directamente a la Taquilla de La plaza de toros del Organizador.<\/p>\n<p><strong>DROITS D&rsquo;ADMISSION<\/strong><\/p>\n<p>L&rsquo;Organisateur se r\u00e9serve le droit d&rsquo;admission et pourra inscrire le public pr\u00e9sent \u00e0 l&rsquo;acc\u00e8s aux ar\u00e8nes. L&rsquo;entr\u00e9e avec tout objet pouvant \u00eatre consid\u00e9r\u00e9 comme dangereux n&rsquo;est pas autoris\u00e9e. L\u2019entr\u00e9e avec de la nourriture et des boissons n\u2019est g\u00e9n\u00e9ralement pas non plus autoris\u00e9e.<\/p>\n<p>L&rsquo;Organisation a le pouvoir d&rsquo;autoriser l&rsquo;entr\u00e9e \u00e0 la corrida une fois qu&rsquo;elle a commenc\u00e9, ainsi que d&rsquo;autoriser l&rsquo;entr\u00e9e et la sortie du lieu pendant celle-ci.<\/p>\n<p>Toute r\u00e9clamation relative \u00e0 la repr\u00e9sentation, \u00e0 la suspension, \u00e0 la modification ou \u00e0 l&rsquo;annulation du spectacle doit \u00eatre adress\u00e9e \u00e0 l&rsquo;Organisateur et l&rsquo;Utilisateur doit conserver le billet pour sa pr\u00e9sentation.<\/p>\n<p>Toute r\u00e9clamation formul\u00e9e par l&rsquo;Utilisateur sera effectu\u00e9e directement aupr\u00e8s de l&rsquo;Organisateur. Il est rappel\u00e9 \u00e0 l&rsquo;Utilisateur que la responsabilit\u00e9 de l&rsquo;\u00e9v\u00e9nement incombera exclusivement \u00e0 l&rsquo;Organisateur.<\/p>\n<p><strong>LOI APPLICABLE ET JURIDICTION.<\/strong><\/p>\n<p>Ces conditions d&rsquo;achat sont r\u00e9gies par la loi espagnole. Les parties se soumettent, pour la r\u00e9solution des conflits et renon\u00e7ant \u00e0 toute autre juridiction, aux cours et tribunaux du domicile de l&rsquo;Utilisateur comme pr\u00e9vu par la l\u00e9gislation en vigueur. Lorsque les utilisateurs ont leur domicile en dehors du territoire espagnol, les dispositions l\u00e9gales applicables en mati\u00e8re de juridiction comp\u00e9tente s&rsquo;appliqueront, \u00e0 d\u00e9faut de quoi les parties se soumettront aux cours et tribunaux de la capitale Madrid.<\/p>\n<p><strong>PROTECTION DE DONN\u00c9ES<\/strong><\/p>\n<p>Les informations ou donn\u00e9es personnelles que vous nous fournissez seront trait\u00e9es conform\u00e9ment aux dispositions de la Politique de Confidentialit\u00e9. En utilisant ce site Internet, vous consentez au traitement desdites informations et donn\u00e9es et vous d\u00e9clarez que toutes les informations ou donn\u00e9es que vous nous fournissez sont v\u00e9ridiques et correspondent \u00e0 la r\u00e9alit\u00e9.<\/p>\n<p>MODIFICATIONS<\/p>\n<p>LE PROPRI\u00c9TAIRE se r\u00e9serve le droit d&rsquo;apporter, sans pr\u00e9avis, toutes modifications qu&rsquo;il jugera appropri\u00e9es sur le site Web, et pourra changer, supprimer ou ajouter tant le contenu que les services fournis par son interm\u00e9diaire, ainsi que la mani\u00e8re dont ils apparaissent pr\u00e9sent\u00e9s ou localis\u00e9s. .<br \/>\nBien que LE PROPRI\u00c9TAIRE s&rsquo;efforce de maintenir \u00e0 jour et exemptes d&rsquo;erreurs les informations contenues sur le site Web, il n&rsquo;offre aucune garantie quant \u00e0 son exactitude et sa mise \u00e0 jour. L&rsquo;obtention d&rsquo;un r\u00e9sultat ou d&rsquo;une finalit\u00e9 sp\u00e9cifique n&rsquo;est pas non plus garantie, l&rsquo;acc\u00e8s et l&rsquo;utilisation du site Web rel\u00e8vent donc de la responsabilit\u00e9 exclusive des utilisateurs et des clients.<\/p>\n<p><strong>ACTIONS L\u00c9GALES<\/strong><\/p>\n<p>LE PROPRI\u00c9TAIRE poursuivra le non-respect des pr\u00e9sentes Conditions d&rsquo;Utilisation, ainsi que toute utilisation inappropri\u00e9e du Site Web ou de son contenu, les violations des droits qui lui correspondent ou ses conc\u00e9dants de licence, notamment ceux de Propri\u00e9t\u00e9 Intellectuelle et Industrielle, exer\u00e7ant toutes actions. civile et p\u00e9nale, cela peut y correspondre en droit.<\/p>\n<p><strong>R\u00c8GLEMENT EXTRAJUDICIAIRE DES DIFF\u00c9RENDS<\/strong><\/p>\n<p>De m\u00eame, dans les termes pr\u00e9vus \u00e0 l&rsquo;article 14 du r\u00e8glement UE 524\/2013 relatif au r\u00e8glement des litiges de consommation, un lien direct est fourni vers la plateforme de r\u00e8glement en ligne des litiges :<br \/>\nhttps:\/\/ec.europa.eu\/consumers\/odr\/main\/index.cfm<\/p>\n<p><strong>LOI APPLICABLE ET JURIDICTION<\/strong><\/p>\n<p>Pour toute controverse ou conflit pouvant survenir, d\u00e9coulant de ces termes ou conditions, la loi espagnole s&rsquo;appliquera. La r\u00e9solution des conflits judiciaires sera soumise \u00e0 la comp\u00e9tence des Cours et Tribunaux du domicile de l&rsquo;utilisateur ou du client.<\/p>\n<p><strong>SERVICE CLIENT<\/strong><\/p>\n<p>Vous pouvez nous contacter via le chat sur le site Web ou via l&rsquo;adresse e-mail suivante : info@plazadetorosdesantander.com.<\/p>\n<p>Nous r\u00e9pondrons dans les plus brefs d\u00e9lais \u00e0 vos questions<\/p>\n<\/div><\/div><\/div><\/div><\/div><\/div><\/section>\n","protected":false},"excerpt":{"rendered":"Conditions g\u00e9n\u00e9rales https:\/\/plazadetorosdesantander.com (ci-apr\u00e8s, le Site Web) est un site Web appartenant \u00e0 Toroshopping, S.L., ci-apr\u00e8s LE PROPRI\u00c9TAIRE, avec le num\u00e9ro CIF\/NIF : B92950146 et son si\u00e8ge social \u00e0 : Centro Melior Vasari. Urbanisation La Alzambra, 3, Local 1, C.P. 29660 \u2013 Marbella (Malaga). L&rsquo;acc\u00e8s, la reproduction et l&rsquo;utilisation des services du Site n\u00e9cessitent l&rsquo;acceptation...","protected":false},"author":2,"featured_media":0,"parent":0,"menu_order":0,"comment_status":"closed","ping_status":"closed","template":"","meta":{"footnotes":""},"class_list":["post-308","page","type-page","status-publish","hentry"],"yoast_head":"<!-- This site is optimized with the Yoast SEO plugin v27.4 - https:\/\/yoast.com\/product\/yoast-seo-wordpress\/ -->\n<title>Conditions g\u00e9n\u00e9rales - Plaza Toros Santander<\/title>\n<meta name=\"robots\" content=\"noindex, follow\" \/>\n<meta property=\"og:locale\" content=\"fr_FR\" \/>\n<meta property=\"og:type\" content=\"article\" \/>\n<meta property=\"og:title\" content=\"Conditions g\u00e9n\u00e9rales - Plaza Toros Santander\" \/>\n<meta property=\"og:url\" content=\"https:\/\/plazadetorosdesantander.com\/fr\/conditions-generales\/\" \/>\n<meta property=\"og:site_name\" content=\"Plaza Toros Santander\" \/>\n<meta property=\"article:modified_time\" content=\"2024-04-24T14:09:23+00:00\" \/>\n<meta name=\"twitter:card\" content=\"summary_large_image\" \/>\n<meta name=\"twitter:label1\" content=\"Dur\u00e9e de lecture estim\u00e9e\" \/>\n\t<meta name=\"twitter:data1\" content=\"11 minutes\" \/>\n<script type=\"application\/ld+json\" class=\"yoast-schema-graph\">{\"@context\":\"https:\\\/\\\/schema.org\",\"@graph\":[{\"@type\":\"WebPage\",\"@id\":\"https:\\\/\\\/plazadetorosdesantander.com\\\/fr\\\/conditions-generales\\\/\",\"url\":\"https:\\\/\\\/plazadetorosdesantander.com\\\/fr\\\/conditions-generales\\\/\",\"name\":\"Conditions g\u00e9n\u00e9rales - Plaza Toros Santander\",\"isPartOf\":{\"@id\":\"https:\\\/\\\/plazadetorosdesantander.com\\\/fr\\\/#website\"},\"datePublished\":\"2024-04-02T11:53:37+00:00\",\"dateModified\":\"2024-04-24T14:09:23+00:00\",\"breadcrumb\":{\"@id\":\"https:\\\/\\\/plazadetorosdesantander.com\\\/fr\\\/conditions-generales\\\/#breadcrumb\"},\"inLanguage\":\"fr-FR\",\"potentialAction\":[{\"@type\":\"ReadAction\",\"target\":[\"https:\\\/\\\/plazadetorosdesantander.com\\\/fr\\\/conditions-generales\\\/\"]}]},{\"@type\":\"BreadcrumbList\",\"@id\":\"https:\\\/\\\/plazadetorosdesantander.com\\\/fr\\\/conditions-generales\\\/#breadcrumb\",\"itemListElement\":[{\"@type\":\"ListItem\",\"position\":1,\"name\":\"Portada\",\"item\":\"https:\\\/\\\/plazadetorosdesantander.com\\\/fr\\\/accueil\\\/\"},{\"@type\":\"ListItem\",\"position\":2,\"name\":\"Conditions g\u00e9n\u00e9rales\"}]},{\"@type\":\"WebSite\",\"@id\":\"https:\\\/\\\/plazadetorosdesantander.com\\\/fr\\\/#website\",\"url\":\"https:\\\/\\\/plazadetorosdesantander.com\\\/fr\\\/\",\"name\":\"Plaza Toros Santander\",\"description\":\"P\u00e1gina oficial Plaza de Toros Santander\",\"potentialAction\":[{\"@type\":\"SearchAction\",\"target\":{\"@type\":\"EntryPoint\",\"urlTemplate\":\"https:\\\/\\\/plazadetorosdesantander.com\\\/fr\\\/?s={search_term_string}\"},\"query-input\":{\"@type\":\"PropertyValueSpecification\",\"valueRequired\":true,\"valueName\":\"search_term_string\"}}],\"inLanguage\":\"fr-FR\"}]}<\/script>\n<!-- \/ Yoast SEO plugin. -->","yoast_head_json":{"title":"Conditions g\u00e9n\u00e9rales - Plaza Toros Santander","robots":{"index":"noindex","follow":"follow"},"og_locale":"fr_FR","og_type":"article","og_title":"Conditions g\u00e9n\u00e9rales - Plaza Toros Santander","og_url":"https:\/\/plazadetorosdesantander.com\/fr\/conditions-generales\/","og_site_name":"Plaza Toros Santander","article_modified_time":"2024-04-24T14:09:23+00:00","twitter_card":"summary_large_image","twitter_misc":{"Dur\u00e9e de lecture estim\u00e9e":"11 minutes"},"schema":{"@context":"https:\/\/schema.org","@graph":[{"@type":"WebPage","@id":"https:\/\/plazadetorosdesantander.com\/fr\/conditions-generales\/","url":"https:\/\/plazadetorosdesantander.com\/fr\/conditions-generales\/","name":"Conditions g\u00e9n\u00e9rales - Plaza Toros Santander","isPartOf":{"@id":"https:\/\/plazadetorosdesantander.com\/fr\/#website"},"datePublished":"2024-04-02T11:53:37+00:00","dateModified":"2024-04-24T14:09:23+00:00","breadcrumb":{"@id":"https:\/\/plazadetorosdesantander.com\/fr\/conditions-generales\/#breadcrumb"},"inLanguage":"fr-FR","potentialAction":[{"@type":"ReadAction","target":["https:\/\/plazadetorosdesantander.com\/fr\/conditions-generales\/"]}]},{"@type":"BreadcrumbList","@id":"https:\/\/plazadetorosdesantander.com\/fr\/conditions-generales\/#breadcrumb","itemListElement":[{"@type":"ListItem","position":1,"name":"Portada","item":"https:\/\/plazadetorosdesantander.com\/fr\/accueil\/"},{"@type":"ListItem","position":2,"name":"Conditions g\u00e9n\u00e9rales"}]},{"@type":"WebSite","@id":"https:\/\/plazadetorosdesantander.com\/fr\/#website","url":"https:\/\/plazadetorosdesantander.com\/fr\/","name":"Plaza Toros Santander","description":"P\u00e1gina oficial Plaza de Toros Santander","potentialAction":[{"@type":"SearchAction","target":{"@type":"EntryPoint","urlTemplate":"https:\/\/plazadetorosdesantander.com\/fr\/?s={search_term_string}"},"query-input":{"@type":"PropertyValueSpecification","valueRequired":true,"valueName":"search_term_string"}}],"inLanguage":"fr-FR"}]}},"_links":{"self":[{"href":"https:\/\/plazadetorosdesantander.com\/fr\/wp-json\/wp\/v2\/pages\/308","targetHints":{"allow":["GET"]}}],"collection":[{"href":"https:\/\/plazadetorosdesantander.com\/fr\/wp-json\/wp\/v2\/pages"}],"about":[{"href":"https:\/\/plazadetorosdesantander.com\/fr\/wp-json\/wp\/v2\/types\/page"}],"author":[{"embeddable":true,"href":"https:\/\/plazadetorosdesantander.com\/fr\/wp-json\/wp\/v2\/users\/2"}],"replies":[{"embeddable":true,"href":"https:\/\/plazadetorosdesantander.com\/fr\/wp-json\/wp\/v2\/comments?post=308"}],"version-history":[{"count":7,"href":"https:\/\/plazadetorosdesantander.com\/fr\/wp-json\/wp\/v2\/pages\/308\/revisions"}],"predecessor-version":[{"id":530,"href":"https:\/\/plazadetorosdesantander.com\/fr\/wp-json\/wp\/v2\/pages\/308\/revisions\/530"}],"wp:attachment":[{"href":"https:\/\/plazadetorosdesantander.com\/fr\/wp-json\/wp\/v2\/media?parent=308"}],"curies":[{"name":"wp","href":"https:\/\/api.w.org\/{rel}","templated":true}]}}