{"id":329,"date":"2024-03-27T10:37:54","date_gmt":"2024-03-27T10:37:54","guid":{"rendered":"https:\/\/plazadetorosdesantander.com\/politique-de-confidentialite\/"},"modified":"2024-04-08T12:19:15","modified_gmt":"2024-04-08T12:19:15","slug":"politique-de-confidentialite","status":"publish","type":"page","link":"https:\/\/plazadetorosdesantander.com\/fr\/politique-de-confidentialite\/","title":{"rendered":"Politique de confidentialit\u00e9"},"content":{"rendered":"<section class=\"l-section wpb_row height_medium\"><div class=\"l-section-h i-cf\"><div class=\"g-cols vc_row via_grid cols_1 laptops-cols_inherit tablets-cols_inherit mobiles-cols_1 valign_top type_default stacking_default\"><div class=\"wpb_column vc_column_container\"><div class=\"vc_column-inner\"><div class=\"wpb_text_column\"><div class=\"wpb_wrapper\"><h1>PROTECTION DES DONN\u00c9ES PERSONNELLES SELON LE RGPD<\/h1>\n<p>Toroshopping, S.L., en application de la r\u00e9glementation en vigueur sur la protection des donn\u00e9es personnelles, informe que les donn\u00e9es personnelles collect\u00e9es via les formulaires du site Web : https:\/\/plazadetorosdesantander.com, sont incluses dans les fichiers de processus automatis\u00e9s sp\u00e9cifiques pour les utilisateurs des services. de Toroshopping, S.L.<\/p>\n<p>Le but de la collecte et du traitement automatis\u00e9 des donn\u00e9es personnelles est de maintenir la relation commerciale et de r\u00e9aliser des activit\u00e9s d\u2019information, de formation, de conseil et d\u2019autres activit\u00e9s de Toroshopping, S.L.<\/p>\n<p>Ces donn\u00e9es ne seront transf\u00e9r\u00e9es qu\u2019aux entit\u00e9s n\u00e9cessaires dans le seul but de respecter la finalit\u00e9 indiqu\u00e9e pr\u00e9c\u00e9demment.<\/p>\n<p>Toroshopping, S.L. adopte les mesures n\u00e9cessaires pour garantir la s\u00e9curit\u00e9, l\u2019int\u00e9grit\u00e9 et la confidentialit\u00e9 des donn\u00e9es conform\u00e9ment aux dispositions du r\u00e8glement (UE) 2016\/679 du Parlement europ\u00e9en et du Conseil du 27 avril 2016 relatif \u00e0 la protection des personnes physiques concernant le traitement des donn\u00e9es personnelles et leur libre circulation, et abrogeant l\u2019ancienne LOPD, la nouvelle loi organique 3\/2018, du 5 d\u00e9cembre, sur la protection des donn\u00e9es et la garantie des droits num\u00e9riques (LOPDGDD).<\/p>\n<p>L\u2019utilisateur peut \u00e0 tout moment exercer les droits d\u2019acc\u00e8s, d\u2019opposition, de rectification, d\u2019annulation, de limitation et de portabilit\u00e9 reconnus dans le r\u00e8glement (UE) susmentionn\u00e9. L\u2019utilisateur peut exercer ces droits en envoyant un e-mail \u00e0 : info@toroshopping.com ou \u00e0 l\u2019adresse : Centro Melior Vasari. Urbanisation La Alzambra, 3, Local 1, C.P. 29660 \u2013 Marbella (Malaga).<\/p>\n<p>L\u2019utilisateur d\u00e9clare que toutes les donn\u00e9es fournies par lui sont v\u00e9ridiques et exactes et s\u2019engage \u00e0 les maintenir \u00e0 jour, en communiquant les modifications \u00e0 Toroshopping, S.L.<\/p>\n<h2>Finalit\u00e9 Du Traitement Des Donn\u00e9es Personnelles :<\/h2>\n<p>Dans quel but traiterons-nous vos donn\u00e9es personnelles ?<\/p>\n<p>Chez Toroshopping, S.L., nous traiterons vos donn\u00e9es personnelles collect\u00e9es via le site Web : https:\/\/plazadetorosdesantander.com, aux fins suivantes :<\/p>\n<p>Se conformer aux obligations commerciales, sociales, sociales et comptables de l\u2019entreprise.<br \/>\nFournir ses services en fonction des besoins particuliers des clients, afin d\u2019ex\u00e9cuter les contrats sign\u00e9s par lui.<br \/>\nEnvoi d\u2019informations commerciales et de newsletters sur les nouveaux services propos\u00e9s sur le web et dans le secteur.<br \/>\nAcqu\u00e9rir les produits propos\u00e9s via le site Web.<br \/>\nFournir les services contract\u00e9s par l\u2019utilisateur.<br \/>\nEnvoyez des informations promotionnelles par voie \u00e9lectronique.<br \/>\nFournissez les informations demand\u00e9es par l\u2019utilisateur via le formulaire de contact.<br \/>\nNous vous rappelons que vous pouvez vous opposer \u00e0 l\u2019envoi de communications commerciales par tout moyen et \u00e0 tout moment, en envoyant un email \u00e0 l\u2019adresse indiqu\u00e9e ci-dessus.<\/p>\n<p>Les champs de ces enregistrements sont obligatoires, rendant impossible la r\u00e9alisation des finalit\u00e9s exprim\u00e9es si ces donn\u00e9es ne sont pas fournies.<\/p>\n<p><strong>Combien de temps les donn\u00e9es personnelles collect\u00e9es sont-elles conserv\u00e9es ?<\/strong><\/p>\n<p>Les donn\u00e9es personnelles fournies seront conserv\u00e9es aussi longtemps que la relation commerciale est maintenue ou que vous ne demandez pas leur suppression et pendant la p\u00e9riode pendant laquelle des responsabilit\u00e9s l\u00e9gales pourraient survenir pour les services fournis.<\/p>\n<h2>L\u00e9gitimation:<\/h2>\n<p>Le traitement de vos donn\u00e9es est effectu\u00e9 avec les bases juridiques suivantes qui le l\u00e9gitiment :<\/p>\n<p>La demande d\u2019informations et\/ou la souscription des services de Toroshopping, S.L., dont les termes et conditions seront mis \u00e0 votre disposition dans tous les cas, pr\u00e9alablement \u00e0 un \u00e9ventuel contrat.<br \/>\nConsentement libre, sp\u00e9cifique, \u00e9clair\u00e9 et sans \u00e9quivoque, comme nous vous l\u2019informons en mettant \u00e0 votre disposition cette politique de confidentialit\u00e9, qu\u2019apr\u00e8s l\u2019avoir lue, si vous l\u2019acceptez, vous pouvez l\u2019accepter au moyen d\u2019une d\u00e9claration ou d\u2019une action positive claire, comme cocher une case pr\u00e9vue \u00e0 cet effet. dans ce but.<br \/>\nSi vous ne nous fournissez pas vos donn\u00e9es ou si vous les fournissez de mani\u00e8re incorrecte ou incompl\u00e8te, nous ne serons pas en mesure de r\u00e9pondre \u00e0 votre demande, ce qui rendra totalement impossible de vous fournir les informations demand\u00e9es ou d\u2019effectuer la sous-traitance des services.<\/p>\n<h2>Destinataires\u00a0:<\/h2>\n<p>Les donn\u00e9es ne seront communiqu\u00e9es \u00e0 aucun tiers autre que Toroshopping, S.L., sauf obligation l\u00e9gale.<\/p>\n<h2>Donn\u00e9es Collect\u00e9es Par Les Utilisateurs Des Services<\/h2>\n<p>Dans les cas o\u00f9 l\u2019utilisateur inclut des fichiers contenant des donn\u00e9es personnelles sur des serveurs d\u2019h\u00e9bergement partag\u00e9, Toroshopping, S.L. n\u2019est pas responsable du non-respect par l\u2019utilisateur du RGPD.<\/p>\n<h2>Droits De Propri\u00e9t\u00e9 Intellectuelle<\/h2>\n<p>Toroshopping, S.L. est propri\u00e9taire de tous les droits d\u2019auteur, de propri\u00e9t\u00e9 intellectuelle et industrielle, du \u00ab savoir-faire \u00bb et de tout autre droit li\u00e9 au contenu du site https:\/\/plazadetorosdesantander.com et aux services qui y sont propos\u00e9s, ainsi qu\u2019aux programmes n\u00e9cessaires \u00e0 sa mise en \u0153uvre et informations connexes.<\/p>\n<p>La reproduction, la publication et\/ou l\u2019utilisation non strictement priv\u00e9e du contenu, total ou partiel, du site https:\/\/plazadetorosdesantander.com sont interdites sans autorisation \u00e9crite pr\u00e9alable.<\/p>\n<h2>Propri\u00e9t\u00e9 Intellectuelle Des Logiciels<\/h2>\n<p>L\u2019utilisateur doit respecter les programmes tiers mis \u00e0 sa disposition par Toroshopping, S.L., m\u00eame s\u2019ils sont gratuits et\/ou accessibles au public.<\/p>\n<p>Toroshopping, S.L. dispose des droits d\u2019exploitation et de propri\u00e9t\u00e9 intellectuelle n\u00e9cessaires sur le logiciel.<\/p>\n<p>L\u2019utilisateur n\u2019acquiert aucun droit ou licence sur le service contract\u00e9, sur le logiciel n\u00e9cessaire \u00e0 la fourniture du service, ni sur les informations techniques pour le suivi du service, \u00e0 l\u2019exception des droits et licences n\u00e9cessaires \u00e0 l\u2019ex\u00e9cution des services contract\u00e9s et seulement pendant leur dur\u00e9e.<\/p>\n<p>Pour toute action d\u00e9passant l\u2019ex\u00e9cution du contrat, l\u2019utilisateur aura besoin de l\u2019autorisation \u00e9crite de Toroshopping, S.L., et il lui est interdit d\u2019acc\u00e9der, de modifier, de visualiser la configuration, la structure et les fichiers des serveurs appartenant \u00e0 Toroshopping, S.L., en assumant la responsabilit\u00e9. civile et p\u00e9nale d\u00e9coulant de tout incident pouvant survenir dans les serveurs et les syst\u00e8mes de s\u00e9curit\u00e9 en cons\u00e9quence directe d\u2019une action n\u00e9gligente ou malveillante de votre part.<\/p>\n<h2>Propri\u00e9t\u00e9 Intellectuelle Du Contenu H\u00e9berg\u00e9<\/h2>\n<p>L\u2019utilisation contraire \u00e0 la l\u00e9gislation sur la propri\u00e9t\u00e9 intellectuelle des services fournis par Toroshopping, S.L. est interdite. et en particulier:<\/p>\n<p>Utilisation contraire aux lois espagnoles ou portant atteinte aux droits de tiers.<br \/>\nLa publication ou la transmission de tout contenu qui, de l\u2019avis de Toroshopping, S.L., est violent, obsc\u00e8ne, abusif, ill\u00e9gal, racial, x\u00e9nophobe ou diffamatoire.<br \/>\nCracks, num\u00e9ros de s\u00e9rie de programmes ou tout autre contenu qui viole les droits de propri\u00e9t\u00e9 intellectuelle de tiers.<br \/>\nLa collecte et\/ou l\u2019utilisation de donn\u00e9es personnelles d\u2019autres utilisateurs sans leur consentement expr\u00e8s ou en violation des dispositions du r\u00e8glement (UE) 2016\/679 du Parlement europ\u00e9en et du Conseil, du 27 avril 2016, relatif \u00e0 la protection des personnes physiques \u00e0 l\u2019\u00e9gard du traitement des donn\u00e9es \u00e0 caract\u00e8re personnel et de leur libre circulation.<br \/>\nL\u2019utilisation du serveur de messagerie et des adresses e-mail du domaine pour envoyer en masse du courrier ind\u00e9sirable.<br \/>\nL\u2019utilisateur est pleinement responsable du contenu de son site Internet, des informations transmises et stock\u00e9es, des liens hypertextes, des r\u00e9clamations de tiers et des actions en justice en r\u00e9f\u00e9rence \u00e0 la propri\u00e9t\u00e9 intellectuelle, aux droits des tiers et \u00e0 la protection des mineurs.<\/p>\n<p>L\u2019utilisateur est responsable des lois et r\u00e9glementations en vigueur et des r\u00e8gles li\u00e9es au fonctionnement du service en ligne, au commerce \u00e9lectronique, au droit d\u2019auteur, au maintien de l\u2019ordre public, ainsi qu\u2019aux principes universels d\u2019utilisation d\u2019Internet.<\/p>\n<p>L\u2019utilisateur indemnisera Toroshopping, S.L. pour les d\u00e9penses g\u00e9n\u00e9r\u00e9es par l\u2019imputation de Toroshopping, S.L. en tout cas dont la responsabilit\u00e9 est imputable \u00e0 l\u2019utilisateur, y compris les frais et d\u00e9penses de d\u00e9fense juridique, m\u00eame en cas de d\u00e9cision judiciaire non d\u00e9finitive.<\/p>\n<h2>Protection Des Informations H\u00e9berg\u00e9es<\/h2>\n<p>Toroshopping, S.L. effectue des copies de sauvegarde du contenu h\u00e9berg\u00e9 sur ses serveurs, mais n\u2019est pas responsable de la perte ou de la suppression accidentelle de donn\u00e9es par les utilisateurs. De m\u00eame, il ne garantit pas le remplacement total des donn\u00e9es supprim\u00e9es par les utilisateurs, puisque lesdites donn\u00e9es pourraient avoir \u00e9t\u00e9 supprim\u00e9es et\/ou modifi\u00e9es pendant la p\u00e9riode de temps \u00e9coul\u00e9e depuis la derni\u00e8re copie de sauvegarde.<\/p>\n<p>Les services offerts, \u00e0 l\u2019exception des services de sauvegarde sp\u00e9cifiques, n\u2019incluent pas le remplacement du contenu conserv\u00e9 dans les copies de sauvegarde r\u00e9alis\u00e9es par Toroshopping, S.L., lorsque cette perte est imputable \u00e0 l\u2019utilisateur ; Dans ce cas, un tarif sera d\u00e9termin\u00e9 en fonction de la complexit\u00e9 et du volume de la r\u00e9cup\u00e9ration, toujours avec acceptation pr\u00e9alable de l\u2019utilisateur.<\/p>\n<p>Le remplacement des donn\u00e9es supprim\u00e9es n\u2019est inclus dans le prix du service que lorsque la perte du contenu est due \u00e0 des causes imputables \u00e0 Toroshopping, S.L.<\/p>\n<h2>Communications Commerciales<\/h2>\n<p>En application de la LSSI. Toroshopping, S.L. n\u2019enverra pas de publicit\u00e9s ou de communications promotionnelles par courrier \u00e9lectronique ou par tout autre moyen de communication \u00e9lectronique \u00e9quivalent qui n\u2019aura pas \u00e9t\u00e9 pr\u00e9alablement demand\u00e9 ou express\u00e9ment autoris\u00e9 par les destinataires de celles-ci.<\/p>\n<p>Dans le cas d\u2019utilisateurs avec lesquels il existe une relation contractuelle pr\u00e9alable, Toroshopping, S.L. Oui, vous \u00eates autoris\u00e9 \u00e0 envoyer des communications commerciales concernant les produits ou services de Toroshopping, S.L. qui sont similaires \u00e0 ceux initialement contract\u00e9s avec le client.<\/p>\n<p>Dans tous les cas, l\u2019utilisateur, apr\u00e8s avoir justifi\u00e9 de son identit\u00e9, pourra demander qu\u2019aucune information commerciale ne lui soit transmise via les canaux du Service Client.<\/p>\n<\/div><\/div><\/div><\/div><\/div><\/div><\/section>\n","protected":false},"excerpt":{"rendered":"PROTECTION DES DONN\u00c9ES PERSONNELLES SELON LE RGPD Toroshopping, S.L., en application de la r\u00e9glementation en vigueur sur la protection des donn\u00e9es personnelles, informe que les donn\u00e9es personnelles collect\u00e9es via les formulaires du site Web : https:\/\/plazadetorosdesantander.com, sont incluses dans les fichiers de processus automatis\u00e9s sp\u00e9cifiques pour les utilisateurs des services. de Toroshopping, S.L. Le but...","protected":false},"author":2,"featured_media":0,"parent":0,"menu_order":0,"comment_status":"closed","ping_status":"open","template":"","meta":{"footnotes":""},"class_list":["post-329","page","type-page","status-publish","hentry"],"yoast_head":"<!-- This site is optimized with the Yoast SEO plugin v27.4 - https:\/\/yoast.com\/product\/yoast-seo-wordpress\/ -->\n<title>Politique de confidentialit\u00e9 - Plaza Toros Santander<\/title>\n<meta name=\"robots\" content=\"noindex, follow\" \/>\n<meta property=\"og:locale\" content=\"fr_FR\" \/>\n<meta property=\"og:type\" content=\"article\" \/>\n<meta property=\"og:title\" content=\"Politique de confidentialit\u00e9 - Plaza Toros Santander\" \/>\n<meta property=\"og:url\" content=\"https:\/\/plazadetorosdesantander.com\/fr\/politique-de-confidentialite\/\" \/>\n<meta property=\"og:site_name\" content=\"Plaza Toros Santander\" \/>\n<meta property=\"article:modified_time\" content=\"2024-04-08T12:19:15+00:00\" \/>\n<meta name=\"twitter:card\" content=\"summary_large_image\" \/>\n<meta name=\"twitter:label1\" content=\"Dur\u00e9e de lecture estim\u00e9e\" \/>\n\t<meta name=\"twitter:data1\" content=\"7 minutes\" \/>\n<script type=\"application\/ld+json\" class=\"yoast-schema-graph\">{\"@context\":\"https:\\\/\\\/schema.org\",\"@graph\":[{\"@type\":\"WebPage\",\"@id\":\"https:\\\/\\\/plazadetorosdesantander.com\\\/fr\\\/politique-de-confidentialite\\\/\",\"url\":\"https:\\\/\\\/plazadetorosdesantander.com\\\/fr\\\/politique-de-confidentialite\\\/\",\"name\":\"Politique de confidentialit\u00e9 - Plaza Toros Santander\",\"isPartOf\":{\"@id\":\"https:\\\/\\\/plazadetorosdesantander.com\\\/fr\\\/#website\"},\"datePublished\":\"2024-03-27T10:37:54+00:00\",\"dateModified\":\"2024-04-08T12:19:15+00:00\",\"breadcrumb\":{\"@id\":\"https:\\\/\\\/plazadetorosdesantander.com\\\/fr\\\/politique-de-confidentialite\\\/#breadcrumb\"},\"inLanguage\":\"fr-FR\",\"potentialAction\":[{\"@type\":\"ReadAction\",\"target\":[\"https:\\\/\\\/plazadetorosdesantander.com\\\/fr\\\/politique-de-confidentialite\\\/\"]}]},{\"@type\":\"BreadcrumbList\",\"@id\":\"https:\\\/\\\/plazadetorosdesantander.com\\\/fr\\\/politique-de-confidentialite\\\/#breadcrumb\",\"itemListElement\":[{\"@type\":\"ListItem\",\"position\":1,\"name\":\"Portada\",\"item\":\"https:\\\/\\\/plazadetorosdesantander.com\\\/fr\\\/accueil\\\/\"},{\"@type\":\"ListItem\",\"position\":2,\"name\":\"Politique de confidentialit\u00e9\"}]},{\"@type\":\"WebSite\",\"@id\":\"https:\\\/\\\/plazadetorosdesantander.com\\\/fr\\\/#website\",\"url\":\"https:\\\/\\\/plazadetorosdesantander.com\\\/fr\\\/\",\"name\":\"Plaza Toros Santander\",\"description\":\"P\u00e1gina oficial Plaza de Toros Santander\",\"potentialAction\":[{\"@type\":\"SearchAction\",\"target\":{\"@type\":\"EntryPoint\",\"urlTemplate\":\"https:\\\/\\\/plazadetorosdesantander.com\\\/fr\\\/?s={search_term_string}\"},\"query-input\":{\"@type\":\"PropertyValueSpecification\",\"valueRequired\":true,\"valueName\":\"search_term_string\"}}],\"inLanguage\":\"fr-FR\"}]}<\/script>\n<!-- \/ Yoast SEO plugin. -->","yoast_head_json":{"title":"Politique de confidentialit\u00e9 - Plaza Toros Santander","robots":{"index":"noindex","follow":"follow"},"og_locale":"fr_FR","og_type":"article","og_title":"Politique de confidentialit\u00e9 - Plaza Toros Santander","og_url":"https:\/\/plazadetorosdesantander.com\/fr\/politique-de-confidentialite\/","og_site_name":"Plaza Toros Santander","article_modified_time":"2024-04-08T12:19:15+00:00","twitter_card":"summary_large_image","twitter_misc":{"Dur\u00e9e de lecture estim\u00e9e":"7 minutes"},"schema":{"@context":"https:\/\/schema.org","@graph":[{"@type":"WebPage","@id":"https:\/\/plazadetorosdesantander.com\/fr\/politique-de-confidentialite\/","url":"https:\/\/plazadetorosdesantander.com\/fr\/politique-de-confidentialite\/","name":"Politique de confidentialit\u00e9 - Plaza Toros Santander","isPartOf":{"@id":"https:\/\/plazadetorosdesantander.com\/fr\/#website"},"datePublished":"2024-03-27T10:37:54+00:00","dateModified":"2024-04-08T12:19:15+00:00","breadcrumb":{"@id":"https:\/\/plazadetorosdesantander.com\/fr\/politique-de-confidentialite\/#breadcrumb"},"inLanguage":"fr-FR","potentialAction":[{"@type":"ReadAction","target":["https:\/\/plazadetorosdesantander.com\/fr\/politique-de-confidentialite\/"]}]},{"@type":"BreadcrumbList","@id":"https:\/\/plazadetorosdesantander.com\/fr\/politique-de-confidentialite\/#breadcrumb","itemListElement":[{"@type":"ListItem","position":1,"name":"Portada","item":"https:\/\/plazadetorosdesantander.com\/fr\/accueil\/"},{"@type":"ListItem","position":2,"name":"Politique de confidentialit\u00e9"}]},{"@type":"WebSite","@id":"https:\/\/plazadetorosdesantander.com\/fr\/#website","url":"https:\/\/plazadetorosdesantander.com\/fr\/","name":"Plaza Toros Santander","description":"P\u00e1gina oficial Plaza de Toros Santander","potentialAction":[{"@type":"SearchAction","target":{"@type":"EntryPoint","urlTemplate":"https:\/\/plazadetorosdesantander.com\/fr\/?s={search_term_string}"},"query-input":{"@type":"PropertyValueSpecification","valueRequired":true,"valueName":"search_term_string"}}],"inLanguage":"fr-FR"}]}},"_links":{"self":[{"href":"https:\/\/plazadetorosdesantander.com\/fr\/wp-json\/wp\/v2\/pages\/329","targetHints":{"allow":["GET"]}}],"collection":[{"href":"https:\/\/plazadetorosdesantander.com\/fr\/wp-json\/wp\/v2\/pages"}],"about":[{"href":"https:\/\/plazadetorosdesantander.com\/fr\/wp-json\/wp\/v2\/types\/page"}],"author":[{"embeddable":true,"href":"https:\/\/plazadetorosdesantander.com\/fr\/wp-json\/wp\/v2\/users\/2"}],"replies":[{"embeddable":true,"href":"https:\/\/plazadetorosdesantander.com\/fr\/wp-json\/wp\/v2\/comments?post=329"}],"version-history":[{"count":2,"href":"https:\/\/plazadetorosdesantander.com\/fr\/wp-json\/wp\/v2\/pages\/329\/revisions"}],"predecessor-version":[{"id":333,"href":"https:\/\/plazadetorosdesantander.com\/fr\/wp-json\/wp\/v2\/pages\/329\/revisions\/333"}],"wp:attachment":[{"href":"https:\/\/plazadetorosdesantander.com\/fr\/wp-json\/wp\/v2\/media?parent=329"}],"curies":[{"name":"wp","href":"https:\/\/api.w.org\/{rel}","templated":true}]}}