{"id":3867,"date":"2024-08-28T07:56:09","date_gmt":"2024-08-28T07:56:09","guid":{"rendered":"https:\/\/plazadetorosdesantander.com\/magasin-de-tauromachie\/"},"modified":"2024-08-28T10:21:52","modified_gmt":"2024-08-28T10:21:52","slug":"magasin-de-tauromachie","status":"publish","type":"page","link":"https:\/\/plazadetorosdesantander.com\/fr\/magasin-de-tauromachie\/","title":{"rendered":"Magasin de tauromachie"},"content":{"rendered":"<section class=\"l-section wpb_row height_medium\"><div class=\"l-section-h i-cf\"><div class=\"g-cols vc_row via_grid cols_1 laptops-cols_inherit tablets-cols_inherit mobiles-cols_1 valign_top type_default stacking_default\"><div class=\"wpb_column vc_column_container\"><div class=\"vc_column-inner\"><div class=\"wpb_text_column\"><div class=\"wpb_wrapper\"><h1 style=\"text-align: center;\">Magasin taurin Santander<\/h1>\n<p style=\"text-align: center;\">Explorez nos cat\u00e9gories et d\u00e9couvrez d&rsquo;incroyables objets taurins<\/p>\n<\/div><\/div><div class=\"w-separator size_medium\"><\/div><div class=\"g-cols wpb_row via_grid cols_3 laptops-cols_inherit tablets-cols_inherit mobiles-cols_1 valign_top type_default stacking_default\" style=\"--columns-gap:3rem;\"><div class=\"wpb_column vc_column_container\"><div class=\"vc_column-inner\"><div class=\"w-image align_none\"><a target=\"_blank\" rel=\"nofollow\" href=\"https:\/\/www.toroshopping.com\/fr\/categorie-produit\/costumes-de-torero\/\" aria-label=\"acheter-un-costume-de-torero\" class=\"w-image-h\"><img decoding=\"async\" width=\"680\" height=\"910\" src=\"https:\/\/plazadetorosdesantander.com\/wp-content\/uploads\/2024\/08\/acheter-un-costume-de-torero.png\" class=\"attachment-full size-full\" alt=\"\" loading=\"lazy\" srcset=\"https:\/\/plazadetorosdesantander.com\/wp-content\/uploads\/2024\/08\/acheter-un-costume-de-torero.png 680w, https:\/\/plazadetorosdesantander.com\/wp-content\/uploads\/2024\/08\/acheter-un-costume-de-torero-224x300.png 224w, https:\/\/plazadetorosdesantander.com\/wp-content\/uploads\/2024\/08\/acheter-un-costume-de-torero-600x803.png 600w\" sizes=\"auto, (max-width: 680px) 100vw, 680px\" \/><\/a><\/div><\/div><\/div><div class=\"wpb_column vc_column_container\"><div class=\"vc_column-inner\"><div class=\"w-image align_none\"><a target=\"_blank\" rel=\"nofollow\" href=\"https:\/\/www.toroshopping.com\/fr\/categorie-produit\/accessoires-de-mode\/bijoux-taurins\/\" aria-label=\"bijoux-de-tauromachie\" class=\"w-image-h\"><img decoding=\"async\" width=\"680\" height=\"910\" src=\"https:\/\/plazadetorosdesantander.com\/wp-content\/uploads\/2024\/08\/bijoux-de-tauromachie.jpg\" class=\"attachment-full size-full\" alt=\"\" loading=\"lazy\" srcset=\"https:\/\/plazadetorosdesantander.com\/wp-content\/uploads\/2024\/08\/bijoux-de-tauromachie.jpg 680w, https:\/\/plazadetorosdesantander.com\/wp-content\/uploads\/2024\/08\/bijoux-de-tauromachie-224x300.jpg 224w, https:\/\/plazadetorosdesantander.com\/wp-content\/uploads\/2024\/08\/bijoux-de-tauromachie-600x803.jpg 600w\" sizes=\"auto, (max-width: 680px) 100vw, 680px\" \/><\/a><\/div><\/div><\/div><div class=\"wpb_column vc_column_container\"><div class=\"vc_column-inner\"><div class=\"w-image align_none\"><a target=\"_blank\" rel=\"nofollow\" href=\"https:\/\/www.toroshopping.com\/fr\/categorie-produit\/jouets-taurins\/\" aria-label=\"jouets-de-tauromachie\" class=\"w-image-h\"><img decoding=\"async\" width=\"680\" height=\"910\" src=\"https:\/\/plazadetorosdesantander.com\/wp-content\/uploads\/2024\/08\/jouets-de-tauromachie.jpg\" class=\"attachment-full size-full\" alt=\"\" loading=\"lazy\" srcset=\"https:\/\/plazadetorosdesantander.com\/wp-content\/uploads\/2024\/08\/jouets-de-tauromachie.jpg 680w, https:\/\/plazadetorosdesantander.com\/wp-content\/uploads\/2024\/08\/jouets-de-tauromachie-224x300.jpg 224w, https:\/\/plazadetorosdesantander.com\/wp-content\/uploads\/2024\/08\/jouets-de-tauromachie-600x803.jpg 600w\" sizes=\"auto, (max-width: 680px) 100vw, 680px\" \/><\/a><\/div><\/div><\/div><\/div><div class=\"w-separator size_medium\"><\/div><div class=\"g-cols wpb_row via_grid cols_3 laptops-cols_inherit tablets-cols_inherit mobiles-cols_1 valign_top type_default stacking_default\" style=\"--columns-gap:3rem;\"><div class=\"wpb_column vc_column_container\"><div class=\"vc_column-inner\"><div class=\"w-image align_none\"><a target=\"_blank\" rel=\"nofollow\" href=\"https:\/\/www.toroshopping.com\/fr\/categorie-produit\/decoration-taurine\/\" aria-label=\"decor-tauromachie\" class=\"w-image-h\"><img decoding=\"async\" width=\"680\" height=\"910\" src=\"https:\/\/plazadetorosdesantander.com\/wp-content\/uploads\/2024\/08\/decor-tauromachie.jpg\" class=\"attachment-full size-full\" alt=\"\" loading=\"lazy\" srcset=\"https:\/\/plazadetorosdesantander.com\/wp-content\/uploads\/2024\/08\/decor-tauromachie.jpg 680w, https:\/\/plazadetorosdesantander.com\/wp-content\/uploads\/2024\/08\/decor-tauromachie-224x300.jpg 224w, https:\/\/plazadetorosdesantander.com\/wp-content\/uploads\/2024\/08\/decor-tauromachie-600x803.jpg 600w\" sizes=\"auto, (max-width: 680px) 100vw, 680px\" \/><\/a><\/div><\/div><\/div><div class=\"wpb_column vc_column_container\"><div class=\"vc_column-inner\"><div class=\"w-image align_none\"><a target=\"_blank\" rel=\"nofollow\" href=\"https:\/\/www.toroshopping.com\/fr\/categorie-produit\/mode-taurine\/vestes\/\" aria-label=\"Vetements-et-complements-tauromachie\" class=\"w-image-h\"><img decoding=\"async\" width=\"680\" height=\"910\" src=\"https:\/\/plazadetorosdesantander.com\/wp-content\/uploads\/2024\/08\/Vetements-et-complements-tauromachie.jpg\" class=\"attachment-full size-full\" alt=\"\" loading=\"lazy\" srcset=\"https:\/\/plazadetorosdesantander.com\/wp-content\/uploads\/2024\/08\/Vetements-et-complements-tauromachie.jpg 680w, https:\/\/plazadetorosdesantander.com\/wp-content\/uploads\/2024\/08\/Vetements-et-complements-tauromachie-224x300.jpg 224w, https:\/\/plazadetorosdesantander.com\/wp-content\/uploads\/2024\/08\/Vetements-et-complements-tauromachie-600x803.jpg 600w\" sizes=\"auto, (max-width: 680px) 100vw, 680px\" \/><\/a><\/div><\/div><\/div><div class=\"wpb_column vc_column_container\"><div class=\"vc_column-inner\"><div class=\"w-image align_none\"><a target=\"_blank\" rel=\"nofollow\" href=\"https:\/\/www.toroshopping.com\/fr\/activites-taurines\/\" aria-label=\"activites-taurines\" class=\"w-image-h\"><img decoding=\"async\" width=\"680\" height=\"910\" src=\"https:\/\/plazadetorosdesantander.com\/wp-content\/uploads\/2024\/08\/activites-taurines.jpg\" class=\"attachment-full size-full\" alt=\"\" loading=\"lazy\" srcset=\"https:\/\/plazadetorosdesantander.com\/wp-content\/uploads\/2024\/08\/activites-taurines.jpg 680w, https:\/\/plazadetorosdesantander.com\/wp-content\/uploads\/2024\/08\/activites-taurines-224x300.jpg 224w, https:\/\/plazadetorosdesantander.com\/wp-content\/uploads\/2024\/08\/activites-taurines-600x803.jpg 600w\" sizes=\"auto, (max-width: 680px) 100vw, 680px\" \/><\/a><\/div><\/div><\/div><\/div><\/div><\/div><\/div><\/div><\/section><section class=\"l-section wpb_row height_medium\"><div class=\"l-section-h i-cf\"><div class=\"g-cols vc_row via_grid cols_1 laptops-cols_inherit tablets-cols_inherit mobiles-cols_1 valign_top type_default stacking_default\"><div class=\"wpb_column vc_column_container\"><div class=\"vc_column-inner\"><div class=\"wpb_text_column\"><div class=\"wpb_wrapper\"><h2><strong>Boutique taurine en ligne \u00e0 Santander : votre passion pour la tauromachie \u00e0 port\u00e9e de clic<\/strong><\/h2>\n<p>Dans notre boutique taurine en ligne \u00e0 Santander, nous transformons votre amour de la tauromachie en une exp\u00e9rience unique et authentique. Nous proposons une grande vari\u00e9t\u00e9 de produits taurins qui se distinguent par leur qualit\u00e9 et leur tradition, parfaits pour les amateurs de tauromachie. Des capes, b\u00e9quilles et costumes l\u00e9gers aux accessoires exclusifs, vous trouverez dans notre magasin tout ce dont vous avez besoin pour exp\u00e9rimenter et ressentir l&rsquo;art de la tauromachie.<\/p>\n<\/div><\/div><div class=\"w-separator size_large\"><\/div><div class=\"g-cols wpb_row via_grid cols_2 laptops-cols_inherit tablets-cols_inherit mobiles-cols_1 valign_top type_default stacking_default\" style=\"--columns-gap:3rem;\"><div class=\"wpb_column vc_column_container\"><div class=\"vc_column-inner\"><div class=\"w-tabs style_default switch_click accordion has_scrolling\" style=\"--sections-title-size:inherit\"><div class=\"w-tabs-sections titles-align_none icon_chevron cpos_right\"><div class=\"w-tabs-section\" id=\"j2f8\"><button class=\"w-tabs-section-header\" aria-controls=\"content-j2f8\" aria-expanded=\"false\"><div class=\"w-tabs-section-title\">Vari\u00e9t\u00e9 et exclusivit\u00e9 des produits taurins<\/div><div class=\"w-tabs-section-control\"><\/div><\/button><div  class=\"w-tabs-section-content\" id=\"content-j2f8\"><div class=\"w-tabs-section-content-h i-cf\"><div class=\"wpb_text_column\"><div class=\"wpb_wrapper\"><p>Dans notre boutique en ligne, nous sommes fiers de proposer des produits soigneusement s\u00e9lectionn\u00e9s qui repr\u00e9sentent l&rsquo;essence et la tradition de la tauromachie. Nous disposons d&rsquo;articles exclusifs, fabriqu\u00e9s par des artisans renomm\u00e9s, qui garantissent une qualit\u00e9 maximale dans les moindres d\u00e9tails. Ici, vous pouvez acheter des produits traditionnels et modernes, id\u00e9aux pour les collectionneurs, les fans ou pour ceux qui souhaitent se lancer dans le monde de la tauromachie.<\/p>\n<\/div><\/div><\/div><\/div><\/div><div class=\"w-tabs-section\" id=\"n438\"><button class=\"w-tabs-section-header\" aria-controls=\"content-n438\" aria-expanded=\"false\"><div class=\"w-tabs-section-title\">Votre magasin taurin de confiance \u00e0 Santander<\/div><div class=\"w-tabs-section-control\"><\/div><\/button><div  class=\"w-tabs-section-content\" id=\"content-n438\"><div class=\"w-tabs-section-content-h i-cf\"><div class=\"wpb_text_column\"><div class=\"wpb_wrapper\"><p>Nous savons que la passion de la tauromachie n&rsquo;a pas de fronti\u00e8res, c&rsquo;est pourquoi nous exp\u00e9dions dans toute l&rsquo;Espagne. Notre boutique taurine en ligne est devenue une r\u00e9f\u00e9rence \u00e0 Santander, gr\u00e2ce \u00e0 notre engagement envers la qualit\u00e9 et la satisfaction du client. Nous offrons une attention personnalis\u00e9e, garantissant que chaque achat soit une exp\u00e9rience agr\u00e9able et satisfaisante.<\/p>\n<\/div><\/div><\/div><\/div><\/div><\/div><\/div><\/div><\/div><div class=\"wpb_column vc_column_container\"><div class=\"vc_column-inner\"><div class=\"w-tabs style_default switch_click accordion has_scrolling\" style=\"--sections-title-size:inherit\"><div class=\"w-tabs-sections titles-align_none icon_chevron cpos_right\"><div class=\"w-tabs-section\" id=\"xc34\"><button class=\"w-tabs-section-header\" aria-controls=\"content-xc34\" aria-expanded=\"false\"><div class=\"w-tabs-section-title\">Pourquoi nous choisir pour acheter des produits taurins en ligne<\/div><div class=\"w-tabs-section-control\"><\/div><\/button><div  class=\"w-tabs-section-content\" id=\"content-xc34\"><div class=\"w-tabs-section-content-h i-cf\"><div class=\"wpb_text_column\"><div class=\"wpb_wrapper\"><ul>\n<li><strong>Qualit\u00e9 garantie : <\/strong>nous travaillons avec les meilleurs fabricants et artisans, garantissant que chaque produit est de la plus haute qualit\u00e9.<\/li>\n<li><strong>Catalogue complet :<\/strong> Des articles pour professionnels aux souvenirs taurins, nous avons tout ce dont vous avez besoin.<\/li>\n<li><strong>Achat s\u00e9curis\u00e9 et rapide : <\/strong>notre boutique en ligne est con\u00e7ue pour offrir une exp\u00e9rience d&rsquo;achat s\u00e9curis\u00e9e, avec des paiements fiables et une exp\u00e9dition rapide.<\/li>\n<li><strong>Service client personnalis\u00e9 :<\/strong> nous r\u00e9pondons \u00e0 toutes vos questions et vous aidons \u00e0 trouver le produit parfait.<\/li>\n<\/ul>\n<\/div><\/div><\/div><\/div><\/div><div class=\"w-tabs-section\" id=\"ld7d\"><button class=\"w-tabs-section-header\" aria-controls=\"content-ld7d\" aria-expanded=\"false\"><div class=\"w-tabs-section-title\">Explorez notre boutique taurine en ligne<\/div><div class=\"w-tabs-section-control\"><\/div><\/button><div  class=\"w-tabs-section-content\" id=\"content-ld7d\"><div class=\"w-tabs-section-content-h i-cf\"><div class=\"wpb_text_column\"><div class=\"wpb_wrapper\"><p>Visitez notre boutique taurine en ligne \u00e0 Santander et d\u00e9couvrez une s\u00e9lection in\u00e9gal\u00e9e de produits taurins qui vous rapprochent du monde de la tauromachie. Chaque pi\u00e8ce est une pi\u00e8ce unique qui refl\u00e8te la grandeur et la tradition de la corrida. N&rsquo;attendez plus, la passion taurine vous attend !<\/p>\n<\/div><\/div><\/div><\/div><\/div><\/div><\/div><\/div><\/div><\/div><\/div><\/div><\/div><\/div><\/section>\n","protected":false},"excerpt":{"rendered":"Magasin taurin Santander Explorez nos cat\u00e9gories et d\u00e9couvrez d&rsquo;incroyables objets taurins Boutique taurine en ligne \u00e0 Santander : votre passion pour la tauromachie \u00e0 port\u00e9e de clic Dans notre boutique taurine en ligne \u00e0 Santander, nous transformons votre amour de la tauromachie en une exp\u00e9rience unique et authentique. Nous proposons une grande vari\u00e9t\u00e9 de produits...","protected":false},"author":2,"featured_media":0,"parent":0,"menu_order":0,"comment_status":"closed","ping_status":"closed","template":"","meta":{"footnotes":""},"class_list":["post-3867","page","type-page","status-publish","hentry"],"yoast_head":"<!-- This site is optimized with the Yoast SEO plugin v27.4 - https:\/\/yoast.com\/product\/yoast-seo-wordpress\/ -->\n<title>Magasin Taurin Santander | Produits taurins<\/title>\n<meta name=\"description\" content=\"Boutique en ligne taurine de Santander sp\u00e9cialis\u00e9e dans tous types de produits taurins pour fans ou professionnels [Artesan\u00edas Taurinas]\" \/>\n<meta name=\"robots\" content=\"index, follow, max-snippet:-1, max-image-preview:large, max-video-preview:-1\" \/>\n<link rel=\"canonical\" href=\"https:\/\/plazadetorosdesantander.com\/fr\/magasin-de-tauromachie\/\" \/>\n<meta property=\"og:locale\" content=\"fr_FR\" \/>\n<meta property=\"og:type\" content=\"article\" \/>\n<meta property=\"og:title\" content=\"Magasin Taurin Santander | Produits taurins\" \/>\n<meta property=\"og:description\" content=\"Boutique en ligne taurine de Santander sp\u00e9cialis\u00e9e dans tous types de produits taurins pour fans ou professionnels [Artesan\u00edas Taurinas]\" \/>\n<meta property=\"og:url\" content=\"https:\/\/plazadetorosdesantander.com\/fr\/magasin-de-tauromachie\/\" \/>\n<meta property=\"og:site_name\" content=\"Plaza Toros Santander\" \/>\n<meta property=\"article:modified_time\" content=\"2024-08-28T10:21:52+00:00\" \/>\n<meta name=\"twitter:card\" content=\"summary_large_image\" \/>\n<meta name=\"twitter:label1\" content=\"Dur\u00e9e de lecture estim\u00e9e\" \/>\n\t<meta name=\"twitter:data1\" content=\"2 minutes\" \/>\n<script type=\"application\/ld+json\" class=\"yoast-schema-graph\">{\"@context\":\"https:\\\/\\\/schema.org\",\"@graph\":[{\"@type\":\"WebPage\",\"@id\":\"https:\\\/\\\/plazadetorosdesantander.com\\\/fr\\\/magasin-de-tauromachie\\\/\",\"url\":\"https:\\\/\\\/plazadetorosdesantander.com\\\/fr\\\/magasin-de-tauromachie\\\/\",\"name\":\"Magasin Taurin Santander | Produits taurins\",\"isPartOf\":{\"@id\":\"https:\\\/\\\/plazadetorosdesantander.com\\\/fr\\\/#website\"},\"datePublished\":\"2024-08-28T07:56:09+00:00\",\"dateModified\":\"2024-08-28T10:21:52+00:00\",\"description\":\"Boutique en ligne taurine de Santander sp\u00e9cialis\u00e9e dans tous types de produits taurins pour fans ou professionnels [Artesan\u00edas Taurinas]\",\"breadcrumb\":{\"@id\":\"https:\\\/\\\/plazadetorosdesantander.com\\\/fr\\\/magasin-de-tauromachie\\\/#breadcrumb\"},\"inLanguage\":\"fr-FR\",\"potentialAction\":[{\"@type\":\"ReadAction\",\"target\":[\"https:\\\/\\\/plazadetorosdesantander.com\\\/fr\\\/magasin-de-tauromachie\\\/\"]}]},{\"@type\":\"BreadcrumbList\",\"@id\":\"https:\\\/\\\/plazadetorosdesantander.com\\\/fr\\\/magasin-de-tauromachie\\\/#breadcrumb\",\"itemListElement\":[{\"@type\":\"ListItem\",\"position\":1,\"name\":\"Portada\",\"item\":\"https:\\\/\\\/plazadetorosdesantander.com\\\/fr\\\/accueil\\\/\"},{\"@type\":\"ListItem\",\"position\":2,\"name\":\"Magasin de tauromachie\"}]},{\"@type\":\"WebSite\",\"@id\":\"https:\\\/\\\/plazadetorosdesantander.com\\\/fr\\\/#website\",\"url\":\"https:\\\/\\\/plazadetorosdesantander.com\\\/fr\\\/\",\"name\":\"Plaza Toros Santander\",\"description\":\"P\u00e1gina oficial Plaza de Toros Santander\",\"potentialAction\":[{\"@type\":\"SearchAction\",\"target\":{\"@type\":\"EntryPoint\",\"urlTemplate\":\"https:\\\/\\\/plazadetorosdesantander.com\\\/fr\\\/?s={search_term_string}\"},\"query-input\":{\"@type\":\"PropertyValueSpecification\",\"valueRequired\":true,\"valueName\":\"search_term_string\"}}],\"inLanguage\":\"fr-FR\"}]}<\/script>\n<!-- \/ Yoast SEO plugin. -->","yoast_head_json":{"title":"Magasin Taurin Santander | Produits taurins","description":"Boutique en ligne taurine de Santander sp\u00e9cialis\u00e9e dans tous types de produits taurins pour fans ou professionnels [Artesan\u00edas Taurinas]","robots":{"index":"index","follow":"follow","max-snippet":"max-snippet:-1","max-image-preview":"max-image-preview:large","max-video-preview":"max-video-preview:-1"},"canonical":"https:\/\/plazadetorosdesantander.com\/fr\/magasin-de-tauromachie\/","og_locale":"fr_FR","og_type":"article","og_title":"Magasin Taurin Santander | Produits taurins","og_description":"Boutique en ligne taurine de Santander sp\u00e9cialis\u00e9e dans tous types de produits taurins pour fans ou professionnels [Artesan\u00edas Taurinas]","og_url":"https:\/\/plazadetorosdesantander.com\/fr\/magasin-de-tauromachie\/","og_site_name":"Plaza Toros Santander","article_modified_time":"2024-08-28T10:21:52+00:00","twitter_card":"summary_large_image","twitter_misc":{"Dur\u00e9e de lecture estim\u00e9e":"2 minutes"},"schema":{"@context":"https:\/\/schema.org","@graph":[{"@type":"WebPage","@id":"https:\/\/plazadetorosdesantander.com\/fr\/magasin-de-tauromachie\/","url":"https:\/\/plazadetorosdesantander.com\/fr\/magasin-de-tauromachie\/","name":"Magasin Taurin Santander | Produits taurins","isPartOf":{"@id":"https:\/\/plazadetorosdesantander.com\/fr\/#website"},"datePublished":"2024-08-28T07:56:09+00:00","dateModified":"2024-08-28T10:21:52+00:00","description":"Boutique en ligne taurine de Santander sp\u00e9cialis\u00e9e dans tous types de produits taurins pour fans ou professionnels [Artesan\u00edas Taurinas]","breadcrumb":{"@id":"https:\/\/plazadetorosdesantander.com\/fr\/magasin-de-tauromachie\/#breadcrumb"},"inLanguage":"fr-FR","potentialAction":[{"@type":"ReadAction","target":["https:\/\/plazadetorosdesantander.com\/fr\/magasin-de-tauromachie\/"]}]},{"@type":"BreadcrumbList","@id":"https:\/\/plazadetorosdesantander.com\/fr\/magasin-de-tauromachie\/#breadcrumb","itemListElement":[{"@type":"ListItem","position":1,"name":"Portada","item":"https:\/\/plazadetorosdesantander.com\/fr\/accueil\/"},{"@type":"ListItem","position":2,"name":"Magasin de tauromachie"}]},{"@type":"WebSite","@id":"https:\/\/plazadetorosdesantander.com\/fr\/#website","url":"https:\/\/plazadetorosdesantander.com\/fr\/","name":"Plaza Toros Santander","description":"P\u00e1gina oficial Plaza de Toros Santander","potentialAction":[{"@type":"SearchAction","target":{"@type":"EntryPoint","urlTemplate":"https:\/\/plazadetorosdesantander.com\/fr\/?s={search_term_string}"},"query-input":{"@type":"PropertyValueSpecification","valueRequired":true,"valueName":"search_term_string"}}],"inLanguage":"fr-FR"}]}},"_links":{"self":[{"href":"https:\/\/plazadetorosdesantander.com\/fr\/wp-json\/wp\/v2\/pages\/3867","targetHints":{"allow":["GET"]}}],"collection":[{"href":"https:\/\/plazadetorosdesantander.com\/fr\/wp-json\/wp\/v2\/pages"}],"about":[{"href":"https:\/\/plazadetorosdesantander.com\/fr\/wp-json\/wp\/v2\/types\/page"}],"author":[{"embeddable":true,"href":"https:\/\/plazadetorosdesantander.com\/fr\/wp-json\/wp\/v2\/users\/2"}],"replies":[{"embeddable":true,"href":"https:\/\/plazadetorosdesantander.com\/fr\/wp-json\/wp\/v2\/comments?post=3867"}],"version-history":[{"count":4,"href":"https:\/\/plazadetorosdesantander.com\/fr\/wp-json\/wp\/v2\/pages\/3867\/revisions"}],"predecessor-version":[{"id":3910,"href":"https:\/\/plazadetorosdesantander.com\/fr\/wp-json\/wp\/v2\/pages\/3867\/revisions\/3910"}],"wp:attachment":[{"href":"https:\/\/plazadetorosdesantander.com\/fr\/wp-json\/wp\/v2\/media?parent=3867"}],"curies":[{"name":"wp","href":"https:\/\/api.w.org\/{rel}","templated":true}]}}