{"id":578,"date":"2024-04-10T11:53:26","date_gmt":"2024-04-10T11:53:26","guid":{"rendered":"https:\/\/plazadetorosdesantander.com\/date-de-livraison-et-commissions\/"},"modified":"2024-05-22T11:19:25","modified_gmt":"2024-05-22T11:19:25","slug":"date-de-livraison-et-commissions","status":"publish","type":"page","link":"https:\/\/plazadetorosdesantander.com\/fr\/date-de-livraison-et-commissions\/","title":{"rendered":"Date de livraison, commissions et revient"},"content":{"rendered":"<section class=\"l-section wpb_row height_medium\"><div class=\"l-section-h i-cf\"><div class=\"g-cols vc_row via_grid cols_1 laptops-cols_inherit tablets-cols_inherit mobiles-cols_1 valign_top type_default stacking_default\"><div class=\"wpb_column vc_column_container\"><div class=\"vc_column-inner\"><div class=\"wpb_text_column\"><div class=\"wpb_wrapper\"><h1>Date de livraison et commissions<\/h1>\n<h3>Date de livraison:<\/h3>\n<p>Les billets seront envoy\u00e9s au format PDF par courrier \u00e9lectronique deux semaines avant l&rsquo;\u00e9v\u00e9nement taurin. Nous vous recommandons de v\u00e9rifier votre dossier spam.<\/p>\n<h3>Commissions de ventes<\/h3>\n<p>Les billets ont une commission d\u00e9j\u00e0 incluse de 10% de frais d&rsquo;\u00e9mission + 10% de commission de vente. Lors de l\u2019achat de votre billet, vous n\u2019aurez rien d\u2019autre \u00e0 payer.<\/p>\n<h3>Retour<\/h3>\n<div>\n<div>Admission sur place et, le cas \u00e9ch\u00e9ant, remboursement du montant conform\u00e9ment \u00e0 la l\u00e9gislation en vigueur. (Art. 70 RTA) est soumis \u00e0 la condition d&rsquo;avoir l&rsquo;inscription officielle, compl\u00e8te, int\u00e9grale et non manipul\u00e9e.<\/div>\n<\/div>\n<div><\/div>\n<div>\n<div>Le d\u00e9lai de remboursement du montant d\u00e9butera \u00e0 compter de l&rsquo;annonce de la suspension, du report ou de la modification et prendra fin 4 jours apr\u00e8s la date fix\u00e9e pour la c\u00e9l\u00e9bration du spectacle ou 1 heure avant le d\u00e9but du spectacle en cas de modification ( Art.70 RTA) .<\/div>\n<div><\/div>\n<div>Si le spectacle est suspendu pour des raisons non imputables \u00e0 la compagnie ou en raison d&rsquo;intemp\u00e9ries, d\u00e8s la sortie du premier taureau dans la piste, le spectateur n&rsquo;aura droit \u00e0 aucun remboursement (Art. 70 RTA).<\/div>\n<\/div>\n<\/div><\/div><div class=\"w-separator size_medium\"><\/div><div class=\"w-hwrapper valign_top align_none\"><div class=\"w-btn-wrapper align_none\"><a class=\"w-btn us-btn-style_1\" href=\"https:\/\/plazadetorosdesantander.com\/fr\/billets-de-corrida-santander\/\"><span class=\"w-btn-label\">Acheter des billets<\/span><\/a><\/div><div class=\"w-btn-wrapper align_none\"><a class=\"w-btn us-btn-style_1\" href=\"https:\/\/plazadetorosdesantander.com\/fr\/cart\/\"><span class=\"w-btn-label\">Aller au panier<\/span><\/a><\/div><\/div><\/div><\/div><\/div><\/div><\/section><section class=\"l-section wpb_row height_medium\"><div class=\"l-section-h i-cf\"><div class=\"g-cols vc_row via_grid cols_1 laptops-cols_inherit tablets-cols_inherit mobiles-cols_1 valign_top type_default stacking_default\"><div class=\"wpb_column vc_column_container\"><div class=\"vc_column-inner\"><\/div><\/div><\/div><\/div><\/section>\n","protected":false},"excerpt":{"rendered":"Date de livraison et commissions Date de livraison: Les billets seront envoy\u00e9s au format PDF par courrier \u00e9lectronique deux semaines avant l&rsquo;\u00e9v\u00e9nement taurin. Nous vous recommandons de v\u00e9rifier votre dossier spam. Commissions de ventes Les billets ont une commission d\u00e9j\u00e0 incluse de 10% de frais d&rsquo;\u00e9mission + 10% de commission de vente. Lors de l\u2019achat...","protected":false},"author":2,"featured_media":0,"parent":0,"menu_order":0,"comment_status":"closed","ping_status":"closed","template":"","meta":{"footnotes":""},"class_list":["post-578","page","type-page","status-publish","hentry"],"yoast_head":"<!-- This site is optimized with the Yoast SEO plugin v27.4 - https:\/\/yoast.com\/product\/yoast-seo-wordpress\/ -->\n<title>Date de livraison, commissions et revient - Plaza Toros Santander<\/title>\n<meta name=\"robots\" content=\"noindex, follow\" \/>\n<meta property=\"og:locale\" content=\"fr_FR\" \/>\n<meta property=\"og:type\" content=\"article\" \/>\n<meta property=\"og:title\" content=\"Date de livraison, commissions et revient - Plaza Toros Santander\" \/>\n<meta property=\"og:url\" content=\"https:\/\/plazadetorosdesantander.com\/fr\/date-de-livraison-et-commissions\/\" \/>\n<meta property=\"og:site_name\" content=\"Plaza Toros Santander\" \/>\n<meta property=\"article:modified_time\" content=\"2024-05-22T11:19:25+00:00\" \/>\n<meta name=\"twitter:card\" content=\"summary_large_image\" \/>\n<meta name=\"twitter:label1\" content=\"Dur\u00e9e de lecture estim\u00e9e\" \/>\n\t<meta name=\"twitter:data1\" content=\"1 minute\" \/>\n<script type=\"application\/ld+json\" class=\"yoast-schema-graph\">{\"@context\":\"https:\\\/\\\/schema.org\",\"@graph\":[{\"@type\":\"WebPage\",\"@id\":\"https:\\\/\\\/plazadetorosdesantander.com\\\/fr\\\/date-de-livraison-et-commissions\\\/\",\"url\":\"https:\\\/\\\/plazadetorosdesantander.com\\\/fr\\\/date-de-livraison-et-commissions\\\/\",\"name\":\"Date de livraison, commissions et revient - Plaza Toros Santander\",\"isPartOf\":{\"@id\":\"https:\\\/\\\/plazadetorosdesantander.com\\\/fr\\\/#website\"},\"datePublished\":\"2024-04-10T11:53:26+00:00\",\"dateModified\":\"2024-05-22T11:19:25+00:00\",\"breadcrumb\":{\"@id\":\"https:\\\/\\\/plazadetorosdesantander.com\\\/fr\\\/date-de-livraison-et-commissions\\\/#breadcrumb\"},\"inLanguage\":\"fr-FR\",\"potentialAction\":[{\"@type\":\"ReadAction\",\"target\":[\"https:\\\/\\\/plazadetorosdesantander.com\\\/fr\\\/date-de-livraison-et-commissions\\\/\"]}]},{\"@type\":\"BreadcrumbList\",\"@id\":\"https:\\\/\\\/plazadetorosdesantander.com\\\/fr\\\/date-de-livraison-et-commissions\\\/#breadcrumb\",\"itemListElement\":[{\"@type\":\"ListItem\",\"position\":1,\"name\":\"Portada\",\"item\":\"https:\\\/\\\/plazadetorosdesantander.com\\\/fr\\\/accueil\\\/\"},{\"@type\":\"ListItem\",\"position\":2,\"name\":\"Date de livraison, commissions et revient\"}]},{\"@type\":\"WebSite\",\"@id\":\"https:\\\/\\\/plazadetorosdesantander.com\\\/fr\\\/#website\",\"url\":\"https:\\\/\\\/plazadetorosdesantander.com\\\/fr\\\/\",\"name\":\"Plaza Toros Santander\",\"description\":\"P\u00e1gina oficial Plaza de Toros Santander\",\"potentialAction\":[{\"@type\":\"SearchAction\",\"target\":{\"@type\":\"EntryPoint\",\"urlTemplate\":\"https:\\\/\\\/plazadetorosdesantander.com\\\/fr\\\/?s={search_term_string}\"},\"query-input\":{\"@type\":\"PropertyValueSpecification\",\"valueRequired\":true,\"valueName\":\"search_term_string\"}}],\"inLanguage\":\"fr-FR\"}]}<\/script>\n<!-- \/ Yoast SEO plugin. -->","yoast_head_json":{"title":"Date de livraison, commissions et revient - Plaza Toros Santander","robots":{"index":"noindex","follow":"follow"},"og_locale":"fr_FR","og_type":"article","og_title":"Date de livraison, commissions et revient - Plaza Toros Santander","og_url":"https:\/\/plazadetorosdesantander.com\/fr\/date-de-livraison-et-commissions\/","og_site_name":"Plaza Toros Santander","article_modified_time":"2024-05-22T11:19:25+00:00","twitter_card":"summary_large_image","twitter_misc":{"Dur\u00e9e de lecture estim\u00e9e":"1 minute"},"schema":{"@context":"https:\/\/schema.org","@graph":[{"@type":"WebPage","@id":"https:\/\/plazadetorosdesantander.com\/fr\/date-de-livraison-et-commissions\/","url":"https:\/\/plazadetorosdesantander.com\/fr\/date-de-livraison-et-commissions\/","name":"Date de livraison, commissions et revient - Plaza Toros Santander","isPartOf":{"@id":"https:\/\/plazadetorosdesantander.com\/fr\/#website"},"datePublished":"2024-04-10T11:53:26+00:00","dateModified":"2024-05-22T11:19:25+00:00","breadcrumb":{"@id":"https:\/\/plazadetorosdesantander.com\/fr\/date-de-livraison-et-commissions\/#breadcrumb"},"inLanguage":"fr-FR","potentialAction":[{"@type":"ReadAction","target":["https:\/\/plazadetorosdesantander.com\/fr\/date-de-livraison-et-commissions\/"]}]},{"@type":"BreadcrumbList","@id":"https:\/\/plazadetorosdesantander.com\/fr\/date-de-livraison-et-commissions\/#breadcrumb","itemListElement":[{"@type":"ListItem","position":1,"name":"Portada","item":"https:\/\/plazadetorosdesantander.com\/fr\/accueil\/"},{"@type":"ListItem","position":2,"name":"Date de livraison, commissions et revient"}]},{"@type":"WebSite","@id":"https:\/\/plazadetorosdesantander.com\/fr\/#website","url":"https:\/\/plazadetorosdesantander.com\/fr\/","name":"Plaza Toros Santander","description":"P\u00e1gina oficial Plaza de Toros Santander","potentialAction":[{"@type":"SearchAction","target":{"@type":"EntryPoint","urlTemplate":"https:\/\/plazadetorosdesantander.com\/fr\/?s={search_term_string}"},"query-input":{"@type":"PropertyValueSpecification","valueRequired":true,"valueName":"search_term_string"}}],"inLanguage":"fr-FR"}]}},"_links":{"self":[{"href":"https:\/\/plazadetorosdesantander.com\/fr\/wp-json\/wp\/v2\/pages\/578","targetHints":{"allow":["GET"]}}],"collection":[{"href":"https:\/\/plazadetorosdesantander.com\/fr\/wp-json\/wp\/v2\/pages"}],"about":[{"href":"https:\/\/plazadetorosdesantander.com\/fr\/wp-json\/wp\/v2\/types\/page"}],"author":[{"embeddable":true,"href":"https:\/\/plazadetorosdesantander.com\/fr\/wp-json\/wp\/v2\/users\/2"}],"replies":[{"embeddable":true,"href":"https:\/\/plazadetorosdesantander.com\/fr\/wp-json\/wp\/v2\/comments?post=578"}],"version-history":[{"count":5,"href":"https:\/\/plazadetorosdesantander.com\/fr\/wp-json\/wp\/v2\/pages\/578\/revisions"}],"predecessor-version":[{"id":1969,"href":"https:\/\/plazadetorosdesantander.com\/fr\/wp-json\/wp\/v2\/pages\/578\/revisions\/1969"}],"wp:attachment":[{"href":"https:\/\/plazadetorosdesantander.com\/fr\/wp-json\/wp\/v2\/media?parent=578"}],"curies":[{"name":"wp","href":"https:\/\/api.w.org\/{rel}","templated":true}]}}